{"id":1119,"date":"2018-12-13T12:11:21","date_gmt":"2018-12-13T12:11:21","guid":{"rendered":"http:\/\/www.sovedis.com\/?page_id=1119"},"modified":"2018-12-13T12:11:21","modified_gmt":"2018-12-13T12:11:21","slug":"terramoka","status":"publish","type":"page","link":"https:\/\/www.sovedis.pro\/index.php\/marques\/terramoka\/","title":{"rendered":"Terramoka"},"content":{"rendered":"<p>[vc_row full_width=&#8221;stretch_row_content_no_spaces&#8221;][vc_column][vc_raw_html css=&#8221;.vc_custom_1544702899365{border-bottom-width: 1px !important;border-bottom-color: #d3d3d3 !important;border-bottom-style: solid !important;}&#8221;]JTNDc2VjdGlvbiUyMGNsYXNzJTNEJTIyc3NtZW51JTIyJTNFJTBBJTNDZGl2JTIwY2xhc3MlM0QlMjJjb250YWluZXIlMjIlM0UlMEElM0N1bCUzRSUwQSUyMCUwOSUzQ2xpJTNFJTNDYSUyMGNsYXNzJTNEJTIyYWN0aXZlJTIyJTIwdGl0bGUlM0QlMjIlMjIlMjBocmVmJTNEJTIyJTJGbWFycXVlcyUyRmxhdmF6emEtYmx1ZSUyRiUyMiUzRUxhdmF6emElMjBibHVlJTNDJTJGYSUzRSUzQyUyRmxpJTNFJTBBJTIwJTA5JTNDbGklM0UlM0NhJTIwdGl0bGUlM0QlMjIlMjIlMjBocmVmJTNEJTIyJTJGbWFycXVlcyUyRm5lY3RhJTJGJTIyJTNFbmVjdGElM0MlMkZhJTNFJTNDJTJGbGklM0UlMEElMjAlMDklM0NsaSUzRSUzQ2ElMjAlMjB0aXRsZSUzRCUyMiUyMiUyMGhyZWYlM0QlMjIlMkZtYXJxdWVzJTJGc2FlY28lMkYlMjIlM0VzYWVjbyUzQyUyRmElM0UlM0MlMkZsaSUzRSUwQSUyMCUwOSUzQ2xpJTNFJTNDYSUyMHRpdGxlJTNEJTIyJTIyJTIwaHJlZiUzRCUyMiUyRm1hcnF1ZXMlMkZtaXN0cmFsJTJGJTIyJTNFbWlzdHJhbCUzQyUyRmElM0UlM0MlMkZsaSUzRSUwQSUyMCUyMCUyMCUyMCUyMCUyMCUyMCUyMCUzQ2xpJTNFJTNDYSUyMHRpdGxlJTNEJTIyJTIyJTIwaHJlZiUzRCUyMiUyRm1hcnF1ZXMlMkZqb2ZlbWFyJTJGJTIyJTNFam9mZW1hciUzQyUyRmElM0UlM0MlMkZsaSUzRSUwQSUyMCUwOSUzQ2xpJTNFJTNDYSUyMGNsYXNzJTNEJTIyYWN0aXZlJTIyJTIwdGl0bGUlM0QlMjIlMjIlMjBocmVmJTNEJTIyJTJGbWFycXVlcyUyRnRlcnJhbW9rYSUyRiUyMiUzRVRlcnJhbW9rYSUzQyUyRmElM0UlM0MlMkZsaSUzRSUwQSUzQyUyRnVsJTNFJTBBJTNDJTJGZGl2JTNFJTBBJTNDJTJGc2VjdGlvbiUzRQ==[\/vc_raw_html][\/vc_column][\/vc_row][vc_row][vc_column][vc_row_inner gap=&#8221;35&#8243;][vc_column_inner width=&#8221;1\/4&#8243; css=&#8221;.vc_custom_1545393370013{margin-right: 3% !important;}&#8221;][vc_column_text]<\/p>\n<h1 style=\"text-align: left; font-size: 50px;\">TERRAMOKA<\/h1>\n<p><a href=\"#1\"><strong>Pourquoi TERRAMOKA ?<\/strong><\/a><\/p>\n<p><a href=\"#2\"><strong>TERRAMOKA, quels produits ?<\/strong><\/a><\/p>\n<p><a href=\"#3\"><strong>SOVEDIS engag\u00e9 depuis toujours<\/strong><\/a>[\/vc_column_text][\/vc_column_inner][vc_column_inner width=&#8221;3\/4&#8243; css=&#8221;.vc_custom_1545393284528{margin-left: 3% !important;}&#8221;][vc_column_text]<\/p>\n<h2 style=\"text-align: center;\">POURQUOI TERRAMOKA ?<\/h2>\n<p style=\"text-align: center;\"><strong>Sovedis<\/strong> engag\u00e9 depuis 35 ans s\u2019est rapproch\u00e9 naturellement de <strong>Terramoka<\/strong>\u00a0 pour vous proposer des caf\u00e9s non seulement excellents\u00a0 mais aussi responsables : une v\u00e9ritable r\u00e9f\u00e9rence !<\/p>\n<p>&nbsp;<\/p>\n<p><img decoding=\"async\" class=\"aligncenter wp-image-1143 size-full\" src=\"http:\/\/www.sovedis.pro\/wp-content\/uploads\/2018\/12\/Capsule-SEULE-100.jpg\" alt=\"Capsule Terramoka 100% bio-d\u00e9gradable\" width=\"100\" height=\"97\" \/><\/p>\n<p style=\"text-align: center;\"><strong><span style=\"color: #99cc00; font-size: 20px;\">Capsules 100% BIO<\/span><\/strong><br \/>\n<strong><span style=\"color: #99cc00; font-size: 20px;\">Compatible Nespresso*<\/span><\/strong>[\/vc_column_text][vc_empty_space][vc_single_image image=&#8221;1151&#8243; img_size=&#8221;full&#8221;][vc_column_text]<\/p>\n<div id=\"2\" style=\"padding-top: 7%;\">\n<h2 style=\"text-align: center;\">TERRAMOKA, QUELS PRODUITS ?<\/h2>\n<\/div>\n<p style=\"text-align: center;\">Toute une gamme pour distributeur ou pour la machine type <strong>Nespresso<\/strong> de votre bureau.<\/p>\n<p style=\"text-align: center;\"><strong>Des capsules et des caf\u00e9s en grains 100% arabica et 100% bio<\/strong><\/p>\n<p>&nbsp;<\/p>\n<h4 style=\"text-align: center;\"><span class=\"m_-7544908365737882970gmail-m_-5357729581081153088a-size-large\">Capsules biod\u00e9gradables de caf\u00e9 bio x15 :<br \/>\n<\/span><\/h4>\n<p>[\/vc_column_text][\/vc_column_inner][\/vc_row_inner][vc_row_inner css=&#8221;.vc_custom_1546516641159{margin-left: 20% !important;}&#8221;][vc_column_inner width=&#8221;1\/5&#8243;][vc_single_image image=&#8221;1296&#8243; img_size=&#8221;large&#8221; alignment=&#8221;center&#8221; onclick=&#8221;custom_link&#8221; img_link_target=&#8221;_blank&#8221; link=&#8221;https:\/\/www.amazon.fr\/Capsules-biod%C3%A9gradables-caf%C3%A9-bio-ADELE\/dp\/B077NPDM6C\/ref=sr_1_3?m=A20FJKCFATTQ0C&#038;s=merchant-items&#038;ie=UTF8&#038;qid=1545921857&#038;sr=1-3&#8243;][\/vc_column_inner][vc_column_inner width=&#8221;1\/5&#8243;][vc_single_image image=&#8221;1203&#8243; img_size=&#8221;large&#8221; alignment=&#8221;center&#8221; onclick=&#8221;custom_link&#8221; img_link_target=&#8221;_blank&#8221; link=&#8221;https:\/\/www.amazon.fr\/Capsules-biod%C3%A9gradables-caf%C3%A9-bio-ALBERT\/dp\/B077NPM46Q\/ref=sr_1_4?m=A20FJKCFATTQ0C&amp;s=merchant-items&amp;ie=UTF8&amp;qid=1545921857&amp;sr=1-4&#8243;][\/vc_column_inner][vc_column_inner width=&#8221;1\/5&#8243;][vc_single_image image=&#8221;1204&#8243; img_size=&#8221;large&#8221; alignment=&#8221;center&#8221; onclick=&#8221;custom_link&#8221; img_link_target=&#8221;_blank&#8221; link=&#8221;https:\/\/www.amazon.fr\/Capsules-biod%C3%A9gradables-caf%C3%A9-bio-ARTHUR\/dp\/B077NQGLRP\/ref=sr_1_2?m=A20FJKCFATTQ0C&amp;s=merchant-items&amp;ie=UTF8&amp;qid=1545921857&amp;sr=1-2&#8243;][\/vc_column_inner][vc_column_inner width=&#8221;1\/5&#8243;][vc_single_image image=&#8221;1205&#8243; img_size=&#8221;large&#8221; alignment=&#8221;center&#8221; onclick=&#8221;custom_link&#8221; img_link_target=&#8221;_blank&#8221; link=&#8221;https:\/\/www.amazon.fr\/Caf%C3%A9-capsules-100pourcent-Arabica-dEthiopie\/dp\/B07DH9CHNH\/ref=sr_1_1?m=A20FJKCFATTQ0C&amp;s=merchant-items&amp;ie=UTF8&amp;qid=1545921857&amp;sr=1-1&#8243;][\/vc_column_inner][vc_column_inner width=&#8221;1\/5&#8243;][vc_single_image image=&#8221;1206&#8243; img_size=&#8221;large&#8221; alignment=&#8221;center&#8221; onclick=&#8221;custom_link&#8221; img_link_target=&#8221;_blank&#8221; link=&#8221;https:\/\/www.amazon.fr\/Capsules-biod%C3%A9gradables-caf%C3%A9-NELSON-d%C3%A9ca\/dp\/B077NNXMP2\/ref=sr_1_5?m=A20FJKCFATTQ0C&amp;s=merchant-items&amp;ie=UTF8&amp;qid=1545921857&amp;sr=1-5&#8243;][\/vc_column_inner][\/vc_row_inner][vc_row_inner css=&#8221;.vc_custom_1546518668676{margin-bottom: 3% !important;}&#8221;][vc_column_inner width=&#8221;1\/4&#8243;][\/vc_column_inner][vc_column_inner width=&#8221;3\/4&#8243;][vc_column_text]<\/p>\n<h4 style=\"text-align: center;\">Capsules de caf\u00e9 bio biod\u00e9gradables compatible Nespresso<sup>\u00ae<\/sup> X10 :<\/h4>\n<p>[\/vc_column_text][\/vc_column_inner][\/vc_row_inner][vc_row_inner css=&#8221;.vc_custom_1546516641159{margin-left: 20% !important;}&#8221;][vc_column_inner width=&#8221;1\/5&#8243;][vc_single_image image=&#8221;1211&#8243; img_size=&#8221;100&#215;200&#8243; alignment=&#8221;center&#8221; onclick=&#8221;custom_link&#8221; img_link_target=&#8221;_blank&#8221; link=&#8221;https:\/\/www.amazon.fr\/Capsules-MEXIQUE-biod%C3%A9gradables-compatible-Nespresso%C2%AE\/dp\/B07MNTD5ZN\/ref=sr_1_6?m=A20FJKCFATTQ0C&amp;s=merchant-items&amp;ie=UTF8&amp;qid=1545921857&amp;sr=1-6&#8243;][\/vc_column_inner][vc_column_inner width=&#8221;1\/5&#8243;][vc_single_image image=&#8221;1212&#8243; img_size=&#8221;100&#215;200&#8243; alignment=&#8221;center&#8221; onclick=&#8221;custom_link&#8221; img_link_target=&#8221;_blank&#8221; link=&#8221;https:\/\/www.amazon.fr\/Capsules-BRESIL-biod%C3%A9gradables-compatible-Nespresso%C2%AE\/dp\/B07MKL59QK\/ref=sr_1_7?m=A20FJKCFATTQ0C&amp;s=merchant-items&amp;ie=UTF8&amp;qid=1545921857&amp;sr=1-7&#8243;][\/vc_column_inner][vc_column_inner width=&#8221;1\/5&#8243;][vc_single_image image=&#8221;1213&#8243; img_size=&#8221;100&#215;200&#8243; alignment=&#8221;center&#8221; onclick=&#8221;custom_link&#8221; img_link_target=&#8221;_blank&#8221; link=&#8221;https:\/\/www.amazon.fr\/Capsules-HONDURAS-biod%C3%A9gradables-compatible-Nespresso%C2%AE\/dp\/B07MGZ1588\/ref=sr_1_8?m=A20FJKCFATTQ0C&amp;s=merchant-items&amp;ie=UTF8&amp;qid=1545921857&amp;sr=1-8&#8243;][\/vc_column_inner][vc_column_inner width=&#8221;1\/5&#8243;][vc_single_image image=&#8221;1214&#8243; img_size=&#8221;100&#215;200&#8243; alignment=&#8221;center&#8221; onclick=&#8221;custom_link&#8221; img_link_target=&#8221;_blank&#8221; link=&#8221;https:\/\/www.amazon.fr\/Capsules-PEROU-biod%C3%A9gradables-compatible-Nespresso%C2%AE\/dp\/B07MDCPZRX\/ref=sr_1_9?m=A20FJKCFATTQ0C&amp;s=merchant-items&amp;ie=UTF8&amp;qid=1545921857&amp;sr=1-9&#8243;][\/vc_column_inner][vc_column_inner width=&#8221;1\/5&#8243;][vc_single_image image=&#8221;1215&#8243; img_size=&#8221;100&#215;200&#8243; alignment=&#8221;center&#8221; onclick=&#8221;custom_link&#8221; img_link_target=&#8221;_blank&#8221; link=&#8221;https:\/\/www.amazon.fr\/Capsules-dETHIOPIE-biod%C3%A9gradables-compatible-Nespresso%C2%AE\/dp\/B07M9RZPK2\/ref=sr_1_10?m=A20FJKCFATTQ0C&amp;s=merchant-items&amp;ie=UTF8&amp;qid=1545921857&amp;sr=1-10&#8243;][\/vc_column_inner][\/vc_row_inner][vc_row_inner css=&#8221;.vc_custom_1546518356727{margin-bottom: 10% !important;}&#8221;][vc_column_inner width=&#8221;1\/4&#8243; css=&#8221;.vc_custom_1546517995346{margin-top: 20% !important;}&#8221;][vc_column_text css=&#8221;.vc_custom_1546518445680{margin-top: 50% !important;}&#8221;]<\/p>\n<div class=\"demande-devis\"><a title=\"Demandez un devis\" href=\"\/contact\/\">Demandez<br \/>\nun devis<\/a><\/div>\n<p>[\/vc_column_text][\/vc_column_inner][vc_column_inner width=&#8221;3\/4&#8243;][vc_column_text]<\/p>\n<div id=\"3\" style=\"padding-top: 7%;\">\n<h2 style=\"text-align: center;\">SOVEDIS ENGAG\u00c9 DEPUIS TOUJOURS<\/h2>\n<\/div>\n<p style=\"text-align: center;\"><strong>Sovedis<\/strong> c\u2019est 35 ans d\u2019exp\u00e9rience dans le service aupr\u00e8s des entreprises des petites aux plus grandes. <strong>Sovedis<\/strong>, un partenaire qui vous apporte des moments de bonne humeur pour rebondir tout au long de la journ\u00e9e.<\/p>\n<p>[\/vc_column_text][vc_single_image image=&#8221;1158&#8243; img_size=&#8221;400&#215;181&#8243; alignment=&#8221;center&#8221;][vc_column_text]<\/p>\n<ul>\n<li>Avec <strong>Sovedis<\/strong> la livraison de vos produits se fait en v\u00e9hicule \u00e9lectrique : une fa\u00e7on concr\u00e8te de s\u2019engager pour l\u2019environnement<\/li>\n<li><strong>Sovedis<\/strong> fait partie du <a href=\"\/proxi-pause\/\"><strong>r\u00e9seau Proxi Pause<\/strong><\/a> qui garantie une offre produits sans allerg\u00e8ne alimentaire majeur et limit\u00e9s en acides gras satur\u00e9s<\/li>\n<li><strong>Sovedis<\/strong> commercialise des caf\u00e9s \u00e9labor\u00e9s dans des torr\u00e9factions \u00e9co-environnentales<\/li>\n<\/ul>\n<p>[\/vc_column_text][\/vc_column_inner][\/vc_row_inner][\/vc_column][\/vc_row][vc_row full_width=&#8221;stretch_row_content_no_spaces&#8221; content_placement=&#8221;top&#8221; css=&#8221;.vc_custom_1537894351896{background-color: #e0e0e0 !important;}&#8221;][vc_column][vc_row_inner content_placement=&#8221;top&#8221; css=&#8221;.vc_custom_1536853698790{margin-top: 0px !important;padding-top: 0px !important;}&#8221;][vc_column_inner width=&#8221;1\/6&#8243;][vc_column_text css=&#8221;.vc_custom_1537894429448{margin-left: 10% !important;}&#8221;]<\/p>\n<div style=\"text-align: left; font-family: PT Sans Narrow; font-size: 29px; font-weight: 600; color: #425059!important; line-height: 32px!important;\">5 BONNES RAISONS<br \/>\nDE COMMANDER<\/div>\n<p>[\/vc_column_text][\/vc_column_inner][vc_column_inner width=&#8221;1\/6&#8243;][vc_column_text css=&#8221;.vc_custom_1536855052664{border-right-width: 1px !important;border-right-color: #425059 !important;border-right-style: solid !important;}&#8221;]<\/p>\n<div style=\"text-align: center; font-family: PT Sans Narrow; font-size: 19px; font-weight: 600;\">GESTIONNAIRE DEPUIS<br \/>\n<span style=\"font-size: 50px; line-height: 50px;\">1981<\/span><\/div>\n<p>[\/vc_column_text][\/vc_column_inner][vc_column_inner width=&#8221;1\/6&#8243;][vc_column_text css=&#8221;.vc_custom_1536855061742{border-right-width: 1px !important;border-right-color: #425059 !important;border-right-style: solid !important;}&#8221;]<\/p>\n<div style=\"text-align: center; font-family: PT Sans Narrow; font-size: 19px; font-weight: 600;\">LIVRAISON SOUS<br \/>\n<span style=\"font-size: 50px; line-height: 50px;\">24h<\/span><\/div>\n<p>[\/vc_column_text][\/vc_column_inner][vc_column_inner width=&#8221;1\/6&#8243;][vc_column_text css=&#8221;.vc_custom_1536855069625{border-right-width: 1px !important;border-right-color: #425059 !important;border-right-style: solid !important;}&#8221;]<\/p>\n<div style=\"text-align: center; font-family: PT Sans Narrow; font-size: 19px; font-weight: 600;\">D\u00c9PANNAGE SOUS<br \/>\n<span style=\"font-size: 50px; line-height: 50px;\">24h<\/span><\/div>\n<p>[\/vc_column_text][\/vc_column_inner][vc_column_inner width=&#8221;1\/6&#8243;][vc_column_text css=&#8221;.vc_custom_1536855077450{border-right-width: 1px !important;border-right-color: #425059 !important;border-right-style: solid !important;}&#8221;]<\/p>\n<div style=\"text-align: center; font-family: PT Sans Narrow; font-size: 19px; font-weight: 600;\">INSTALLATION<br \/>\n<span style=\"font-size: 50px; line-height: 50px;\">Gratuite<\/span><\/div>\n<p>[\/vc_column_text][\/vc_column_inner][vc_column_inner width=&#8221;1\/6&#8243;][vc_column_text]<\/p>\n<div style=\"text-align: center; font-family: PT Sans Narrow; font-size: 19px; font-weight: 600;\">FORMATION<br \/>\n<span style=\"font-size: 50px; line-height: 50px;\">Offerte<\/span><\/div>\n<p>[\/vc_column_text][\/vc_column_inner][\/vc_row_inner][\/vc_column][\/vc_row]<\/p>\n","protected":false},"excerpt":{"rendered":"<p>[vc_row full_width=&#8221;stretch_row_content_no_spaces&#8221;][vc_column][vc_raw_html css=&#8221;.vc_custom_1544702899365{border-bottom-width: 1px !important;border-bottom-color: #d3d3d3 !important;border-bottom-style: solid !important;}&#8221;]JTNDc2VjdGlvbiUyMGNsYXNzJTNEJTIyc3NtZW51JTIyJTNFJTBBJTNDZGl2JTIwY2xhc3MlM0QlMjJjb250YWluZXIlMjIlM0UlMEElM0N1bCUzRSUwQSUyMCUwOSUzQ2xpJTNFJTNDYSUyMGNsYXNzJTNEJTIyYWN0aXZlJTIyJTIwdGl0bGUlM0QlMjIlMjIlMjBocmVmJTNEJTIyJTJGbWFycXVlcyUyRmxhdmF6emEtYmx1ZSUyRiUyMiUzRUxhdmF6emElMjBibHVlJTNDJTJGYSUzRSUzQyUyRmxpJTNFJTBBJTIwJTA5JTNDbGklM0UlM0NhJTIwdGl0bGUlM0QlMjIlMjIlMjBocmVmJTNEJTIyJTJGbWFycXVlcyUyRm5lY3RhJTJGJTIyJTNFbmVjdGElM0MlMkZhJTNFJTNDJTJGbGklM0UlMEElMjAlMDklM0NsaSUzRSUzQ2ElMjAlMjB0aXRsZSUzRCUyMiUyMiUyMGhyZWYlM0QlMjIlMkZtYXJxdWVzJTJGc2FlY28lMkYlMjIlM0VzYWVjbyUzQyUyRmElM0UlM0MlMkZsaSUzRSUwQSUyMCUwOSUzQ2xpJTNFJTNDYSUyMHRpdGxlJTNEJTIyJTIyJTIwaHJlZiUzRCUyMiUyRm1hcnF1ZXMlMkZtaXN0cmFsJTJGJTIyJTNFbWlzdHJhbCUzQyUyRmElM0UlM0MlMkZsaSUzRSUwQSUyMCUyMCUyMCUyMCUyMCUyMCUyMCUyMCUzQ2xpJTNFJTNDYSUyMHRpdGxlJTNEJTIyJTIyJTIwaHJlZiUzRCUyMiUyRm1hcnF1ZXMlMkZqb2ZlbWFyJTJGJTIyJTNFam9mZW1hciUzQyUyRmElM0UlM0MlMkZsaSUzRSUwQSUyMCUwOSUzQ2xpJTNFJTNDYSUyMGNsYXNzJTNEJTIyYWN0aXZlJTIyJTIwdGl0bGUlM0QlMjIlMjIlMjBocmVmJTNEJTIyJTJGbWFycXVlcyUyRnRlcnJhbW9rYSUyRiUyMiUzRVRlcnJhbW9rYSUzQyUyRmElM0UlM0MlMkZsaSUzRSUwQSUzQyUyRnVsJTNFJTBBJTNDJTJGZGl2JTNFJTBBJTNDJTJGc2VjdGlvbiUzRQ==[\/vc_raw_html][\/vc_column][\/vc_row][vc_row][vc_column][vc_row_inner gap=&#8221;35&#8243;][vc_column_inner width=&#8221;1\/4&#8243; css=&#8221;.vc_custom_1545393370013{margin-right: 3% !important;}&#8221;][vc_column_text] TERRAMOKA Pourquoi TERRAMOKA ? TERRAMOKA, quels produits ? SOVEDIS engag\u00e9 depuis toujours[\/vc_column_text][\/vc_column_inner][vc_column_inner width=&#8221;3\/4&#8243; css=&#8221;.vc_custom_1545393284528{margin-left: 3% !important;}&#8221;][vc_column_text] POURQUOI TERRAMOKA ? Sovedis engag\u00e9 depuis 35 ans s\u2019est rapproch\u00e9 naturellement de Terramoka\u00a0 pour vous proposer des caf\u00e9s non seulement excellents\u00a0 mais aussi responsables : [&hellip;]<\/p>\n","protected":false},"author":1,"featured_media":0,"parent":221,"menu_order":0,"comment_status":"closed","ping_status":"closed","template":"","meta":{"_et_pb_use_builder":"","_et_pb_old_content":"","_et_gb_content_width":"","footnotes":""},"class_list":["post-1119","page","type-page","status-publish","hentry"],"_links":{"self":[{"href":"https:\/\/www.sovedis.pro\/index.php\/wp-json\/wp\/v2\/pages\/1119","targetHints":{"allow":["GET"]}}],"collection":[{"href":"https:\/\/www.sovedis.pro\/index.php\/wp-json\/wp\/v2\/pages"}],"about":[{"href":"https:\/\/www.sovedis.pro\/index.php\/wp-json\/wp\/v2\/types\/page"}],"author":[{"embeddable":true,"href":"https:\/\/www.sovedis.pro\/index.php\/wp-json\/wp\/v2\/users\/1"}],"replies":[{"embeddable":true,"href":"https:\/\/www.sovedis.pro\/index.php\/wp-json\/wp\/v2\/comments?post=1119"}],"version-history":[{"count":0,"href":"https:\/\/www.sovedis.pro\/index.php\/wp-json\/wp\/v2\/pages\/1119\/revisions"}],"up":[{"embeddable":true,"href":"https:\/\/www.sovedis.pro\/index.php\/wp-json\/wp\/v2\/pages\/221"}],"wp:attachment":[{"href":"https:\/\/www.sovedis.pro\/index.php\/wp-json\/wp\/v2\/media?parent=1119"}],"curies":[{"name":"wp","href":"https:\/\/api.w.org\/{rel}","templated":true}]}}