{"id":1226,"date":"2019-01-03T13:29:50","date_gmt":"2019-01-03T13:29:50","guid":{"rendered":"http:\/\/www.sovedis.com\/?page_id=1226"},"modified":"2019-01-03T13:29:50","modified_gmt":"2019-01-03T13:29:50","slug":"mentions-legales","status":"publish","type":"page","link":"https:\/\/www.sovedis.pro\/index.php\/mentions-legales\/","title":{"rendered":"Mentions l\u00e9gales"},"content":{"rendered":"<p>[vc_row css=&#8221;.vc_custom_1546539892172{margin-top: 5% !important;margin-bottom: 5% !important;}&#8221;][vc_column][vc_column_text]<\/p>\n<h1>MENTIONS L\u00c9GALES<\/h1>\n<p style=\"text-align: left;\"><strong>Propri\u00e9t\u00e9\u00a0:<\/strong><br \/>\nLe pr\u00e9sent site est la propri\u00e9t\u00e9 de la <strong>soci\u00e9t\u00e9 SOVEDIS SAS<\/strong> au capital de 37.500 euros, inscrite au registre du commerce et des soci\u00e9t\u00e9s sous le num\u00e9ro SIRET32308816100050.<\/p>\n<p style=\"text-align: left;\"><strong>Si\u00e8ge social :<\/strong><br \/>\n61 avenue de Strasbourg &#8211;\u00a0 93130 Noisy-le-Sec<\/p>\n<p style=\"text-align: left;\"><strong>Directeur de la publication :<\/strong><br \/>\nM. Ga\u00ebtan DA FONSECA.<\/p>\n<h2 style=\"text-align: left;\">Conception et r\u00e9alisation<\/h2>\n<p style=\"text-align: left;\"><strong>Flockciebrand<\/strong><br \/>\nSite Web : <a href=\"http:\/\/flockciebrand.com\/\" target=\"_blank\" rel=\"noopener\">flockciebrand.com<\/a><\/p>\n<p style=\"text-align: left;\"><strong>CLECOMWEB<\/strong><br \/>\nSite Web : <a href=\"https:\/\/clecomweb.fr\" target=\"_blank\" rel=\"noopener\">clecomweb.fr<\/a><\/p>\n<h2 style=\"text-align: left;\">H\u00e9bergement<\/h2>\n<p style=\"text-align: left;\">L&#8217;h\u00e9bergement du site sovedis.com est assur\u00e9 par :<\/p>\n<ul style=\"text-align: left;\">\n<li>OVH &#8211;\u00a02 rue Kellermann &#8211;\u00a059100 Roubaix \u2013 France<\/li>\n<\/ul>\n<p style=\"text-align: left;\"><strong>Internautes : Vos droits :<\/strong><br \/>\nLa CNIL vous informe : <a href=\"https:\/\/www.cnil.fr\/\">www.cnil.fr<\/a><br \/>\n&#8220;Face aux potentialit\u00e9s quasi-infinies qui r\u00e9sultent des technologies de l&#8217;information, la loi du 6 janvier 1978 a pr\u00e9vu de solides garde-fous pour prot\u00e9ger l&#8217;individu des dangers li\u00e9s \u00e0 la multiplication des fichiers. La responsabilisation des acteurs est le moteur essentiel du dispositif de protection : responsabilisation des personnes qui cr\u00e9ent des traitements, en les soumettant \u00e0 des obligations, responsabilisation des personnes fich\u00e9es, en leur reconnaissant des droits particuliers.&#8221;<\/p>\n<p style=\"text-align: left;\">Consultez la rubrique directement \u00e0 l&#8217;adresse suivante : <a href=\"https:\/\/www.cnil.fr\/fr\/comprendre-vos-droits\">https:\/\/www.cnil.fr\/fr\/comprendre-vos-droits<\/a><\/p>\n<h2 style=\"text-align: left;\">Informations nominatives sur le site<\/h2>\n<p style=\"text-align: left;\">Les personnes nomm\u00e9es dans le site ont \u00e9t\u00e9 inform\u00e9es de leurs droits. Le droit d&#8217;acc\u00e8s est imm\u00e9diat sur le site. Le droit de rectification s&#8217;exerce aupr\u00e8s du Directeur de la Publication.<\/p>\n<p style=\"text-align: left;\"><strong>Formulaire de contact :<\/strong> demande de donn\u00e9es nominatives<br \/>\n<strong>Objectif :<\/strong> Ces informations nous permettront de vous conna\u00eetre et de r\u00e9pondre au mieux \u00e0 votre demande. Elles ne seront pas transmises \u00e0 des tiers et seront conserv\u00e9es dans une p\u00e9riode maximum de deux ans.<br \/>\nVous disposez d&#8217;un droit d&#8217;acc\u00e8s, de modification, de rectification et de suppression des donn\u00e9es qui vous concernent (art.34 de la loi &#8221; Informatique et Libert\u00e9s &#8220;). Pour l&#8217;exercer, envoyer un mail par la page<a href=\"\/contact\/\"> contact<\/a><\/p>\n<h2 style=\"text-align: left;\">Droits d\u2019auteur &#8211; Copyrights<\/h2>\n<p style=\"text-align: left;\">L&#8217;ensemble de ce site rel\u00e8ve de la l\u00e9gislation fran\u00e7aise et internationale sur le droit d&#8217;auteur et la propri\u00e9t\u00e9 intellectuelle.<br \/>\nTous les droits de reproduction sont r\u00e9serv\u00e9s, y compris pour les documents t\u00e9l\u00e9chargeables et les repr\u00e9sentations iconographiques et photographiques. La reproduction de tout ou partie de ce site sur un support \u00e9lectronique quel qu&#8217;il soit est formellement interdite sauf autorisation expresse du directeur de la publication.<\/p>\n<p style=\"text-align: left;\">Pour toute r\u00e9clamation, nous vous invitons \u00e0 nous contacter par courrier \u00e9lectronique par la page<a href=\"\/contact\/\"> contact<\/a><\/p>\n<h2 style=\"text-align: left;\">Droit des marques<\/h2>\n<p style=\"text-align: left;\">Le directeur de la publication met \u00e0 la disposition des internautes des informations dont elle fait ses meilleurs efforts pour assurer l&#8217;exactitude au moment de leur mise en ligne. Il ne saurait en aucun cas \u00eatre tenue responsable des \u00e9ventuels pr\u00e9judices li\u00e9s \u00e0 la consultation de ces informations et se r\u00e9serve le droit de modifier, corriger ou supprimer le contenu du site.<br \/>\nLe soci\u00e9t\u00e9 <strong>SOVEDIS<\/strong> ne saurait \u00eatre tenue responsable de l&#8217;utilisation qui serait faite par les internautes des informations contenues dans le site.<br \/>\nDes liens hypertextes pr\u00e9sents sur le site permettent l&#8217;acc\u00e8s \u00e0 d&#8217;autres sites sur lesquels le directeur de la publication n&#8217;exerce aucun contr\u00f4le. La responsabilit\u00e9 du directeur de la publication ne saurait en aucun cas \u00eatre engag\u00e9e en cas de pr\u00e9judice caus\u00e9 par le contenu d&#8217;un ou plusieurs des sites rattach\u00e9s par un lien hypertexte.<br \/>\nIl appartient aux internautes de prendre toutes les mesures appropri\u00e9es pour la protection de leur mat\u00e9riel, donn\u00e9es ou logiciel informatiques notamment contre les virus informatiques circulant sur le r\u00e9seau. Le directeur de la publication ne saurait en aucun cas \u00eatre tenue responsable des dommages caus\u00e9s par un virus lors de la connexion \u00e0 son site.<br \/>\nLe directeur de la publication d\u00e9cline toute responsabilit\u00e9 pour les difficult\u00e9s rencontr\u00e9es lors de l&#8217;acc\u00e8s \u00e0 son site ou pour toute d\u00e9faillance de communication.<\/p>\n<p>[\/vc_column_text][\/vc_column][\/vc_row]<\/p>\n","protected":false},"excerpt":{"rendered":"<p>[vc_row css=&#8221;.vc_custom_1546539892172{margin-top: 5% !important;margin-bottom: 5% !important;}&#8221;][vc_column][vc_column_text] MENTIONS L\u00c9GALES Propri\u00e9t\u00e9\u00a0: Le pr\u00e9sent site est la propri\u00e9t\u00e9 de la soci\u00e9t\u00e9 SOVEDIS SAS au capital de 37.500 euros, inscrite au registre du commerce et des soci\u00e9t\u00e9s sous le num\u00e9ro SIRET32308816100050. Si\u00e8ge social : 61 avenue de Strasbourg &#8211;\u00a0 93130 Noisy-le-Sec Directeur de la publication : M. Ga\u00ebtan DA [&hellip;]<\/p>\n","protected":false},"author":1,"featured_media":0,"parent":0,"menu_order":0,"comment_status":"closed","ping_status":"closed","template":"","meta":{"_et_pb_use_builder":"","_et_pb_old_content":"","_et_gb_content_width":"","footnotes":""},"class_list":["post-1226","page","type-page","status-publish","hentry"],"_links":{"self":[{"href":"https:\/\/www.sovedis.pro\/index.php\/wp-json\/wp\/v2\/pages\/1226","targetHints":{"allow":["GET"]}}],"collection":[{"href":"https:\/\/www.sovedis.pro\/index.php\/wp-json\/wp\/v2\/pages"}],"about":[{"href":"https:\/\/www.sovedis.pro\/index.php\/wp-json\/wp\/v2\/types\/page"}],"author":[{"embeddable":true,"href":"https:\/\/www.sovedis.pro\/index.php\/wp-json\/wp\/v2\/users\/1"}],"replies":[{"embeddable":true,"href":"https:\/\/www.sovedis.pro\/index.php\/wp-json\/wp\/v2\/comments?post=1226"}],"version-history":[{"count":0,"href":"https:\/\/www.sovedis.pro\/index.php\/wp-json\/wp\/v2\/pages\/1226\/revisions"}],"wp:attachment":[{"href":"https:\/\/www.sovedis.pro\/index.php\/wp-json\/wp\/v2\/media?parent=1226"}],"curies":[{"name":"wp","href":"https:\/\/api.w.org\/{rel}","templated":true}]}}