{"id":277,"date":"2018-09-12T14:05:26","date_gmt":"2018-09-12T14:05:26","guid":{"rendered":"http:\/\/www.sovedis.com\/?page_id=277"},"modified":"2018-09-12T14:05:26","modified_gmt":"2018-09-12T14:05:26","slug":"4-machines-cafe","status":"publish","type":"page","link":"https:\/\/www.sovedis.pro\/index.php\/produits\/4-machines-cafe\/","title":{"rendered":"Machines \u00e0 caf\u00e9"},"content":{"rendered":"<p>[vc_row full_width=&#8221;stretch_row_content_no_spaces&#8221; css=&#8221;.vc_custom_1536912721059{margin-top: 0px !important;padding-top: 0px !important;}&#8221;][vc_column][vc_raw_html css=&#8221;.vc_custom_1537523944306{border-bottom-width: 1px !important;border-bottom-color: #d3d3d3 !important;border-bottom-style: solid !important;}&#8221;]JTNDc2VjdGlvbiUyMGNsYXNzJTNEJTIyc3NtZW51JTIyJTNFJTBBJTNDZGl2JTIwY2xhc3MlM0QlMjJjb250YWluZXIlMjIlM0UlMEElM0N1bCUzRSUwQSUyMCUwOSUzQ2xpJTNFJTNDYSUyMHRpdGxlJTNEJTIyJTIyJTIwaHJlZiUzRCUyMiUyRjEtZGlzdHJpYnV0ZXVycy1kZS1ib2lzc29uJTJGJTIyJTNFRGlzdHJpYnV0ZXVycyUyMGRlJTIwYm9pc3NvbiUzQyUyRmElM0UlM0MlMkZsaSUzRSUwQSUyMCUwOSUzQ2xpJTNFJTNDYSUyMGNsYXNzJTNEJTIyYWN0aXZlJTIyJTIwdGl0bGUlM0QlMjIlMjIlMjBocmVmJTNEJTIyJTJGNC1tYWNoaW5lcy1jYWZlJTJGJTIyJTNFTWFjaGluZXMlMjAlQzMlQTAlMjBjYWYlQzMlQTklM0MlMkZhJTNFJTNDJTJGbGklM0UlMEElMjAlMDklM0NsaSUzRSUzQ2ElMjB0aXRsZSUzRCUyMiUyMiUyMGhyZWYlM0QlMjIlMkYzLWZvbnRhaW5lcy1lYXUlMkYlMjIlM0VGb250YWluZXMlMjAlQzMlQTAlMjBlYXUlM0MlMkZhJTNFJTNDJTJGbGklM0UlMEElMjAlMDklM0NsaSUzRSUzQ2ElMjB0aXRsZSUzRCUyMiUyMiUyMGhyZWYlM0QlMjIlMkYxMC1wcm9tb3Rpb25zJTJGJTIyJTNFUHJvbW90aW9ucyUzQyUyRmElM0UlM0MlMkZsaSUzRSUwQSUzQyUyRnVsJTNFJTBBJTNDJTJGZGl2JTNFJTBBJTNDJTJGc2VjdGlvbiUzRQ==[\/vc_raw_html][\/vc_column][\/vc_row][vc_row][vc_column width=&#8221;1\/4&#8243;][vc_column_text]<\/p>\n<div class=\"description avant-demande-devis\">\n<p style=\"text-align: left;\">Sovedis vous propose toute une gamme de <strong>machines \u00e0 caf\u00e9 pour votre entreprise<\/strong>. Sign\u00e9es Lavazza, Saeco ou Necta, elles vous permettent de profiter \u00e0 toute heure de la journ\u00e9e d\u2019un caf\u00e9 fra\u00eechement moulu et, pour certains mod\u00e8les, de boissons gourmandes (latte macchiato, cappucino, etc). Ce sont de v\u00e9ritables sources d\u2019\u00e9nergie et de r\u00e9confort pour des journ\u00e9es de travail productives\u00a0!<\/p>\n<h2 style=\"text-align: left;\">La machine \u00e0 caf\u00e9, petite mais indispensable<\/h2>\n<p style=\"text-align: left;\">Aujourd\u2019hui, le caf\u00e9 est omnipr\u00e9sent dans les entreprises et m\u00eame si vous n\u2019en buvez pas vous-m\u00eame, vous pouvez difficilement vous passer d\u2019une machine \u00e0 caf\u00e9 pour en proposer aux visiteurs de passage. Apr\u00e8s tout, quoi de mieux qu\u2019une bonne tasse fumante aux ar\u00f4mes d\u00e9licats pour cr\u00e9er une atmosph\u00e8re propice aux n\u00e9gociations\u00a0et \u00e9changes fructueux avec vos clients et vos fournisseurs\u00a0!<\/p>\n<p style=\"text-align: left;\">Par ailleurs, dans les petites entreprises,\u00a0<strong>l\u2019achat d\u2019un distributeur automatique ne se justifie pas toujours<\/strong>. La consommation de caf\u00e9 dans une petite structure est parfois trop limit\u00e9e pour n\u00e9cessiter la pr\u00e9sence d\u2019un distributeur de boissons\u2026 et un distributeur automatique repr\u00e9sente un investissement qu\u2019une petite entreprise ne peut pas toujours assumer\u00a0! Une machine \u00e0 caf\u00e9 peut alors \u00eatre un excellent compromis pour agr\u00e9menter les pauses de vos collaborateurs avec un budget raisonnable.<\/p>\n<h2 style=\"text-align: left;\">Pour les grandes entreprises aussi\u00a0!<\/h2>\n<p style=\"text-align: left;\">Dans les grandes entreprises, on trouve souvent des distributeurs automatiques, dans la caf\u00e9t\u00e9ria ou le hall d\u2019entr\u00e9e par exemple\u2026 mais beaucoup de soci\u00e9t\u00e9s d\u00e9cident d\u2019investir aussi dans une machine \u00e0 caf\u00e9.<\/p>\n<p style=\"text-align: left;\"><strong>Elle peut \u00eatre install\u00e9e dans des espaces plus petits ou moins fr\u00e9quent\u00e9s<\/strong> : salle de pause, bureau d\u2019un dirigeant\u2026 Si vous organisez souvent des rendez-vous par exemple, c\u2019est une excellente solution pour garder votre caf\u00e9 \u00e0 port\u00e9e de main et l\u2019offrir \u00e0 vos invit\u00e9s dans le cadre feutr\u00e9 de votre bureau.<\/p>\n<h2 style=\"text-align: left;\">Sovedis\u00a0: un grand choix de machines \u00e0 caf\u00e9<\/h2>\n<p style=\"text-align: left;\">Nous avons choisi pour vous une gamme de <strong>machines \u00e0 caf\u00e9 tr\u00e8s performantes<\/strong>\u00a0: capsules ou caf\u00e9 en grains, \u00e0 vous de d\u00e9cider\u00a0! Des designs \u00e9pur\u00e9s, des lignes douces qui savent se faire discr\u00e8tes dans votre environnement de travail, sans oublier une robustesse \u00e0 toute \u00e9preuve, autant de crit\u00e8res auxquels nous attachons une grande importance.<\/p>\n<p style=\"text-align: left;\">Et bien entendu, nous misons sur des marques qui offrent une large s\u00e9lection de produits, \u00e0 l\u2019instar de Lavazza qui peut aussi bien vous proposer des expressos que du th\u00e9, en passant par le chocolat chaud. Une vari\u00e9t\u00e9 qui ne laissera personne indiff\u00e9rent\u00a0!<\/p>\n<\/div>\n<p>[\/vc_column_text][vc_column_text]<\/p>\n<div class=\"demande-devis\"><a title=\"Demandez un devis\" href=\"\/contact\/\">Demandez<br \/>\nun devis<\/a><\/div>\n<p>[\/vc_column_text][\/vc_column][vc_column width=&#8221;3\/4&#8243;][vc_column_text]<\/p>\n<h1 style=\"text-align: center;\">Machines \u00e0 caf\u00e9<\/h1>\n<p>[\/vc_column_text][vc_masonry_grid post_type=&#8221;page&#8221; max_items=&#8221;20&#8243; style=&#8221;load-more&#8221; items_per_page=&#8221;20&#8243; show_filter=&#8221;yes&#8221; element_width=&#8221;3&#8243; gap=&#8221;20&#8243; orderby=&#8221;title&#8221; filter_style=&#8221;filled-rounded&#8221; item=&#8221;basicGrid_ScaleInWithRotation&#8221; btn_title=&#8221;En savoir plus&#8221; btn_color=&#8221;turquoise&#8221; btn_align=&#8221;left&#8221; grid_id=&#8221;vc_gid:1550675256986-e7c9ed18-6234-9&#8243; taxonomies=&#8221;70, 71, 72, 73, 80, 75&#8243; filter_source=&#8221;category&#8221;][\/vc_column][\/vc_row][vc_row][vc_column][vc_column_text][\/vc_column_text][\/vc_column][\/vc_row][vc_row full_width=&#8221;stretch_row_content_no_spaces&#8221; content_placement=&#8221;top&#8221; css=&#8221;.vc_custom_1536855251380{margin-top: 5% !important;background: #e0e0e0 url(http:\/\/www.sovedis.pro\/wp-content\/uploads\/2018\/09\/bg-section3-1.jpg?id=313) !important;}&#8221;][vc_column][vc_column_text el_class=&#8221;.raisons h3&#8243;]<\/p>\n<h3 style=\"text-align: center;\">5 BONNES RAISONS DE COMMANDER<\/h3>\n<p>[\/vc_column_text][vc_row_inner content_placement=&#8221;top&#8221; css=&#8221;.vc_custom_1536853698790{margin-top: 0px !important;padding-top: 0px !important;}&#8221;][vc_column_inner width=&#8221;1\/5&#8243;][vc_column_text css=&#8221;.vc_custom_1536853216949{border-right-width: 1px !important;border-right-color: #ffffff !important;border-right-style: solid !important;}&#8221;]<\/p>\n<div style=\"text-align: center; font-family: PT Sans Narrow; font-size: 19px; color: #ffffff!important; font-weight: 600;\">GESTIONNAIRE DEPUIS<br \/>\n<span style=\"color: #ffffff!important;\"><span style=\"font-size: 50px; line-height: 50px;\">1981<\/span><\/span><\/div>\n<p>[\/vc_column_text][\/vc_column_inner][vc_column_inner width=&#8221;1\/5&#8243;][vc_column_text css=&#8221;.vc_custom_1536853510005{border-right-width: 1px !important;border-right-color: #ffffff !important;border-right-style: solid !important;}&#8221;]<\/p>\n<div style=\"text-align: center; font-family: PT Sans Narrow; font-size: 19px; color: #ffffff!important; font-weight: 600;\">LIVRAISON SOUS<br \/>\n<span style=\"color: #ffffff!important;\"><span style=\"font-size: 50px; line-height: 50px;\">24h<\/span><\/span><\/div>\n<p>[\/vc_column_text][\/vc_column_inner][vc_column_inner width=&#8221;1\/5&#8243;][vc_column_text css=&#8221;.vc_custom_1536853492884{border-right-width: 1px !important;border-right-color: #ffffff !important;border-right-style: solid !important;}&#8221;]<\/p>\n<div style=\"text-align: center; font-family: PT Sans Narrow; font-size: 19px; color: #ffffff!important; font-weight: 600;\">D\u00c9PANNAGE SOUS<br \/>\n<span style=\"color: #ffffff!important;\"><span style=\"font-size: 50px; line-height: 50px;\">24h<\/span><\/span><\/div>\n<p>[\/vc_column_text][\/vc_column_inner][vc_column_inner width=&#8221;1\/5&#8243;][vc_column_text css=&#8221;.vc_custom_1536853475893{border-right-width: 1px !important;border-right-color: #ffffff !important;border-right-style: solid !important;}&#8221;]<\/p>\n<div style=\"text-align: center; font-family: PT Sans Narrow; font-size: 19px; color: #ffffff!important; font-weight: 600;\">INSTALLATION<br \/>\n<span style=\"color: #ffffff!important;\"><span style=\"font-size: 50px; line-height: 50px;\">Gratuite<\/span><\/span><\/div>\n<p>[\/vc_column_text][\/vc_column_inner][vc_column_inner width=&#8221;1\/5&#8243;][vc_column_text]<\/p>\n<div style=\"text-align: center; font-family: PT Sans Narrow; font-size: 19px; color: #ffffff!important; font-weight: 600;\">FORMATION<br \/>\n<span style=\"color: #ffffff!important;\"><span style=\"font-size: 50px; line-height: 50px;\">Offerte<\/span><\/span><\/div>\n<p>[\/vc_column_text][\/vc_column_inner][\/vc_row_inner][\/vc_column][\/vc_row]<\/p>\n","protected":false},"excerpt":{"rendered":"<p>[vc_row full_width=&#8221;stretch_row_content_no_spaces&#8221; css=&#8221;.vc_custom_1536912721059{margin-top: 0px !important;padding-top: 0px !important;}&#8221;][vc_column][vc_raw_html css=&#8221;.vc_custom_1537523944306{border-bottom-width: 1px !important;border-bottom-color: #d3d3d3 !important;border-bottom-style: solid !important;}&#8221;]JTNDc2VjdGlvbiUyMGNsYXNzJTNEJTIyc3NtZW51JTIyJTNFJTBBJTNDZGl2JTIwY2xhc3MlM0QlMjJjb250YWluZXIlMjIlM0UlMEElM0N1bCUzRSUwQSUyMCUwOSUzQ2xpJTNFJTNDYSUyMHRpdGxlJTNEJTIyJTIyJTIwaHJlZiUzRCUyMiUyRjEtZGlzdHJpYnV0ZXVycy1kZS1ib2lzc29uJTJGJTIyJTNFRGlzdHJpYnV0ZXVycyUyMGRlJTIwYm9pc3NvbiUzQyUyRmElM0UlM0MlMkZsaSUzRSUwQSUyMCUwOSUzQ2xpJTNFJTNDYSUyMGNsYXNzJTNEJTIyYWN0aXZlJTIyJTIwdGl0bGUlM0QlMjIlMjIlMjBocmVmJTNEJTIyJTJGNC1tYWNoaW5lcy1jYWZlJTJGJTIyJTNFTWFjaGluZXMlMjAlQzMlQTAlMjBjYWYlQzMlQTklM0MlMkZhJTNFJTNDJTJGbGklM0UlMEElMjAlMDklM0NsaSUzRSUzQ2ElMjB0aXRsZSUzRCUyMiUyMiUyMGhyZWYlM0QlMjIlMkYzLWZvbnRhaW5lcy1lYXUlMkYlMjIlM0VGb250YWluZXMlMjAlQzMlQTAlMjBlYXUlM0MlMkZhJTNFJTNDJTJGbGklM0UlMEElMjAlMDklM0NsaSUzRSUzQ2ElMjB0aXRsZSUzRCUyMiUyMiUyMGhyZWYlM0QlMjIlMkYxMC1wcm9tb3Rpb25zJTJGJTIyJTNFUHJvbW90aW9ucyUzQyUyRmElM0UlM0MlMkZsaSUzRSUwQSUzQyUyRnVsJTNFJTBBJTNDJTJGZGl2JTNFJTBBJTNDJTJGc2VjdGlvbiUzRQ==[\/vc_raw_html][\/vc_column][\/vc_row][vc_row][vc_column width=&#8221;1\/4&#8243;][vc_column_text] Sovedis vous propose toute une gamme de machines \u00e0 caf\u00e9 pour votre entreprise. Sign\u00e9es Lavazza, Saeco ou Necta, elles vous permettent de profiter \u00e0 toute heure de la journ\u00e9e d\u2019un caf\u00e9 fra\u00eechement moulu et, pour certains mod\u00e8les, de boissons gourmandes [&hellip;]<\/p>\n","protected":false},"author":1,"featured_media":0,"parent":256,"menu_order":0,"comment_status":"closed","ping_status":"closed","template":"","meta":{"_et_pb_use_builder":"","_et_pb_old_content":"","_et_gb_content_width":"","footnotes":""},"class_list":["post-277","page","type-page","status-publish","hentry"],"_links":{"self":[{"href":"https:\/\/www.sovedis.pro\/index.php\/wp-json\/wp\/v2\/pages\/277","targetHints":{"allow":["GET"]}}],"collection":[{"href":"https:\/\/www.sovedis.pro\/index.php\/wp-json\/wp\/v2\/pages"}],"about":[{"href":"https:\/\/www.sovedis.pro\/index.php\/wp-json\/wp\/v2\/types\/page"}],"author":[{"embeddable":true,"href":"https:\/\/www.sovedis.pro\/index.php\/wp-json\/wp\/v2\/users\/1"}],"replies":[{"embeddable":true,"href":"https:\/\/www.sovedis.pro\/index.php\/wp-json\/wp\/v2\/comments?post=277"}],"version-history":[{"count":0,"href":"https:\/\/www.sovedis.pro\/index.php\/wp-json\/wp\/v2\/pages\/277\/revisions"}],"up":[{"embeddable":true,"href":"https:\/\/www.sovedis.pro\/index.php\/wp-json\/wp\/v2\/pages\/256"}],"wp:attachment":[{"href":"https:\/\/www.sovedis.pro\/index.php\/wp-json\/wp\/v2\/media?parent=277"}],"curies":[{"name":"wp","href":"https:\/\/api.w.org\/{rel}","templated":true}]}}