{"id":434,"date":"2018-09-14T14:23:08","date_gmt":"2018-09-14T14:23:08","guid":{"rendered":"http:\/\/www.sovedis.com\/?page_id=434"},"modified":"2018-09-14T14:23:08","modified_gmt":"2018-09-14T14:23:08","slug":"karisma","status":"publish","type":"page","link":"https:\/\/www.sovedis.pro\/index.php\/produits\/4-machines-cafe\/karisma\/","title":{"rendered":"KARISMA"},"content":{"rendered":"<p>[vc_row full_width=&#8221;stretch_row_content_no_spaces&#8221; css=&#8221;.vc_custom_1536912721059{margin-top: 0px !important;padding-top: 0px !important;}&#8221;][vc_column][vc_raw_html css=&#8221;.vc_custom_1537525797039{border-bottom-width: 1px !important;border-bottom-color: #d3d3d3 !important;border-bottom-style: solid !important;}&#8221;]JTNDc2VjdGlvbiUyMGNsYXNzJTNEJTIyc3NtZW51JTIyJTNFJTBBJTNDZGl2JTIwY2xhc3MlM0QlMjJjb250YWluZXIlMjIlM0UlMEElM0N1bCUzRSUwQSUyMCUwOSUzQ2xpJTNFJTNDYSUyMHRpdGxlJTNEJTIyJTIyJTIwaHJlZiUzRCUyMiUyRjEtZGlzdHJpYnV0ZXVycy1kZS1ib2lzc29uJTJGJTIyJTNFRGlzdHJpYnV0ZXVycyUyMGRlJTIwYm9pc3NvbiUzQyUyRmElM0UlM0MlMkZsaSUzRSUwQSUyMCUwOSUzQ2xpJTNFJTNDYSUyMGNsYXNzJTNEJTIyYWN0aXZlJTIyJTIwJTIwdGl0bGUlM0QlMjIlMjIlMjBocmVmJTNEJTIyJTJGNC1tYWNoaW5lcy1jYWZlJTJGJTIyJTNFTWFjaGluZXMlMjAlQzMlQTAlMjBjYWYlQzMlQTklM0MlMkZhJTNFJTNDJTJGbGklM0UlMEElMjAlMDklM0NsaSUzRSUzQ2ElMjB0aXRsZSUzRCUyMiUyMiUyMGhyZWYlM0QlMjIlMkYzLWZvbnRhaW5lcy1lYXUlMkYlMjIlM0VGb250YWluZXMlMjAlQzMlQTAlMjBlYXUlM0MlMkZhJTNFJTNDJTJGbGklM0UlMEElMjAlMDklM0NsaSUzRSUzQ2ElMjB0aXRsZSUzRCUyMiUyMiUyMGhyZWYlM0QlMjIlMkYxMC1wcm9tb3Rpb25zJTJGJTIyJTNFUHJvbW90aW9ucyUzQyUyRmElM0UlM0MlMkZsaSUzRSUwQSUzQyUyRnVsJTNFJTBBJTNDJTJGZGl2JTNFJTBBJTNDJTJGc2VjdGlvbiUzRQ==[\/vc_raw_html][\/vc_column][\/vc_row][vc_row][vc_column width=&#8221;1\/4&#8243;][vc_column_text]<\/p>\n<h1>KARISMA<\/h1>\n<h3>En Grain<\/h3>\n<h4>Karisma a un design italien, \u00e9l\u00e9gant et contemporain, des dimensions compactes, des accessoires de style et une Interface \u00e0 \u00e9cran tactile.<br \/>\nKarisma, the Italian touch.<\/h4>\n<p>Karisma garantit une vitesse de distribution exceptionnelle, une grande productivit\u00e9 (jusqu\u2019\u00e0 200 tasses par heure) et offre un large menu personnalisable de boissons \u00e0 base de caf\u00e9 en grains, de lait frais ou de produits solubles comme le chocolat.[\/vc_column_text][vc_column_text]<\/p>\n<div class=\"demande-devis\"><a title=\"Demandez un devis\" href=\"\/contact\/\">Demandez<br \/>\nun devis<\/a><\/div>\n<p>[\/vc_column_text][\/vc_column][vc_column width=&#8221;1\/2&#8243;][vc_single_image image=&#8221;1284&#8243; img_size=&#8221;full&#8221; css=&#8221;.vc_custom_1546984983626{margin-top: 3% !important;border-top-width: 1px !important;border-right-width: 1px !important;border-bottom-width: 1px !important;border-left-width: 1px !important;border-left-color: #d3d3d3 !important;border-left-style: solid !important;border-right-color: #d3d3d3 !important;border-right-style: solid !important;border-top-color: #d3d3d3 !important;border-top-style: solid !important;border-bottom-color: #d3d3d3 !important;border-bottom-style: solid !important;}&#8221;][\/vc_column][vc_column width=&#8221;1\/4&#8243;][vc_column_text]Fabricant: Necta<\/p>\n<p>Dimensions:<br \/>\nL 40 x H 56 x P 60 cm<\/p>\n<p>Poids : 65 kg<\/p>\n<p>Puissance : 3150 W<\/p>\n<p>Capacit\u00e9 r\u00e9servoir de caf\u00e9 :<br \/>\n2 x 1,2 kg<\/p>\n<p>Capacit\u00e9 r\u00e9servoir de chocolat :<br \/>\n1,8 Kg ou 0,75 kg lait[\/vc_column_text][vc_row_inner][vc_column_inner width=&#8221;1\/2&#8243;][vc_single_image image=&#8221;435&#8243; img_size=&#8221;&#8221;][\/vc_column_inner][vc_column_inner width=&#8221;1\/2&#8243;][\/vc_column_inner][\/vc_row_inner][\/vc_column][\/vc_row][vc_row content_placement=&#8221;middle&#8221;][vc_column][vc_column_text]<\/p>\n<h4 style=\"text-align: center;\">D\u00e9couvrez ci-dessous la gamme des produits associ\u00e9s &#8230;<\/h4>\n<p>[\/vc_column_text][vc_basic_grid post_type=&#8221;page&#8221; max_items=&#8221;20&#8243; style=&#8221;load-more&#8221; items_per_page=&#8221;4&#8243; orderby=&#8221;rand&#8221; order=&#8221;ASC&#8221; item=&#8221;masonryGrid_SlideFromLeft&#8221; btn_color=&#8221;default&#8221; grid_id=&#8221;vc_gid:1546984894669-932c82ff-a45b-2&#8243; taxonomies=&#8221;73&#8243; exclude=&#8221;434&#8243;][\/vc_column][\/vc_row][vc_row full_width=&#8221;stretch_row_content_no_spaces&#8221; content_placement=&#8221;top&#8221; css=&#8221;.vc_custom_1536854671375{background-color: #e0e0e0 !important;}&#8221;][vc_column][vc_row_inner content_placement=&#8221;top&#8221; css=&#8221;.vc_custom_1536853698790{margin-top: 0px !important;padding-top: 0px !important;}&#8221;][vc_column_inner width=&#8221;1\/6&#8243;][vc_column_text css=&#8221;.vc_custom_1536857156183{margin-left: 5% !important;}&#8221;]<\/p>\n<div style=\"text-align: left; font-family: PT Sans Narrow; font-size: 29px; font-weight: 600; color: #425059!important; line-height: 32px!important;\">5 BONNES RAISONS<br \/>\nDE COMMANDER<\/div>\n<p>[\/vc_column_text][\/vc_column_inner][vc_column_inner width=&#8221;1\/6&#8243;][vc_column_text css=&#8221;.vc_custom_1536855052664{border-right-width: 1px !important;border-right-color: #425059 !important;border-right-style: solid !important;}&#8221;]<\/p>\n<div style=\"text-align: center; font-family: PT Sans Narrow; font-size: 19px; font-weight: 600;\">GESTIONNAIRE DEPUIS<br \/>\n<span style=\"font-size: 50px; line-height: 50px;\">1981<\/span><\/div>\n<p>[\/vc_column_text][\/vc_column_inner][vc_column_inner width=&#8221;1\/6&#8243;][vc_column_text css=&#8221;.vc_custom_1536855061742{border-right-width: 1px !important;border-right-color: #425059 !important;border-right-style: solid !important;}&#8221;]<\/p>\n<div style=\"text-align: center; font-family: PT Sans Narrow; font-size: 19px; font-weight: 600;\">LIVRAISON SOUS<br \/>\n<span style=\"font-size: 50px; line-height: 50px;\">24h<\/span><\/div>\n<p>[\/vc_column_text][\/vc_column_inner][vc_column_inner width=&#8221;1\/6&#8243;][vc_column_text css=&#8221;.vc_custom_1536855069625{border-right-width: 1px !important;border-right-color: #425059 !important;border-right-style: solid !important;}&#8221;]<\/p>\n<div style=\"text-align: center; font-family: PT Sans Narrow; font-size: 19px; font-weight: 600;\">D\u00c9PANNAGE SOUS<br \/>\n<span style=\"font-size: 50px; line-height: 50px;\">24h<\/span><\/div>\n<p>[\/vc_column_text][\/vc_column_inner][vc_column_inner width=&#8221;1\/6&#8243;][vc_column_text css=&#8221;.vc_custom_1536855077450{border-right-width: 1px !important;border-right-color: #425059 !important;border-right-style: solid !important;}&#8221;]<\/p>\n<div style=\"text-align: center; font-family: PT Sans Narrow; font-size: 19px; font-weight: 600;\">INSTALLATION<br \/>\n<span style=\"font-size: 50px; line-height: 50px;\">Gratuite<\/span><\/div>\n<p>[\/vc_column_text][\/vc_column_inner][vc_column_inner width=&#8221;1\/6&#8243;][vc_column_text]<\/p>\n<div style=\"text-align: center; font-family: PT Sans Narrow; font-size: 19px; font-weight: 600;\">FORMATION<br \/>\n<span style=\"font-size: 50px; line-height: 50px;\">Offerte<\/span><\/div>\n<p>[\/vc_column_text][\/vc_column_inner][\/vc_row_inner][\/vc_column][\/vc_row]<\/p>\n","protected":false},"excerpt":{"rendered":"<p>En Grain<br \/>\nKarisma a un design italien, \u00e9l\u00e9gant et contemporain, des dimensions compactes, des accessoires de style et une Interface \u00e0 \u00e9cran tactile.<\/p>\n","protected":false},"author":1,"featured_media":1284,"parent":277,"menu_order":0,"comment_status":"closed","ping_status":"closed","template":"","meta":{"_et_pb_use_builder":"","_et_pb_old_content":"","_et_gb_content_width":"","footnotes":""},"class_list":["post-434","page","type-page","status-publish","has-post-thumbnail","hentry"],"_links":{"self":[{"href":"https:\/\/www.sovedis.pro\/index.php\/wp-json\/wp\/v2\/pages\/434","targetHints":{"allow":["GET"]}}],"collection":[{"href":"https:\/\/www.sovedis.pro\/index.php\/wp-json\/wp\/v2\/pages"}],"about":[{"href":"https:\/\/www.sovedis.pro\/index.php\/wp-json\/wp\/v2\/types\/page"}],"author":[{"embeddable":true,"href":"https:\/\/www.sovedis.pro\/index.php\/wp-json\/wp\/v2\/users\/1"}],"replies":[{"embeddable":true,"href":"https:\/\/www.sovedis.pro\/index.php\/wp-json\/wp\/v2\/comments?post=434"}],"version-history":[{"count":0,"href":"https:\/\/www.sovedis.pro\/index.php\/wp-json\/wp\/v2\/pages\/434\/revisions"}],"up":[{"embeddable":true,"href":"https:\/\/www.sovedis.pro\/index.php\/wp-json\/wp\/v2\/pages\/277"}],"wp:featuredmedia":[{"embeddable":true,"href":"https:\/\/www.sovedis.pro\/index.php\/wp-json\/wp\/v2\/media\/1284"}],"wp:attachment":[{"href":"https:\/\/www.sovedis.pro\/index.php\/wp-json\/wp\/v2\/media?parent=434"}],"curies":[{"name":"wp","href":"https:\/\/api.w.org\/{rel}","templated":true}]}}