{"id":483,"date":"2018-09-14T16:48:58","date_gmt":"2018-09-14T16:48:58","guid":{"rendered":"http:\/\/www.sovedis.com\/?page_id=483"},"modified":"2018-09-14T16:48:58","modified_gmt":"2018-09-14T16:48:58","slug":"1-distributeurs-de-boisson","status":"publish","type":"page","link":"https:\/\/www.sovedis.pro\/index.php\/produits\/1-distributeurs-de-boisson\/","title":{"rendered":"DISTRIBUTEURS DE BOISSON"},"content":{"rendered":"<p>[vc_row full_width=&#8221;stretch_row_content_no_spaces&#8221; css=&#8221;.vc_custom_1536912721059{margin-top: 0px !important;padding-top: 0px !important;}&#8221;][vc_column][vc_raw_html css=&#8221;.vc_custom_1537523917281{border-bottom-width: 1px !important;border-bottom-color: #d3d3d3 !important;border-bottom-style: solid !important;}&#8221;]JTNDc2VjdGlvbiUyMGNsYXNzJTNEJTIyc3NtZW51JTIyJTNFJTBBJTNDZGl2JTIwY2xhc3MlM0QlMjJjb250YWluZXIlMjIlM0UlMEElM0N1bCUzRSUwQSUyMCUwOSUzQ2xpJTNFJTNDYSUyMGNsYXNzJTNEJTIyYWN0aXZlJTIyJTIwdGl0bGUlM0QlMjIlMjIlMjBocmVmJTNEJTIyJTJGMS1kaXN0cmlidXRldXJzLWRlLWJvaXNzb24lMkYlMjIlM0VEaXN0cmlidXRldXJzJTIwZGUlMjBib2lzc29uJTNDJTJGYSUzRSUzQyUyRmxpJTNFJTBBJTIwJTA5JTNDbGklM0UlM0NhJTIwdGl0bGUlM0QlMjIlMjIlMjBocmVmJTNEJTIyJTJGNC1tYWNoaW5lcy1jYWZlJTJGJTIyJTNFTWFjaGluZXMlMjAlQzMlQTAlMjBjYWYlQzMlQTklM0MlMkZhJTNFJTNDJTJGbGklM0UlMEElMjAlMDklM0NsaSUzRSUzQ2ElMjB0aXRsZSUzRCUyMiUyMiUyMGhyZWYlM0QlMjIlMkYzLWZvbnRhaW5lcy1lYXUlMkYlMjIlM0VGb250YWluZXMlMjAlQzMlQTAlMjBlYXUlM0MlMkZhJTNFJTNDJTJGbGklM0UlMEElMjAlMDklM0NsaSUzRSUzQ2ElMjB0aXRsZSUzRCUyMiUyMiUyMGhyZWYlM0QlMjIlMkYxMC1wcm9tb3Rpb25zJTJGJTIyJTNFUHJvbW90aW9ucyUzQyUyRmElM0UlM0MlMkZsaSUzRSUwQSUzQyUyRnVsJTNFJTBBJTNDJTJGZGl2JTNFJTBBJTNDJTJGc2VjdGlvbiUzRQ==[\/vc_raw_html][\/vc_column][\/vc_row][vc_row][vc_column width=&#8221;1\/4&#8243;][vc_column_text]<\/p>\n<div class=\"description avant-demande-devis\">\n<p style=\"text-align: left;\">Les moyennes et grandes entreprises ne peuvent pas se contenter d\u2019une simple machine \u00e0 caf\u00e9. Elles ont besoin de solutions plus robustes, adapt\u00e9es \u00e0 des volumes plus importants et offrant un choix susceptible de contenter tous leurs collaborateurs\u00a0! Sovedis dispose de solutions toutes trouv\u00e9es\u00a0: les\u00a0distributeurs automatiques\u00a0!<\/p>\n<h2 style=\"text-align: left;\">DISTRIBUTEURS AUTOMATIQUES DE BOISSONS CHAUDES<\/h2>\n<p style=\"text-align: left;\">Pour profiter du r\u00e9confort d\u2019un expresso de qualit\u00e9 \u00e0 toute heure de la journ\u00e9e, nous vous proposons diff\u00e9rents mod\u00e8les de distributeurs automatiques. Ils permettent de pr\u00e9parer un\u00a0caf\u00e9 en grain ou \u00e0 capsules\u00a0et offrent souvent la possibilit\u00e9 de b\u00e9n\u00e9ficier d\u2019un large choix d\u2019ar\u00f4mes susceptibles de satisfaire les amateurs de caf\u00e9 les plus exigeants.<\/p>\n<p style=\"text-align: left;\">Et parce qu\u2019on a le droit de ne pas aimer le caf\u00e9, ces distributeurs de boissons chaudes peuvent aussi proposer\u00a0du th\u00e9, du chocolat chaud, un d\u00e9licieux cappucino\u00a0avec une onctueuse mousse de lait.<\/p>\n<h2 style=\"text-align: left;\">DISTRIBUTEURS DE BOISSONS FRA\u00ceCHES ET SNACKS<\/h2>\n<p style=\"text-align: left;\">Pour les petites soifs et les grands moments de gourmandise (ou l\u2019inverse, c\u2019est vous qui voyez !), pensez aux\u00a0distributeurs de boissons fra\u00eeches et de snacks. Ils vous permettent de proposer toute une gamme de boissons en canettes ou en bouteilles\u00a0: eau min\u00e9rale, eaux parfum\u00e9es, sodas, jus de fruits\u2026<\/p>\n<p style=\"text-align: left;\">En compl\u00e9ment, les salari\u00e9s de l\u2019entreprise pourront profiter de snacks sucr\u00e9s et sal\u00e9s et de confiseries pour combler les petites faims ou reprendre des forces en cours de journ\u00e9e.<\/p>\n<p style=\"text-align: left;\">DES DISTRIBUTEURS AUTOMATIQUES PERFORMANTS<br \/>\nVotre pause-caf\u00e9 est l\u00e0 pour vous redonner de l\u2019\u00e9nergie, pas pour en consommer\u00a0! C\u2019est pour cette raison que les distributeurs de boissons que nous avons choisis offrent des performances \u00e9nerg\u00e9tiques optimis\u00e9es (classe A+, \u00e9clairage LED basse consommation, etc).<\/p>\n<p style=\"text-align: left;\">Ils b\u00e9n\u00e9ficient \u00e9galement des derni\u00e8res innovations technologiques\u00a0: \u00e9cran int\u00e9gr\u00e9, ascenseurs Softvend, combinaisons int\u00e9rieures vari\u00e9es pour une utilisation optimale de l\u2019espace. Le bonus\u00a0? Un d\u00e9tecteur de tasses qui vous permettra de profiter de votre boisson pr\u00e9f\u00e9r\u00e9e dans votre tasse habituelle plut\u00f4t que d\u2019utiliser un gobelet en plastique ou en carton\u00a0!<\/p>\n<h2 style=\"text-align: left;\">UNE OFFRE SUR MESURE SELON VOS BESOINS<\/h2>\n<p style=\"text-align: left;\">Afin de trouver le distributeur automatique le plus adapt\u00e9 \u00e0 vos attentes, nous prendrons le temps de d\u00e9finir avec vous vos attentes\u00a0: quel volume de boissons avez-vous besoin de servir\u00a0? Quel degr\u00e9 de vari\u00e9t\u00e9 souhaitez-vous proposer dans la s\u00e9lection de produits offerte par le distributeur\u00a0? Avez-vous des contraintes d\u2019espace qui conditionnent le choix d\u2019un mod\u00e8le de distributeur automatique plus compact\u00a0?<\/p>\n<p style=\"text-align: left;\">En fonction de vos r\u00e9ponses, nous pourrons vous orienter vers le distributeur automatique id\u00e9al pour votre entreprise\u00a0!<\/p>\n<\/div>\n<p>[\/vc_column_text][vc_column_text]<\/p>\n<div class=\"demande-devis\"><a title=\"Demandez un devis\" href=\"\/contact\/\">Demandez<br \/>\nun devis<\/a><\/div>\n<p>[\/vc_column_text][\/vc_column][vc_column width=&#8221;3\/4&#8243;][vc_column_text]<\/p>\n<h1 style=\"text-align: center;\">DISTRIBUTEURS DE BOISSON<\/h1>\n<p>[\/vc_column_text][vc_basic_grid post_type=&#8221;page&#8221; max_items=&#8221;20&#8243; show_filter=&#8221;yes&#8221; element_width=&#8221;3&#8243; gap=&#8221;20&#8243; orderby=&#8221;title&#8221; grid_id=&#8221;vc_gid:1537523909498-2348057d-78bb-9&#8243; taxonomies=&#8221;84, 87&#8243; filter_source=&#8221;category&#8221;][\/vc_column][\/vc_row][vc_row][vc_column][vc_column_text]<\/p>\n<p>[\/vc_column_text][\/vc_column][\/vc_row][vc_row full_width=&#8221;stretch_row_content_no_spaces&#8221; content_placement=&#8221;top&#8221; css=&#8221;.vc_custom_1536855251380{margin-top: 5% !important;background: #e0e0e0 url(http:\/\/www.sovedis.pro\/wp-content\/uploads\/2018\/09\/bg-section3-1.jpg?id=313) !important;}&#8221;][vc_column][vc_column_text el_class=&#8221;.raisons h3&#8243;]<\/p>\n<h3 style=\"text-align: center;\">5 BONNES RAISONS DE COMMANDER<\/h3>\n<p>[\/vc_column_text][vc_row_inner content_placement=&#8221;top&#8221; css=&#8221;.vc_custom_1536853698790{margin-top: 0px !important;padding-top: 0px !important;}&#8221;][vc_column_inner width=&#8221;1\/5&#8243;][vc_column_text css=&#8221;.vc_custom_1536853216949{border-right-width: 1px !important;border-right-color: #ffffff !important;border-right-style: solid !important;}&#8221;]<\/p>\n<div style=\"text-align: center; font-family: PT Sans Narrow; font-size: 19px; color: #ffffff!important; font-weight: 600;\">GESTIONNAIRE DEPUIS<br \/>\n<span style=\"color: #ffffff!important;\"><span style=\"font-size: 50px; line-height: 50px;\">1981<\/span><\/span><\/div>\n<p>[\/vc_column_text][\/vc_column_inner][vc_column_inner width=&#8221;1\/5&#8243;][vc_column_text css=&#8221;.vc_custom_1536853510005{border-right-width: 1px !important;border-right-color: #ffffff !important;border-right-style: solid !important;}&#8221;]<\/p>\n<div style=\"text-align: center; font-family: PT Sans Narrow; font-size: 19px; color: #ffffff!important; font-weight: 600;\">LIVRAISON SOUS<br \/>\n<span style=\"color: #ffffff!important;\"><span style=\"font-size: 50px; line-height: 50px;\">24h<\/span><\/span><\/div>\n<p>[\/vc_column_text][\/vc_column_inner][vc_column_inner width=&#8221;1\/5&#8243;][vc_column_text css=&#8221;.vc_custom_1536853492884{border-right-width: 1px !important;border-right-color: #ffffff !important;border-right-style: solid !important;}&#8221;]<\/p>\n<div style=\"text-align: center; font-family: PT Sans Narrow; font-size: 19px; color: #ffffff!important; font-weight: 600;\">D\u00c9PANNAGE SOUS<br \/>\n<span style=\"color: #ffffff!important;\"><span style=\"font-size: 50px; line-height: 50px;\">24h<\/span><\/span><\/div>\n<p>[\/vc_column_text][\/vc_column_inner][vc_column_inner width=&#8221;1\/5&#8243;][vc_column_text css=&#8221;.vc_custom_1536853475893{border-right-width: 1px !important;border-right-color: #ffffff !important;border-right-style: solid !important;}&#8221;]<\/p>\n<div style=\"text-align: center; font-family: PT Sans Narrow; font-size: 19px; color: #ffffff!important; font-weight: 600;\">INSTALLATION<br \/>\n<span style=\"color: #ffffff!important;\"><span style=\"font-size: 50px; line-height: 50px;\">Gratuite<\/span><\/span><\/div>\n<p>[\/vc_column_text][\/vc_column_inner][vc_column_inner width=&#8221;1\/5&#8243;][vc_column_text]<\/p>\n<div style=\"text-align: center; font-family: PT Sans Narrow; font-size: 19px; color: #ffffff!important; font-weight: 600;\">FORMATION<br \/>\n<span style=\"color: #ffffff!important;\"><span style=\"font-size: 50px; line-height: 50px;\">Offerte<\/span><\/span><\/div>\n<p>[\/vc_column_text][\/vc_column_inner][\/vc_row_inner][\/vc_column][\/vc_row]<\/p>\n","protected":false},"excerpt":{"rendered":"<p>[vc_row full_width=&#8221;stretch_row_content_no_spaces&#8221; css=&#8221;.vc_custom_1536912721059{margin-top: 0px !important;padding-top: 0px !important;}&#8221;][vc_column][vc_raw_html css=&#8221;.vc_custom_1537523917281{border-bottom-width: 1px !important;border-bottom-color: #d3d3d3 !important;border-bottom-style: solid !important;}&#8221;]JTNDc2VjdGlvbiUyMGNsYXNzJTNEJTIyc3NtZW51JTIyJTNFJTBBJTNDZGl2JTIwY2xhc3MlM0QlMjJjb250YWluZXIlMjIlM0UlMEElM0N1bCUzRSUwQSUyMCUwOSUzQ2xpJTNFJTNDYSUyMGNsYXNzJTNEJTIyYWN0aXZlJTIyJTIwdGl0bGUlM0QlMjIlMjIlMjBocmVmJTNEJTIyJTJGMS1kaXN0cmlidXRldXJzLWRlLWJvaXNzb24lMkYlMjIlM0VEaXN0cmlidXRldXJzJTIwZGUlMjBib2lzc29uJTNDJTJGYSUzRSUzQyUyRmxpJTNFJTBBJTIwJTA5JTNDbGklM0UlM0NhJTIwdGl0bGUlM0QlMjIlMjIlMjBocmVmJTNEJTIyJTJGNC1tYWNoaW5lcy1jYWZlJTJGJTIyJTNFTWFjaGluZXMlMjAlQzMlQTAlMjBjYWYlQzMlQTklM0MlMkZhJTNFJTNDJTJGbGklM0UlMEElMjAlMDklM0NsaSUzRSUzQ2ElMjB0aXRsZSUzRCUyMiUyMiUyMGhyZWYlM0QlMjIlMkYzLWZvbnRhaW5lcy1lYXUlMkYlMjIlM0VGb250YWluZXMlMjAlQzMlQTAlMjBlYXUlM0MlMkZhJTNFJTNDJTJGbGklM0UlMEElMjAlMDklM0NsaSUzRSUzQ2ElMjB0aXRsZSUzRCUyMiUyMiUyMGhyZWYlM0QlMjIlMkYxMC1wcm9tb3Rpb25zJTJGJTIyJTNFUHJvbW90aW9ucyUzQyUyRmElM0UlM0MlMkZsaSUzRSUwQSUzQyUyRnVsJTNFJTBBJTNDJTJGZGl2JTNFJTBBJTNDJTJGc2VjdGlvbiUzRQ==[\/vc_raw_html][\/vc_column][\/vc_row][vc_row][vc_column width=&#8221;1\/4&#8243;][vc_column_text] Les moyennes et grandes entreprises ne peuvent pas se contenter d\u2019une simple machine \u00e0 caf\u00e9. Elles ont besoin de solutions plus robustes, adapt\u00e9es \u00e0 des volumes plus importants et offrant un choix susceptible de contenter tous leurs collaborateurs\u00a0! Sovedis dispose [&hellip;]<\/p>\n","protected":false},"author":1,"featured_media":0,"parent":256,"menu_order":0,"comment_status":"closed","ping_status":"closed","template":"","meta":{"_et_pb_use_builder":"","_et_pb_old_content":"","_et_gb_content_width":"","footnotes":""},"class_list":["post-483","page","type-page","status-publish","hentry"],"_links":{"self":[{"href":"https:\/\/www.sovedis.pro\/index.php\/wp-json\/wp\/v2\/pages\/483","targetHints":{"allow":["GET"]}}],"collection":[{"href":"https:\/\/www.sovedis.pro\/index.php\/wp-json\/wp\/v2\/pages"}],"about":[{"href":"https:\/\/www.sovedis.pro\/index.php\/wp-json\/wp\/v2\/types\/page"}],"author":[{"embeddable":true,"href":"https:\/\/www.sovedis.pro\/index.php\/wp-json\/wp\/v2\/users\/1"}],"replies":[{"embeddable":true,"href":"https:\/\/www.sovedis.pro\/index.php\/wp-json\/wp\/v2\/comments?post=483"}],"version-history":[{"count":0,"href":"https:\/\/www.sovedis.pro\/index.php\/wp-json\/wp\/v2\/pages\/483\/revisions"}],"up":[{"embeddable":true,"href":"https:\/\/www.sovedis.pro\/index.php\/wp-json\/wp\/v2\/pages\/256"}],"wp:attachment":[{"href":"https:\/\/www.sovedis.pro\/index.php\/wp-json\/wp\/v2\/media?parent=483"}],"curies":[{"name":"wp","href":"https:\/\/api.w.org\/{rel}","templated":true}]}}