{"id":536,"date":"2018-09-14T18:54:02","date_gmt":"2018-09-14T18:54:02","guid":{"rendered":"http:\/\/www.sovedis.com\/?page_id=536"},"modified":"2018-09-14T18:54:02","modified_gmt":"2018-09-14T18:54:02","slug":"3-fontaines-eau","status":"publish","type":"page","link":"https:\/\/www.sovedis.pro\/index.php\/produits\/3-fontaines-eau\/","title":{"rendered":"FONTAINES \u00c0 EAU"},"content":{"rendered":"<p>[vc_row full_width=&#8221;stretch_row_content_no_spaces&#8221; css=&#8221;.vc_custom_1536912721059{margin-top: 0px !important;padding-top: 0px !important;}&#8221;][vc_column][vc_raw_html css=&#8221;.vc_custom_1537523970034{border-bottom-width: 1px !important;border-bottom-color: #d3d3d3 !important;border-bottom-style: solid !important;}&#8221;]JTNDc2VjdGlvbiUyMGNsYXNzJTNEJTIyc3NtZW51JTIyJTNFJTBBJTNDZGl2JTIwY2xhc3MlM0QlMjJjb250YWluZXIlMjIlM0UlMEElM0N1bCUzRSUwQSUyMCUwOSUzQ2xpJTNFJTNDYSUyMHRpdGxlJTNEJTIyJTIyJTIwaHJlZiUzRCUyMiUyRjEtZGlzdHJpYnV0ZXVycy1kZS1ib2lzc29uJTJGJTIyJTNFRGlzdHJpYnV0ZXVycyUyMGRlJTIwYm9pc3NvbiUzQyUyRmElM0UlM0MlMkZsaSUzRSUwQSUyMCUwOSUzQ2xpJTNFJTNDYSUyMHRpdGxlJTNEJTIyJTIyJTIwaHJlZiUzRCUyMiUyRjQtbWFjaGluZXMtY2FmZSUyRiUyMiUzRU1hY2hpbmVzJTIwJUMzJUEwJTIwY2FmJUMzJUE5JTNDJTJGYSUzRSUzQyUyRmxpJTNFJTBBJTIwJTA5JTNDbGklM0UlM0NhJTIwY2xhc3MlM0QlMjJhY3RpdmUlMjIlMjB0aXRsZSUzRCUyMiUyMiUyMGhyZWYlM0QlMjIlMkYzLWZvbnRhaW5lcy1lYXUlMkYlMjIlM0VGb250YWluZXMlMjAlQzMlQTAlMjBlYXUlM0MlMkZhJTNFJTNDJTJGbGklM0UlMEElMjAlMDklM0NsaSUzRSUzQ2ElMjB0aXRsZSUzRCUyMiUyMiUyMGhyZWYlM0QlMjIlMkYxMC1wcm9tb3Rpb25zJTJGJTIyJTNFUHJvbW90aW9ucyUzQyUyRmElM0UlM0MlMkZsaSUzRSUwQSUzQyUyRnVsJTNFJTBBJTNDJTJGZGl2JTNFJTBBJTNDJTJGc2VjdGlvbiUzRQ==[\/vc_raw_html][\/vc_column][\/vc_row][vc_row][vc_column width=&#8221;1\/4&#8243;][vc_column_text]<\/p>\n<div class=\"description avant-demande-devis\">\n<p><strong>SOVEDIS<\/strong>\u00a0propose des\u00a0Fontaines \u00e0 eau\u00a0sur r\u00e9seau d&#8217;eau depuis 2005, suite \u00e0 une forte demande de ses clients.<\/p>\n<p>L&#8217;\u00e9t\u00e9 lorsqu&#8217;il fait chaud, une Fontaine \u00e0 eau est la bienvenue pour se rafra\u00eechir et boire une eau pure fra\u00eeche ou temp\u00e9r\u00e9e selon l&#8217;envie. Pas de bonbonnes \u00e0 porter, juste une arriv\u00e9e d&#8217;eau \u00e0 laquelle brancher la Fontaine, \u00e9quip\u00e9e d&#8217;un filtre.<\/p>\n<p>Les\u00a0<strong>Fontaines EVOPURE<\/strong>, \u00e9l\u00e9gantes et modernes, et les\u00a0<strong>Fontaines EVOLUTION<\/strong>, plus classiques, sont d\u00e9clin\u00e9es en plusieurs couleurs afin de s&#8217;int\u00e9grer aux locaux des entreprises.<\/p>\n<\/div>\n<p>[\/vc_column_text][vc_column_text]<\/p>\n<div class=\"demande-devis\"><a title=\"Demandez un devis\" href=\"\/contact\/\">Demandez<br \/>\nun devis<\/a><\/div>\n<p>[\/vc_column_text][\/vc_column][vc_column width=&#8221;3\/4&#8243;][vc_column_text]<\/p>\n<h1 style=\"text-align: center;\">FONTAINES \u00c0 EAU<\/h1>\n<p>[\/vc_column_text][vc_basic_grid post_type=&#8221;page&#8221; max_items=&#8221;10&#8243; grid_id=&#8221;vc_gid:1549354800483-7daeba47-b092-8&#8243; taxonomies=&#8221;85&#8243;][\/vc_column][\/vc_row][vc_row][vc_column][vc_column_text]<\/p>\n<p>[\/vc_column_text][\/vc_column][\/vc_row][vc_row full_width=&#8221;stretch_row_content_no_spaces&#8221; content_placement=&#8221;top&#8221; css=&#8221;.vc_custom_1536855251380{margin-top: 5% !important;background: #e0e0e0 url(http:\/\/www.sovedis.pro\/wp-content\/uploads\/2018\/09\/bg-section3-1.jpg?id=313) !important;}&#8221;][vc_column][vc_column_text el_class=&#8221;.raisons h3&#8243;]<\/p>\n<h3 style=\"text-align: center;\">5 BONNES RAISONS DE COMMANDER<\/h3>\n<p>[\/vc_column_text][vc_row_inner content_placement=&#8221;top&#8221; css=&#8221;.vc_custom_1536853698790{margin-top: 0px !important;padding-top: 0px !important;}&#8221;][vc_column_inner width=&#8221;1\/5&#8243;][vc_column_text css=&#8221;.vc_custom_1536853216949{border-right-width: 1px !important;border-right-color: #ffffff !important;border-right-style: solid !important;}&#8221;]<\/p>\n<div style=\"text-align: center; font-family: PT Sans Narrow; font-size: 19px; color: #ffffff!important; font-weight: 600;\">GESTIONNAIRE DEPUIS<br \/>\n<span style=\"color: #ffffff!important;\"><span style=\"font-size: 50px; line-height: 50px;\">1981<\/span><\/span><\/div>\n<p>[\/vc_column_text][\/vc_column_inner][vc_column_inner width=&#8221;1\/5&#8243;][vc_column_text css=&#8221;.vc_custom_1536853510005{border-right-width: 1px !important;border-right-color: #ffffff !important;border-right-style: solid !important;}&#8221;]<\/p>\n<div style=\"text-align: center; font-family: PT Sans Narrow; font-size: 19px; color: #ffffff!important; font-weight: 600;\">LIVRAISON SOUS<br \/>\n<span style=\"color: #ffffff!important;\"><span style=\"font-size: 50px; line-height: 50px;\">24h<\/span><\/span><\/div>\n<p>[\/vc_column_text][\/vc_column_inner][vc_column_inner width=&#8221;1\/5&#8243;][vc_column_text css=&#8221;.vc_custom_1536853492884{border-right-width: 1px !important;border-right-color: #ffffff !important;border-right-style: solid !important;}&#8221;]<\/p>\n<div style=\"text-align: center; font-family: PT Sans Narrow; font-size: 19px; color: #ffffff!important; font-weight: 600;\">D\u00c9PANNAGE SOUS<br \/>\n<span style=\"color: #ffffff!important;\"><span style=\"font-size: 50px; line-height: 50px;\">24h<\/span><\/span><\/div>\n<p>[\/vc_column_text][\/vc_column_inner][vc_column_inner width=&#8221;1\/5&#8243;][vc_column_text css=&#8221;.vc_custom_1536853475893{border-right-width: 1px !important;border-right-color: #ffffff !important;border-right-style: solid !important;}&#8221;]<\/p>\n<div style=\"text-align: center; font-family: PT Sans Narrow; font-size: 19px; color: #ffffff!important; font-weight: 600;\">INSTALLATION<br \/>\n<span style=\"color: #ffffff!important;\"><span style=\"font-size: 50px; line-height: 50px;\">Gratuite<\/span><\/span><\/div>\n<p>[\/vc_column_text][\/vc_column_inner][vc_column_inner width=&#8221;1\/5&#8243;][vc_column_text]<\/p>\n<div style=\"text-align: center; font-family: PT Sans Narrow; font-size: 19px; color: #ffffff!important; font-weight: 600;\">FORMATION<br \/>\n<span style=\"color: #ffffff!important;\"><span style=\"font-size: 50px; line-height: 50px;\">Offerte<\/span><\/span><\/div>\n<p>[\/vc_column_text][\/vc_column_inner][\/vc_row_inner][\/vc_column][\/vc_row]<\/p>\n","protected":false},"excerpt":{"rendered":"<p>[vc_row full_width=&#8221;stretch_row_content_no_spaces&#8221; css=&#8221;.vc_custom_1536912721059{margin-top: 0px !important;padding-top: 0px !important;}&#8221;][vc_column][vc_raw_html css=&#8221;.vc_custom_1537523970034{border-bottom-width: 1px !important;border-bottom-color: #d3d3d3 !important;border-bottom-style: solid !important;}&#8221;]JTNDc2VjdGlvbiUyMGNsYXNzJTNEJTIyc3NtZW51JTIyJTNFJTBBJTNDZGl2JTIwY2xhc3MlM0QlMjJjb250YWluZXIlMjIlM0UlMEElM0N1bCUzRSUwQSUyMCUwOSUzQ2xpJTNFJTNDYSUyMHRpdGxlJTNEJTIyJTIyJTIwaHJlZiUzRCUyMiUyRjEtZGlzdHJpYnV0ZXVycy1kZS1ib2lzc29uJTJGJTIyJTNFRGlzdHJpYnV0ZXVycyUyMGRlJTIwYm9pc3NvbiUzQyUyRmElM0UlM0MlMkZsaSUzRSUwQSUyMCUwOSUzQ2xpJTNFJTNDYSUyMHRpdGxlJTNEJTIyJTIyJTIwaHJlZiUzRCUyMiUyRjQtbWFjaGluZXMtY2FmZSUyRiUyMiUzRU1hY2hpbmVzJTIwJUMzJUEwJTIwY2FmJUMzJUE5JTNDJTJGYSUzRSUzQyUyRmxpJTNFJTBBJTIwJTA5JTNDbGklM0UlM0NhJTIwY2xhc3MlM0QlMjJhY3RpdmUlMjIlMjB0aXRsZSUzRCUyMiUyMiUyMGhyZWYlM0QlMjIlMkYzLWZvbnRhaW5lcy1lYXUlMkYlMjIlM0VGb250YWluZXMlMjAlQzMlQTAlMjBlYXUlM0MlMkZhJTNFJTNDJTJGbGklM0UlMEElMjAlMDklM0NsaSUzRSUzQ2ElMjB0aXRsZSUzRCUyMiUyMiUyMGhyZWYlM0QlMjIlMkYxMC1wcm9tb3Rpb25zJTJGJTIyJTNFUHJvbW90aW9ucyUzQyUyRmElM0UlM0MlMkZsaSUzRSUwQSUzQyUyRnVsJTNFJTBBJTNDJTJGZGl2JTNFJTBBJTNDJTJGc2VjdGlvbiUzRQ==[\/vc_raw_html][\/vc_column][\/vc_row][vc_row][vc_column width=&#8221;1\/4&#8243;][vc_column_text] SOVEDIS\u00a0propose des\u00a0Fontaines \u00e0 eau\u00a0sur r\u00e9seau d&#8217;eau depuis 2005, suite \u00e0 une forte demande de ses clients. L&#8217;\u00e9t\u00e9 lorsqu&#8217;il fait chaud, une Fontaine \u00e0 eau est la bienvenue pour se rafra\u00eechir et boire une eau pure fra\u00eeche ou temp\u00e9r\u00e9e selon l&#8217;envie. [&hellip;]<\/p>\n","protected":false},"author":1,"featured_media":0,"parent":256,"menu_order":0,"comment_status":"closed","ping_status":"closed","template":"","meta":{"_et_pb_use_builder":"","_et_pb_old_content":"","_et_gb_content_width":"","footnotes":""},"class_list":["post-536","page","type-page","status-publish","hentry"],"_links":{"self":[{"href":"https:\/\/www.sovedis.pro\/index.php\/wp-json\/wp\/v2\/pages\/536","targetHints":{"allow":["GET"]}}],"collection":[{"href":"https:\/\/www.sovedis.pro\/index.php\/wp-json\/wp\/v2\/pages"}],"about":[{"href":"https:\/\/www.sovedis.pro\/index.php\/wp-json\/wp\/v2\/types\/page"}],"author":[{"embeddable":true,"href":"https:\/\/www.sovedis.pro\/index.php\/wp-json\/wp\/v2\/users\/1"}],"replies":[{"embeddable":true,"href":"https:\/\/www.sovedis.pro\/index.php\/wp-json\/wp\/v2\/comments?post=536"}],"version-history":[{"count":0,"href":"https:\/\/www.sovedis.pro\/index.php\/wp-json\/wp\/v2\/pages\/536\/revisions"}],"up":[{"embeddable":true,"href":"https:\/\/www.sovedis.pro\/index.php\/wp-json\/wp\/v2\/pages\/256"}],"wp:attachment":[{"href":"https:\/\/www.sovedis.pro\/index.php\/wp-json\/wp\/v2\/media?parent=536"}],"curies":[{"name":"wp","href":"https:\/\/api.w.org\/{rel}","templated":true}]}}