{"id":538,"date":"2018-09-14T18:58:41","date_gmt":"2018-09-14T18:58:41","guid":{"rendered":"http:\/\/www.sovedis.com\/?page_id=538"},"modified":"2018-09-14T18:58:41","modified_gmt":"2018-09-14T18:58:41","slug":"evopure-tt","status":"publish","type":"page","link":"https:\/\/www.sovedis.pro\/index.php\/produits\/3-fontaines-eau\/evopure-tt\/","title":{"rendered":"EVOPURE TT"},"content":{"rendered":"<p>[vc_row full_width=&#8221;stretch_row_content_no_spaces&#8221; css=&#8221;.vc_custom_1536912721059{margin-top: 0px !important;padding-top: 0px !important;}&#8221;][vc_column][vc_raw_html css=&#8221;.vc_custom_1537525407826{border-bottom-width: 1px !important;border-bottom-color: #d3d3d3 !important;border-bottom-style: solid !important;}&#8221;]JTNDc2VjdGlvbiUyMGNsYXNzJTNEJTIyc3NtZW51JTIyJTNFJTBBJTNDZGl2JTIwY2xhc3MlM0QlMjJjb250YWluZXIlMjIlM0UlMEElM0N1bCUzRSUwQSUyMCUwOSUzQ2xpJTNFJTNDYSUyMHRpdGxlJTNEJTIyJTIyJTIwaHJlZiUzRCUyMiUyRjEtZGlzdHJpYnV0ZXVycy1kZS1ib2lzc29uJTJGJTIyJTNFRGlzdHJpYnV0ZXVycyUyMGRlJTIwYm9pc3NvbiUzQyUyRmElM0UlM0MlMkZsaSUzRSUwQSUyMCUwOSUzQ2xpJTNFJTNDYSUyMHRpdGxlJTNEJTIyJTIyJTIwaHJlZiUzRCUyMiUyRjQtbWFjaGluZXMtY2FmZSUyRiUyMiUzRU1hY2hpbmVzJTIwJUMzJUEwJTIwY2FmJUMzJUE5JTNDJTJGYSUzRSUzQyUyRmxpJTNFJTBBJTIwJTA5JTNDbGklM0UlM0NhJTIwY2xhc3MlM0QlMjJhY3RpdmUlMjIlMjAlMjB0aXRsZSUzRCUyMiUyMiUyMGhyZWYlM0QlMjIlMkYzLWZvbnRhaW5lcy1lYXUlMkYlMjIlM0VGb250YWluZXMlMjAlQzMlQTAlMjBlYXUlM0MlMkZhJTNFJTNDJTJGbGklM0UlMEElMjAlMDklM0NsaSUzRSUzQ2ElMjB0aXRsZSUzRCUyMiUyMiUyMGhyZWYlM0QlMjIlMkYxMC1wcm9tb3Rpb25zJTJGJTIyJTNFUHJvbW90aW9ucyUzQyUyRmElM0UlM0MlMkZsaSUzRSUwQSUzQyUyRnVsJTNFJTBBJTNDJTJGZGl2JTNFJTBBJTNDJTJGc2VjdGlvbiUzRQ==[\/vc_raw_html][\/vc_column][\/vc_row][vc_row][vc_column width=&#8221;1\/4&#8243;][vc_column_text]<\/p>\n<h1>EVOPURE TT<\/h1>\n<h3>Les fontaines<\/h3>\n<h4>Gr\u00e2ce \u00e0 sa petite taille et la sobri\u00e9t\u00e9 de ses courbes, la fontaine \u00e0 eau Evopure TT trouvera tr\u00e8s facilement sa place dans les bureaux, caf\u00e9t\u00e9rias, comptoirs&#8230;<\/h4>\n<p>De plus, elle est \u00e9quip\u00e9e de Protection sanitaire des robinets pour une meilleure hygi\u00e8ne et S\u00e9curit\u00e9 de mise hors service en cas de trop plein.<\/p>\n<p>Syst\u00e8me de r\u00e9frig\u00e9ration \u00e0 d\u00e9tente directe \u00e0 banc de glace\u00a0: cette technologie de r\u00e9frig\u00e9ration permet une optimisation du froid (30 L\/h).<\/p>\n<p>Protection sanitaire des robinets pour une meilleure hygi\u00e8ne. S\u00e9curit\u00e9 anti-br\u00fblure eau chaude. S\u00e9curit\u00e9 de mise hors service en cas de trop plein.<\/p>\n<p><strong>\u00a0<\/strong>[\/vc_column_text][vc_column_text]<\/p>\n<div class=\"demande-devis\"><a title=\"Demandez un devis\" href=\"\/contact\/\">Demandez<br \/>\nun devis<\/a><\/div>\n<p>[\/vc_column_text][\/vc_column][vc_column width=&#8221;1\/2&#8243;][vc_single_image image=&#8221;1127&#8243; img_size=&#8221;full&#8221; css=&#8221;.vc_custom_1544705070968{margin-top: 3% !important;border-top-width: 1px !important;border-right-width: 1px !important;border-bottom-width: 1px !important;border-left-width: 1px !important;border-left-color: #d3d3d3 !important;border-left-style: solid !important;border-right-color: #d3d3d3 !important;border-right-style: solid !important;border-top-color: #d3d3d3 !important;border-top-style: solid !important;border-bottom-color: #d3d3d3 !important;border-bottom-style: solid !important;}&#8221;][\/vc_column][vc_column width=&#8221;1\/4&#8243;][vc_column_text]Option\u00a0:<strong><br \/>\nEau froide + eau temp\u00e9r\u00e9e<br \/>\nEau froide + eau chaude<\/strong><\/p>\n<p>Fabricant\u00a0:<br \/>\n<strong>Mistral \u2013 fabrication fran\u00e7aise.<\/strong><\/p>\n<p>Dimensions :<br \/>\nL 33 x H 53 x P 42 cm<\/p>\n<p>Puissance : 500 W<\/p>\n<p>Poids : 28 kg[\/vc_column_text][vc_row_inner][vc_column_inner width=&#8221;1\/2&#8243;][vc_single_image image=&#8221;381&#8243; img_size=&#8221;&#8221;][\/vc_column_inner][vc_column_inner width=&#8221;1\/2&#8243;][\/vc_column_inner][\/vc_row_inner][\/vc_column][\/vc_row][vc_row][vc_column][vc_column_text]<\/p>\n<h4 style=\"text-align: center;\">D\u00e9couvrez ci-dessous la gamme des produits associ\u00e9s &#8230;<\/h4>\n<p>[\/vc_column_text][vc_row_inner][vc_column_inner width=&#8221;1\/3&#8243;][\/vc_column_inner][vc_column_inner width=&#8221;1\/3&#8243;][vc_basic_grid post_type=&#8221;page&#8221; max_items=&#8221;10&#8243; style=&#8221;load-more&#8221; items_per_page=&#8221;4&#8243; element_width=&#8221;12&#8243; orderby=&#8221;rand&#8221; order=&#8221;ASC&#8221; item=&#8221;masonryGrid_SlideFromLeft&#8221; btn_color=&#8221;default&#8221; grid_id=&#8221;vc_gid:1549463496938-104d91fd-1d34-10&#8243; taxonomies=&#8221;85&#8243; exclude=&#8221;538&#8243;][\/vc_column_inner][vc_column_inner width=&#8221;1\/3&#8243;][\/vc_column_inner][\/vc_row_inner][\/vc_column][\/vc_row][vc_row full_width=&#8221;stretch_row_content_no_spaces&#8221; content_placement=&#8221;top&#8221; css=&#8221;.vc_custom_1536854671375{background-color: #e0e0e0 !important;}&#8221;][vc_column][vc_row_inner content_placement=&#8221;top&#8221; css=&#8221;.vc_custom_1536853698790{margin-top: 0px !important;padding-top: 0px !important;}&#8221;][vc_column_inner width=&#8221;1\/6&#8243;][vc_column_text css=&#8221;.vc_custom_1536857156183{margin-left: 5% !important;}&#8221;]<\/p>\n<div style=\"text-align: left; font-family: PT Sans Narrow; font-size: 29px; font-weight: 600; color: #425059!important; line-height: 32px!important;\">5 BONNES RAISONS<br \/>\nDE COMMANDER<\/div>\n<p>[\/vc_column_text][\/vc_column_inner][vc_column_inner width=&#8221;1\/6&#8243;][vc_column_text css=&#8221;.vc_custom_1536855052664{border-right-width: 1px !important;border-right-color: #425059 !important;border-right-style: solid !important;}&#8221;]<\/p>\n<div style=\"text-align: center; font-family: PT Sans Narrow; font-size: 19px; font-weight: 600;\">GESTIONNAIRE DEPUIS<br \/>\n<span style=\"font-size: 50px; line-height: 50px;\">1981<\/span><\/div>\n<p>[\/vc_column_text][\/vc_column_inner][vc_column_inner width=&#8221;1\/6&#8243;][vc_column_text css=&#8221;.vc_custom_1536855061742{border-right-width: 1px !important;border-right-color: #425059 !important;border-right-style: solid !important;}&#8221;]<\/p>\n<div style=\"text-align: center; font-family: PT Sans Narrow; font-size: 19px; font-weight: 600;\">LIVRAISON SOUS<br \/>\n<span style=\"font-size: 50px; line-height: 50px;\">24h<\/span><\/div>\n<p>[\/vc_column_text][\/vc_column_inner][vc_column_inner width=&#8221;1\/6&#8243;][vc_column_text css=&#8221;.vc_custom_1536855069625{border-right-width: 1px !important;border-right-color: #425059 !important;border-right-style: solid !important;}&#8221;]<\/p>\n<div style=\"text-align: center; font-family: PT Sans Narrow; font-size: 19px; font-weight: 600;\">D\u00c9PANNAGE SOUS<br \/>\n<span style=\"font-size: 50px; line-height: 50px;\">24h<\/span><\/div>\n<p>[\/vc_column_text][\/vc_column_inner][vc_column_inner width=&#8221;1\/6&#8243;][vc_column_text css=&#8221;.vc_custom_1536855077450{border-right-width: 1px !important;border-right-color: #425059 !important;border-right-style: solid !important;}&#8221;]<\/p>\n<div style=\"text-align: center; font-family: PT Sans Narrow; font-size: 19px; font-weight: 600;\">INSTALLATION<br \/>\n<span style=\"font-size: 50px; line-height: 50px;\">Gratuite<\/span><\/div>\n<p>[\/vc_column_text][\/vc_column_inner][vc_column_inner width=&#8221;1\/6&#8243;][vc_column_text]<\/p>\n<div style=\"text-align: center; font-family: PT Sans Narrow; font-size: 19px; font-weight: 600;\">FORMATION<br \/>\n<span style=\"font-size: 50px; line-height: 50px;\">Offerte<\/span><\/div>\n<p>[\/vc_column_text][\/vc_column_inner][\/vc_row_inner][\/vc_column][\/vc_row]<\/p>\n","protected":false},"excerpt":{"rendered":"<p>Gr\u00e2ce \u00e0 sa petite taille et la sobri\u00e9t\u00e9 de ses courbes, la fontaine \u00e0 eau Evopure TT trouvera tr\u00e8s facilement sa place dans les bureaux, caf\u00e9t\u00e9rias, comptoirs&#8230;<\/p>\n","protected":false},"author":1,"featured_media":1127,"parent":536,"menu_order":0,"comment_status":"closed","ping_status":"closed","template":"","meta":{"_et_pb_use_builder":"","_et_pb_old_content":"","_et_gb_content_width":"","footnotes":""},"class_list":["post-538","page","type-page","status-publish","has-post-thumbnail","hentry"],"_links":{"self":[{"href":"https:\/\/www.sovedis.pro\/index.php\/wp-json\/wp\/v2\/pages\/538","targetHints":{"allow":["GET"]}}],"collection":[{"href":"https:\/\/www.sovedis.pro\/index.php\/wp-json\/wp\/v2\/pages"}],"about":[{"href":"https:\/\/www.sovedis.pro\/index.php\/wp-json\/wp\/v2\/types\/page"}],"author":[{"embeddable":true,"href":"https:\/\/www.sovedis.pro\/index.php\/wp-json\/wp\/v2\/users\/1"}],"replies":[{"embeddable":true,"href":"https:\/\/www.sovedis.pro\/index.php\/wp-json\/wp\/v2\/comments?post=538"}],"version-history":[{"count":0,"href":"https:\/\/www.sovedis.pro\/index.php\/wp-json\/wp\/v2\/pages\/538\/revisions"}],"up":[{"embeddable":true,"href":"https:\/\/www.sovedis.pro\/index.php\/wp-json\/wp\/v2\/pages\/536"}],"wp:featuredmedia":[{"embeddable":true,"href":"https:\/\/www.sovedis.pro\/index.php\/wp-json\/wp\/v2\/media\/1127"}],"wp:attachment":[{"href":"https:\/\/www.sovedis.pro\/index.php\/wp-json\/wp\/v2\/media?parent=538"}],"curies":[{"name":"wp","href":"https:\/\/api.w.org\/{rel}","templated":true}]}}