{"id":740,"date":"2018-09-17T17:10:52","date_gmt":"2018-09-17T17:10:52","guid":{"rendered":"http:\/\/www.sovedis.com\/?page_id=740"},"modified":"2018-09-17T17:10:52","modified_gmt":"2018-09-17T17:10:52","slug":"necta","status":"publish","type":"page","link":"https:\/\/www.sovedis.pro\/index.php\/marques\/necta\/","title":{"rendered":"NECTA"},"content":{"rendered":"<p>[vc_row full_width=&#8221;stretch_row_content_no_spaces&#8221;][vc_column][vc_raw_html css=&#8221;.vc_custom_1544702685494{border-bottom-width: 1px !important;border-bottom-color: #d3d3d3 !important;border-bottom-style: solid !important;}&#8221;]JTNDc2VjdGlvbiUyMGNsYXNzJTNEJTIyc3NtZW51JTIyJTNFJTBBJTNDZGl2JTIwY2xhc3MlM0QlMjJjb250YWluZXIlMjIlM0UlMEElM0N1bCUzRSUwQSUyMCUwOSUzQ2xpJTNFJTNDYSUyMHRpdGxlJTNEJTIyJTIyJTIwaHJlZiUzRCUyMiUyRm1hcnF1ZXMlMkZsYXZhenphLWJsdWUlMkYlMjIlM0VMYXZhenphJTIwYmx1ZSUzQyUyRmElM0UlM0MlMkZsaSUzRSUwQSUyMCUwOSUzQ2xpJTNFJTNDYSUyMGNsYXNzJTNEJTIyYWN0aXZlJTIyJTIwdGl0bGUlM0QlMjIlMjIlMjBocmVmJTNEJTIyJTJGbWFycXVlcyUyRm5lY3RhJTJGJTIyJTNFbmVjdGElM0MlMkZhJTNFJTNDJTJGbGklM0UlMEElMjAlMDklM0NsaSUzRSUzQ2ElMjAlMjB0aXRsZSUzRCUyMiUyMiUyMGhyZWYlM0QlMjIlMkZtYXJxdWVzJTJGc2FlY28lMkYlMjIlM0VzYWVjbyUzQyUyRmElM0UlM0MlMkZsaSUzRSUwQSUyMCUwOSUzQ2xpJTNFJTNDYSUyMHRpdGxlJTNEJTIyJTIyJTIwaHJlZiUzRCUyMiUyRm1hcnF1ZXMlMkZtaXN0cmFsJTJGJTIyJTNFbWlzdHJhbCUzQyUyRmElM0UlM0MlMkZsaSUzRSUwQSUyMCUyMCUyMCUyMCUyMCUyMCUyMCUyMCUzQ2xpJTNFJTNDYSUyMHRpdGxlJTNEJTIyJTIyJTIwaHJlZiUzRCUyMiUyRm1hcnF1ZXMlMkZqb2ZlbWFyJTJGJTIyJTNFam9mZW1hciUzQyUyRmElM0UlM0MlMkZsaSUzRSUwQSUyMCUwOSUzQ2xpJTNFJTNDYSUyMHRpdGxlJTNEJTIyJTIyJTIwaHJlZiUzRCUyMiUyRm1hcnF1ZXMlMkZ0ZXJyYW1va2ElMkYlMjIlM0VUZXJyYW1va2ElM0MlMkZhJTNFJTNDJTJGbGklM0UlMEElM0MlMkZ1bCUzRSUwQSUzQyUyRmRpdiUzRSUwQSUzQyUyRnNlY3Rpb24lM0U=[\/vc_raw_html][\/vc_column][\/vc_row][vc_row][vc_column][vc_row_inner][vc_column_inner width=&#8221;1\/4&#8243;][vc_column_text]<\/p>\n<h1 style=\"text-align: left; font-size: 50px;\">NECTA<\/h1>\n<p><strong>Con\u00e7u pour r\u00e9pondre \u00e0 vos besoins<\/strong><\/p>\n<p><strong>Necta<\/strong> est la marque de r\u00e9f\u00e9rence du groupe <strong>Evoca<\/strong>.<br \/>\nAvec sa gamme compl\u00e8te de machines, <strong>Necta<\/strong> propose un vaste choix de produits et de services associ\u00e9s.[\/vc_column_text][vc_column_text]<\/p>\n<div class=\"demande-devis\"><a title=\"Demandez un devis\" href=\"\/contact\/\">Demandez<br \/>\nun devis<\/a><\/div>\n<p>[\/vc_column_text][\/vc_column_inner][vc_column_inner width=&#8221;3\/4&#8243;][vc_basic_grid post_type=&#8221;page&#8221; max_items=&#8221;10&#8243; grid_id=&#8221;vc_gid:1544777117548-5969e2b6-750f-2&#8243; taxonomies=&#8221;88&#8243;][\/vc_column_inner][\/vc_row_inner][\/vc_column][\/vc_row][vc_row full_width=&#8221;stretch_row_content_no_spaces&#8221; content_placement=&#8221;top&#8221; css=&#8221;.vc_custom_1537959550111{padding-right: 3% !important;padding-bottom: 0% !important;padding-left: 5% !important;background-color: #e0e0e0 !important;}&#8221;][vc_column][vc_row_inner content_placement=&#8221;top&#8221; css=&#8221;.vc_custom_1536853698790{margin-top: 0px !important;padding-top: 0px !important;}&#8221;][vc_column_inner width=&#8221;1\/6&#8243;][vc_column_text css=&#8221;.vc_custom_1537960189687{margin-right: 0px !important;padding-right: 10px !important;}&#8221; el_class=&#8221;5bonnes&#8221;]<\/p>\n<div style=\"font-family: PT Sans Narrow; font-size: 1.6em; font-weight: 600; color: #425059 !important; line-height: 110% !important; text-align: right;\">5 BONNES RAISONS DE COMMANDER<\/div>\n<p>[\/vc_column_text][\/vc_column_inner][vc_column_inner width=&#8221;1\/6&#8243;][vc_column_text css=&#8221;.vc_custom_1537960157955{border-right-width: 1px !important;padding-top: 2% !important;border-right-color: #425059 !important;border-right-style: solid !important;}&#8221;]<\/p>\n<div style=\"text-align: center; font-family: PT Sans Narrow; font-size: 1.2em; font-weight: 600;\">GESTIONNAIRE DEPUIS<br \/>\n<span style=\"font-size: 2.5em; line-height: 120%;\">1981<\/span><\/div>\n<p>[\/vc_column_text][\/vc_column_inner][vc_column_inner width=&#8221;1\/6&#8243;][vc_column_text css=&#8221;.vc_custom_1537947451683{border-right-width: 1px !important;padding-top: 2% !important;border-right-color: #425059 !important;border-right-style: solid !important;}&#8221;]<\/p>\n<div style=\"text-align: center; font-family: PT Sans Narrow; font-size: 1.2em; font-weight: 600;\">LIVRAISON SOUS<br \/>\n<span style=\"font-size: 2.5em; line-height: 120%;\">24h<\/span><\/div>\n<p>[\/vc_column_text][\/vc_column_inner][vc_column_inner width=&#8221;1\/6&#8243;][vc_column_text css=&#8221;.vc_custom_1537947460018{border-right-width: 1px !important;padding-top: 2% !important;border-right-color: #425059 !important;border-right-style: solid !important;}&#8221;]<\/p>\n<div style=\"text-align: center; font-family: PT Sans Narrow; font-size: 1.2em; font-weight: 600;\">D\u00c9PANNAGE SOUS<br \/>\n<span style=\"font-size: 2.5em; line-height: 120%;\">24h<\/span><\/div>\n<p>[\/vc_column_text][\/vc_column_inner][vc_column_inner width=&#8221;1\/6&#8243;][vc_column_text css=&#8221;.vc_custom_1537947473197{border-right-width: 1px !important;padding-top: 2% !important;border-right-color: #425059 !important;border-right-style: solid !important;}&#8221;]<\/p>\n<div style=\"text-align: center; font-family: PT Sans Narrow; font-size: 1.2em; font-weight: 600;\">INSTALLATION<br \/>\n<span style=\"font-size: 2.5em; line-height: 120%;\">Gratuite<\/span><\/div>\n<p>[\/vc_column_text][\/vc_column_inner][vc_column_inner width=&#8221;1\/6&#8243;][vc_column_text css=&#8221;.vc_custom_1537947482979{padding-top: 2% !important;}&#8221;]<\/p>\n<div style=\"text-align: center; font-family: PT Sans Narrow; font-size: 1.2em; font-weight: 600;\">FORMATION<br \/>\n<span style=\"font-size: 2.5em; line-height: 120%;\">Offerte<\/span><\/div>\n<p>[\/vc_column_text][\/vc_column_inner][\/vc_row_inner][\/vc_column][\/vc_row]<\/p>\n","protected":false},"excerpt":{"rendered":"<p>[vc_row full_width=&#8221;stretch_row_content_no_spaces&#8221;][vc_column][vc_raw_html css=&#8221;.vc_custom_1544702685494{border-bottom-width: 1px !important;border-bottom-color: #d3d3d3 !important;border-bottom-style: solid !important;}&#8221;]JTNDc2VjdGlvbiUyMGNsYXNzJTNEJTIyc3NtZW51JTIyJTNFJTBBJTNDZGl2JTIwY2xhc3MlM0QlMjJjb250YWluZXIlMjIlM0UlMEElM0N1bCUzRSUwQSUyMCUwOSUzQ2xpJTNFJTNDYSUyMHRpdGxlJTNEJTIyJTIyJTIwaHJlZiUzRCUyMiUyRm1hcnF1ZXMlMkZsYXZhenphLWJsdWUlMkYlMjIlM0VMYXZhenphJTIwYmx1ZSUzQyUyRmElM0UlM0MlMkZsaSUzRSUwQSUyMCUwOSUzQ2xpJTNFJTNDYSUyMGNsYXNzJTNEJTIyYWN0aXZlJTIyJTIwdGl0bGUlM0QlMjIlMjIlMjBocmVmJTNEJTIyJTJGbWFycXVlcyUyRm5lY3RhJTJGJTIyJTNFbmVjdGElM0MlMkZhJTNFJTNDJTJGbGklM0UlMEElMjAlMDklM0NsaSUzRSUzQ2ElMjAlMjB0aXRsZSUzRCUyMiUyMiUyMGhyZWYlM0QlMjIlMkZtYXJxdWVzJTJGc2FlY28lMkYlMjIlM0VzYWVjbyUzQyUyRmElM0UlM0MlMkZsaSUzRSUwQSUyMCUwOSUzQ2xpJTNFJTNDYSUyMHRpdGxlJTNEJTIyJTIyJTIwaHJlZiUzRCUyMiUyRm1hcnF1ZXMlMkZtaXN0cmFsJTJGJTIyJTNFbWlzdHJhbCUzQyUyRmElM0UlM0MlMkZsaSUzRSUwQSUyMCUyMCUyMCUyMCUyMCUyMCUyMCUyMCUzQ2xpJTNFJTNDYSUyMHRpdGxlJTNEJTIyJTIyJTIwaHJlZiUzRCUyMiUyRm1hcnF1ZXMlMkZqb2ZlbWFyJTJGJTIyJTNFam9mZW1hciUzQyUyRmElM0UlM0MlMkZsaSUzRSUwQSUyMCUwOSUzQ2xpJTNFJTNDYSUyMHRpdGxlJTNEJTIyJTIyJTIwaHJlZiUzRCUyMiUyRm1hcnF1ZXMlMkZ0ZXJyYW1va2ElMkYlMjIlM0VUZXJyYW1va2ElM0MlMkZhJTNFJTNDJTJGbGklM0UlMEElM0MlMkZ1bCUzRSUwQSUzQyUyRmRpdiUzRSUwQSUzQyUyRnNlY3Rpb24lM0U=[\/vc_raw_html][\/vc_column][\/vc_row][vc_row][vc_column][vc_row_inner][vc_column_inner width=&#8221;1\/4&#8243;][vc_column_text] NECTA Con\u00e7u pour r\u00e9pondre \u00e0 vos besoins Necta est la marque de r\u00e9f\u00e9rence du groupe Evoca. Avec sa gamme compl\u00e8te de machines, Necta propose un vaste choix de produits et de services associ\u00e9s.[\/vc_column_text][vc_column_text] Demandez un devis [\/vc_column_text][\/vc_column_inner][vc_column_inner width=&#8221;3\/4&#8243;][vc_basic_grid post_type=&#8221;page&#8221; max_items=&#8221;10&#8243; grid_id=&#8221;vc_gid:1544777117548-5969e2b6-750f-2&#8243; taxonomies=&#8221;88&#8243;][\/vc_column_inner][\/vc_row_inner][\/vc_column][\/vc_row][vc_row full_width=&#8221;stretch_row_content_no_spaces&#8221; content_placement=&#8221;top&#8221; css=&#8221;.vc_custom_1537959550111{padding-right: [&hellip;]<\/p>\n","protected":false},"author":1,"featured_media":0,"parent":221,"menu_order":0,"comment_status":"closed","ping_status":"closed","template":"","meta":{"_et_pb_use_builder":"","_et_pb_old_content":"","_et_gb_content_width":"","footnotes":""},"class_list":["post-740","page","type-page","status-publish","hentry"],"_links":{"self":[{"href":"https:\/\/www.sovedis.pro\/index.php\/wp-json\/wp\/v2\/pages\/740","targetHints":{"allow":["GET"]}}],"collection":[{"href":"https:\/\/www.sovedis.pro\/index.php\/wp-json\/wp\/v2\/pages"}],"about":[{"href":"https:\/\/www.sovedis.pro\/index.php\/wp-json\/wp\/v2\/types\/page"}],"author":[{"embeddable":true,"href":"https:\/\/www.sovedis.pro\/index.php\/wp-json\/wp\/v2\/users\/1"}],"replies":[{"embeddable":true,"href":"https:\/\/www.sovedis.pro\/index.php\/wp-json\/wp\/v2\/comments?post=740"}],"version-history":[{"count":0,"href":"https:\/\/www.sovedis.pro\/index.php\/wp-json\/wp\/v2\/pages\/740\/revisions"}],"up":[{"embeddable":true,"href":"https:\/\/www.sovedis.pro\/index.php\/wp-json\/wp\/v2\/pages\/221"}],"wp:attachment":[{"href":"https:\/\/www.sovedis.pro\/index.php\/wp-json\/wp\/v2\/media?parent=740"}],"curies":[{"name":"wp","href":"https:\/\/api.w.org\/{rel}","templated":true}]}}