{"id":940,"date":"2018-09-25T15:25:20","date_gmt":"2018-09-25T15:25:20","guid":{"rendered":"http:\/\/www.sovedis.com\/?page_id=940"},"modified":"2018-09-25T15:25:20","modified_gmt":"2018-09-25T15:25:20","slug":"saeco","status":"publish","type":"page","link":"https:\/\/www.sovedis.pro\/index.php\/marques\/saeco\/","title":{"rendered":"Saeco"},"content":{"rendered":"<p>[vc_row full_width=&#8221;stretch_row_content_no_spaces&#8221;][vc_column][vc_raw_html css=&#8221;.vc_custom_1544702709835{border-bottom-width: 1px !important;border-bottom-color: #d3d3d3 !important;border-bottom-style: solid !important;}&#8221;]JTNDc2VjdGlvbiUyMGNsYXNzJTNEJTIyc3NtZW51JTIyJTNFJTBBJTNDZGl2JTIwY2xhc3MlM0QlMjJjb250YWluZXIlMjIlM0UlMEElM0N1bCUzRSUwQSUyMCUwOSUzQ2xpJTNFJTNDYSUyMHRpdGxlJTNEJTIyJTIyJTIwaHJlZiUzRCUyMiUyRm1hcnF1ZXMlMkZsYXZhenphLWJsdWUlMkYlMjIlM0VMYXZhenphJTIwYmx1ZSUzQyUyRmElM0UlM0MlMkZsaSUzRSUwQSUyMCUwOSUzQ2xpJTNFJTNDYSUyMHRpdGxlJTNEJTIyJTIyJTIwaHJlZiUzRCUyMiUyRm1hcnF1ZXMlMkZuZWN0YSUyRiUyMiUzRW5lY3RhJTNDJTJGYSUzRSUzQyUyRmxpJTNFJTBBJTIwJTA5JTNDbGklM0UlM0NhJTIwY2xhc3MlM0QlMjJhY3RpdmUlMjIlMjB0aXRsZSUzRCUyMiUyMiUyMGhyZWYlM0QlMjIlMkZtYXJxdWVzJTJGc2FlY28lMkYlMjIlM0VzYWVjbyUzQyUyRmElM0UlM0MlMkZsaSUzRSUwQSUyMCUwOSUzQ2xpJTNFJTNDYSUyMHRpdGxlJTNEJTIyJTIyJTIwaHJlZiUzRCUyMiUyRm1hcnF1ZXMlMkZtaXN0cmFsJTJGJTIyJTNFbWlzdHJhbCUzQyUyRmElM0UlM0MlMkZsaSUzRSUwQSUyMCUyMCUyMCUyMCUyMCUyMCUyMCUyMCUzQ2xpJTNFJTNDYSUyMHRpdGxlJTNEJTIyJTIyJTIwaHJlZiUzRCUyMiUyRm1hcnF1ZXMlMkZqb2ZlbWFyJTJGJTIyJTNFam9mZW1hciUzQyUyRmElM0UlM0MlMkZsaSUzRSUwQSUyMCUwOSUzQ2xpJTNFJTNDYSUyMHRpdGxlJTNEJTIyJTIyJTIwaHJlZiUzRCUyMiUyRm1hcnF1ZXMlMkZ0ZXJyYW1va2ElMkYlMjIlM0VUZXJyYW1va2ElM0MlMkZhJTNFJTNDJTJGbGklM0UlMEElM0MlMkZ1bCUzRSUwQSUzQyUyRmRpdiUzRSUwQSUzQyUyRnNlY3Rpb24lM0U=[\/vc_raw_html][\/vc_column][\/vc_row][vc_row][vc_column][vc_row_inner][vc_column_inner width=&#8221;1\/2&#8243;][vc_column_text]<\/p>\n<h1 style=\"text-align: left; font-size: 50px;\">SAECO<\/h1>\n<p>Chez<strong> Sovedis<\/strong>, nous sommes tr\u00e8s attach\u00e9s au caf\u00e9 italien. Est-ce la promesse du soleil, de la bonne humeur ? C\u2019est bien possible ! Nous vous proposons d\u2019apporter un peu de cette joie de vivre dans votre entreprise, avec les machines \u00e0 caf\u00e9 Saeco.<\/p>\n<p><strong>Saeco<\/strong> est une marque italienne qui a vu le jour au d\u00e9but des ann\u00e9es 80 et a depuis rejoint le groupe Phillips. Elle s\u2019est fait conna\u00eetre en inventant la premi\u00e8re machine \u00e0 expresso super-automatique.<\/p>\n<h3>La machine \u00e0 caf\u00e9 super automatique<\/h3>\n<p>Pourquoi \u201csuper\u201d automatique ? C\u2019est parce que cette technologie offre de nombreuses fonctionnalit\u00e9s visant \u00e0 vous faciliter la t\u00e2che lorsque vous pr\u00e9parez du caf\u00e9\u00a0: vous pouvez non seulement servir un d\u00e9licieux breuvage de mani\u00e8re simple et rapide, \u00ab\u00a0du grain \u00e0 la tasse\u00a0\u00bb, mais aussi b\u00e9n\u00e9ficier d\u2019une machine qui se nettoie et se d\u00e9tartre elle-m\u00eame.<\/p>\n<p>A chaque mise en marche ou arr\u00eat de la machine \u00e0 caf\u00e9, le circuit du caf\u00e9 est nettoy\u00e9 \u00e0 l\u2019eau afin de vous garantir un caf\u00e9 au go\u00fbt et \u00e0 la qualit\u00e9 irr\u00e9prochable. Lorsqu\u2019il est temps d\u2019envisager un d\u00e9tartrage, la machine vous informe automatiquement et communique des instructions claires et pr\u00e9cises pour effectuer le d\u00e9tartrage.<\/p>\n<h3>Saeco, l\u2019innovation pour votre entreprise<\/h3>\n<p>Les innovations imagin\u00e9es par <strong>Saeco<\/strong> ne s\u2019arr\u00eatent pas l\u00e0. Au fil des ann\u00e9es, elles ont \u00e9t\u00e9 adapt\u00e9es au monde de l\u2019entreprise pour proposer des machines \u00e0 caf\u00e9 adapt\u00e9es \u00e0 tous les besoins. De la petite machine \u00e0 caf\u00e9 en grain qui agr\u00e9mentera \u00e0 la perfection une salle de pause ou un bureau au distributeur de caf\u00e9 \u00e9quip\u00e9 des derni\u00e8res technologies, vous trouverez forc\u00e9ment la solution qui vous convient\u00a0!<\/p>\n<p>Adeptes de cappucino, r\u00e9jouissez-vous\u00a0! S<strong>aeco<\/strong> poss\u00e8de une v\u00e9ritable expertise pour cr\u00e9er une mousse de lait l\u00e9g\u00e8re et g\u00e9n\u00e9reuse\u00a0qui donnera \u00e0 vos boissons une touche de gourmandise bienvenue\u00a0!<\/p>\n<p>Quant aux distributeurs de caf\u00e9, ils offrent non seulement un large choix de boissons et une grande capacit\u00e9 de stockage mais aussi des innovations technologiques qui s\u00e9duiront les entreprises d\u00e9sireuses d\u2019int\u00e9grer leur machine \u00e0 caf\u00e9 dans leur strat\u00e9gie de communication. Les mod\u00e8les les plus r\u00e9cents int\u00e8grent un \u00e9cran 19 pouces\u00a0qui se pr\u00eatera \u00e0 toutes vos id\u00e9es cr\u00e9atives\u00a0! Diffuser des informations sur l\u2019actualit\u00e9 de votre entreprise, cr\u00e9er une ambiance d\u00e9tendue dans une caf\u00e9t\u00e9ria en proposant la m\u00e9t\u00e9o ou l\u2019horoscope du jour, toutes les possibilit\u00e9s sont envisageables\u00a0!<\/p>\n<p><strong>Saeco<\/strong> est une marque de caf\u00e9 qui ne cesse d\u2019innover pour rendre la vie de ses consommateurs un peu plus souriante\u2026 et chez <strong>Sovedis<\/strong>, on adh\u00e8re\u00a0![\/vc_column_text][vc_column_text]<\/p>\n<div class=\"demande-devis\"><a title=\"Demandez un devis\" href=\"\/contact\/\">Demandez<br \/>\nun devis<\/a><\/div>\n<p>[\/vc_column_text][\/vc_column_inner][vc_column_inner width=&#8221;1\/2&#8243;][vc_basic_grid post_type=&#8221;page&#8221; max_items=&#8221;10&#8243; element_width=&#8221;6&#8243; grid_id=&#8221;vc_gid:1544702703208-bdfd8ba2-51f3-0&#8243; taxonomies=&#8221;91&#8243;][\/vc_column_inner][\/vc_row_inner][\/vc_column][\/vc_row][vc_row full_width=&#8221;stretch_row_content_no_spaces&#8221; content_placement=&#8221;top&#8221; css=&#8221;.vc_custom_1537959550111{padding-right: 3% !important;padding-bottom: 0% !important;padding-left: 5% !important;background-color: #e0e0e0 !important;}&#8221;][vc_column][vc_row_inner content_placement=&#8221;top&#8221; css=&#8221;.vc_custom_1536853698790{margin-top: 0px !important;padding-top: 0px !important;}&#8221;][vc_column_inner width=&#8221;1\/6&#8243;][vc_column_text css=&#8221;.vc_custom_1537960189687{margin-right: 0px !important;padding-right: 10px !important;}&#8221; el_class=&#8221;5bonnes&#8221;]<\/p>\n<div style=\"font-family: PT Sans Narrow; font-size: 1.6em; font-weight: 600; color: #425059 !important; line-height: 110% !important; text-align: right;\">5 BONNES RAISONS DE COMMANDER<\/div>\n<p>[\/vc_column_text][\/vc_column_inner][vc_column_inner width=&#8221;1\/6&#8243;][vc_column_text css=&#8221;.vc_custom_1537960157955{border-right-width: 1px !important;padding-top: 2% !important;border-right-color: #425059 !important;border-right-style: solid !important;}&#8221;]<\/p>\n<div style=\"text-align: center; font-family: PT Sans Narrow; font-size: 1.2em; font-weight: 600;\">GESTIONNAIRE DEPUIS<br \/>\n<span style=\"font-size: 2.5em; line-height: 120%;\">1981<\/span><\/div>\n<p>[\/vc_column_text][\/vc_column_inner][vc_column_inner width=&#8221;1\/6&#8243;][vc_column_text css=&#8221;.vc_custom_1537947451683{border-right-width: 1px !important;padding-top: 2% !important;border-right-color: #425059 !important;border-right-style: solid !important;}&#8221;]<\/p>\n<div style=\"text-align: center; font-family: PT Sans Narrow; font-size: 1.2em; font-weight: 600;\">LIVRAISON SOUS<br \/>\n<span style=\"font-size: 2.5em; line-height: 120%;\">24h<\/span><\/div>\n<p>[\/vc_column_text][\/vc_column_inner][vc_column_inner width=&#8221;1\/6&#8243;][vc_column_text css=&#8221;.vc_custom_1537947460018{border-right-width: 1px !important;padding-top: 2% !important;border-right-color: #425059 !important;border-right-style: solid !important;}&#8221;]<\/p>\n<div style=\"text-align: center; font-family: PT Sans Narrow; font-size: 1.2em; font-weight: 600;\">D\u00c9PANNAGE SOUS<br \/>\n<span style=\"font-size: 2.5em; line-height: 120%;\">24h<\/span><\/div>\n<p>[\/vc_column_text][\/vc_column_inner][vc_column_inner width=&#8221;1\/6&#8243;][vc_column_text css=&#8221;.vc_custom_1537947473197{border-right-width: 1px !important;padding-top: 2% !important;border-right-color: #425059 !important;border-right-style: solid !important;}&#8221;]<\/p>\n<div style=\"text-align: center; font-family: PT Sans Narrow; font-size: 1.2em; font-weight: 600;\">INSTALLATION<br \/>\n<span style=\"font-size: 2.5em; line-height: 120%;\">Gratuite<\/span><\/div>\n<p>[\/vc_column_text][\/vc_column_inner][vc_column_inner width=&#8221;1\/6&#8243;][vc_column_text css=&#8221;.vc_custom_1537947482979{padding-top: 2% !important;}&#8221;]<\/p>\n<div style=\"text-align: center; font-family: PT Sans Narrow; font-size: 1.2em; font-weight: 600;\">FORMATION<br \/>\n<span style=\"font-size: 2.5em; line-height: 120%;\">Offerte<\/span><\/div>\n<p>[\/vc_column_text][\/vc_column_inner][\/vc_row_inner][\/vc_column][\/vc_row]<\/p>\n","protected":false},"excerpt":{"rendered":"<p>[vc_row full_width=&#8221;stretch_row_content_no_spaces&#8221;][vc_column][vc_raw_html css=&#8221;.vc_custom_1544702709835{border-bottom-width: 1px !important;border-bottom-color: #d3d3d3 !important;border-bottom-style: solid !important;}&#8221;]JTNDc2VjdGlvbiUyMGNsYXNzJTNEJTIyc3NtZW51JTIyJTNFJTBBJTNDZGl2JTIwY2xhc3MlM0QlMjJjb250YWluZXIlMjIlM0UlMEElM0N1bCUzRSUwQSUyMCUwOSUzQ2xpJTNFJTNDYSUyMHRpdGxlJTNEJTIyJTIyJTIwaHJlZiUzRCUyMiUyRm1hcnF1ZXMlMkZsYXZhenphLWJsdWUlMkYlMjIlM0VMYXZhenphJTIwYmx1ZSUzQyUyRmElM0UlM0MlMkZsaSUzRSUwQSUyMCUwOSUzQ2xpJTNFJTNDYSUyMHRpdGxlJTNEJTIyJTIyJTIwaHJlZiUzRCUyMiUyRm1hcnF1ZXMlMkZuZWN0YSUyRiUyMiUzRW5lY3RhJTNDJTJGYSUzRSUzQyUyRmxpJTNFJTBBJTIwJTA5JTNDbGklM0UlM0NhJTIwY2xhc3MlM0QlMjJhY3RpdmUlMjIlMjB0aXRsZSUzRCUyMiUyMiUyMGhyZWYlM0QlMjIlMkZtYXJxdWVzJTJGc2FlY28lMkYlMjIlM0VzYWVjbyUzQyUyRmElM0UlM0MlMkZsaSUzRSUwQSUyMCUwOSUzQ2xpJTNFJTNDYSUyMHRpdGxlJTNEJTIyJTIyJTIwaHJlZiUzRCUyMiUyRm1hcnF1ZXMlMkZtaXN0cmFsJTJGJTIyJTNFbWlzdHJhbCUzQyUyRmElM0UlM0MlMkZsaSUzRSUwQSUyMCUyMCUyMCUyMCUyMCUyMCUyMCUyMCUzQ2xpJTNFJTNDYSUyMHRpdGxlJTNEJTIyJTIyJTIwaHJlZiUzRCUyMiUyRm1hcnF1ZXMlMkZqb2ZlbWFyJTJGJTIyJTNFam9mZW1hciUzQyUyRmElM0UlM0MlMkZsaSUzRSUwQSUyMCUwOSUzQ2xpJTNFJTNDYSUyMHRpdGxlJTNEJTIyJTIyJTIwaHJlZiUzRCUyMiUyRm1hcnF1ZXMlMkZ0ZXJyYW1va2ElMkYlMjIlM0VUZXJyYW1va2ElM0MlMkZhJTNFJTNDJTJGbGklM0UlMEElM0MlMkZ1bCUzRSUwQSUzQyUyRmRpdiUzRSUwQSUzQyUyRnNlY3Rpb24lM0U=[\/vc_raw_html][\/vc_column][\/vc_row][vc_row][vc_column][vc_row_inner][vc_column_inner width=&#8221;1\/2&#8243;][vc_column_text] SAECO Chez Sovedis, nous sommes tr\u00e8s attach\u00e9s au caf\u00e9 italien. Est-ce la promesse du soleil, de la bonne humeur ? C\u2019est bien possible ! Nous vous proposons d\u2019apporter un peu de cette joie de vivre dans votre entreprise, avec les machines \u00e0 caf\u00e9 Saeco. Saeco [&hellip;]<\/p>\n","protected":false},"author":1,"featured_media":0,"parent":221,"menu_order":0,"comment_status":"closed","ping_status":"closed","template":"","meta":{"_et_pb_use_builder":"","_et_pb_old_content":"","_et_gb_content_width":"","footnotes":""},"class_list":["post-940","page","type-page","status-publish","hentry"],"_links":{"self":[{"href":"https:\/\/www.sovedis.pro\/index.php\/wp-json\/wp\/v2\/pages\/940","targetHints":{"allow":["GET"]}}],"collection":[{"href":"https:\/\/www.sovedis.pro\/index.php\/wp-json\/wp\/v2\/pages"}],"about":[{"href":"https:\/\/www.sovedis.pro\/index.php\/wp-json\/wp\/v2\/types\/page"}],"author":[{"embeddable":true,"href":"https:\/\/www.sovedis.pro\/index.php\/wp-json\/wp\/v2\/users\/1"}],"replies":[{"embeddable":true,"href":"https:\/\/www.sovedis.pro\/index.php\/wp-json\/wp\/v2\/comments?post=940"}],"version-history":[{"count":0,"href":"https:\/\/www.sovedis.pro\/index.php\/wp-json\/wp\/v2\/pages\/940\/revisions"}],"up":[{"embeddable":true,"href":"https:\/\/www.sovedis.pro\/index.php\/wp-json\/wp\/v2\/pages\/221"}],"wp:attachment":[{"href":"https:\/\/www.sovedis.pro\/index.php\/wp-json\/wp\/v2\/media?parent=940"}],"curies":[{"name":"wp","href":"https:\/\/api.w.org\/{rel}","templated":true}]}}