{"id":981,"date":"2018-09-25T17:12:13","date_gmt":"2018-09-25T17:12:13","guid":{"rendered":"http:\/\/www.sovedis.com\/?page_id=981"},"modified":"2018-09-25T17:12:13","modified_gmt":"2018-09-25T17:12:13","slug":"jofemar","status":"publish","type":"page","link":"https:\/\/www.sovedis.pro\/index.php\/jofemar\/","title":{"rendered":"JOFEMAR"},"content":{"rendered":"<p>[vc_row full_width=&#8221;stretch_row_content_no_spaces&#8221;][vc_column][vc_raw_html css=&#8221;.vc_custom_1544702776119{border-bottom-width: 1px !important;border-bottom-color: #d3d3d3 !important;border-bottom-style: solid !important;}&#8221;]JTNDc2VjdGlvbiUyMGNsYXNzJTNEJTIyc3NtZW51JTIyJTNFJTBBJTNDZGl2JTIwY2xhc3MlM0QlMjJjb250YWluZXIlMjIlM0UlMEElM0N1bCUzRSUwQSUyMCUwOSUzQ2xpJTNFJTNDYSUyMHRpdGxlJTNEJTIyJTIyJTIwaHJlZiUzRCUyMiUyRm1hcnF1ZXMlMkZsYXZhenphLWJsdWUlMkYlMjIlM0VMYXZhenphJTIwYmx1ZSUzQyUyRmElM0UlM0MlMkZsaSUzRSUwQSUyMCUwOSUzQ2xpJTNFJTNDYSUyMHRpdGxlJTNEJTIyJTIyJTIwaHJlZiUzRCUyMiUyRm1hcnF1ZXMlMkZuZWN0YSUyRiUyMiUzRW5lY3RhJTNDJTJGYSUzRSUzQyUyRmxpJTNFJTBBJTIwJTA5JTNDbGklM0UlM0NhJTIwJTIwdGl0bGUlM0QlMjIlMjIlMjBocmVmJTNEJTIyJTJGbWFycXVlcyUyRnNhZWNvJTJGJTIyJTNFc2FlY28lM0MlMkZhJTNFJTNDJTJGbGklM0UlMEElMjAlMDklM0NsaSUzRSUzQ2ElMjB0aXRsZSUzRCUyMiUyMiUyMGhyZWYlM0QlMjIlMkZtYXJxdWVzJTJGbWlzdHJhbCUyRiUyMiUzRW1pc3RyYWwlM0MlMkZhJTNFJTNDJTJGbGklM0UlMEElMjAlMjAlMjAlMjAlMjAlMjAlMjAlMjAlM0NsaSUzRSUzQ2ElMjBjbGFzcyUzRCUyMmFjdGl2ZSUyMiUyMHRpdGxlJTNEJTIyJTIyJTIwaHJlZiUzRCUyMiUyRm1hcnF1ZXMlMkZqb2ZlbWFyJTJGJTIyJTNFam9mZW1hciUzQyUyRmElM0UlM0MlMkZsaSUzRSUwQSUyMCUwOSUzQ2xpJTNFJTNDYSUyMHRpdGxlJTNEJTIyJTIyJTIwaHJlZiUzRCUyMiUyRm1hcnF1ZXMlMkZ0ZXJyYW1va2ElMkYlMjIlM0VUZXJyYW1va2ElM0MlMkZhJTNFJTNDJTJGbGklM0UlMEElM0MlMkZ1bCUzRSUwQSUzQyUyRmRpdiUzRSUwQSUzQyUyRnNlY3Rpb24lM0U=[\/vc_raw_html][\/vc_column][\/vc_row][vc_row][vc_column][vc_row_inner][vc_column_inner width=&#8221;1\/2&#8243;][vc_column_text]<\/p>\n<h1 style=\"text-align: left; font-size: 50px;\">JOFEMAR<\/h1>\n<p><strong>Jofemar VENDING<\/strong> est la <strong>Division de Jofemar Corporation<\/strong> sp\u00e9cialis\u00e9e dans la conception, la fabrication et la vente de solutions automatis\u00e9es de vente et de distribution, de syst\u00e8mes de paiement, de t\u00e9l\u00e9m\u00e9trie et de logiciels de gestion pour le march\u00e9 de la distribution.<\/p>\n<p>Avec une installation industrielle de plus de 52 000 m\u00e8tres carr\u00e9s situ\u00e9e \u00e0 Peralta (Navarre) et un centre de recherche et d\u00e9veloppement int\u00e9gr\u00e9 par les meilleurs professionnels, Jofemar fabrique avec la technologie interne pour les clients dans le monde entier et est l&#8217;un des principaux leaders dans son secteur.<\/p>\n<p>La soci\u00e9t\u00e9 dispose de cinq bureaux nationaux et de quatre filiales commerciales situ\u00e9es aux \u00c9tats-Unis, en France, en Angleterre et au Br\u00e9sil, en plus d&#8217;un large r\u00e9seau de distributeurs officiels dans le monde entier. Jofemar offre une gamme large et innovante de produits qui comprend plusieurs familles de distributeurs automatiques (tabac, boissons, glaces et produits surgel\u00e9s, collations ou Repas pr\u00e9cuits, entre autres), syst\u00e8mes de paiement, solutions technologiques compl\u00e8tes pour diff\u00e9rents mod\u00e8les d&#8217;affaires au sein du secteur de la distribution, de la restauration institutionnelle et des solutions destin\u00e9es au canal Horeca, ainsi qu&#8217;aux logiciels de gestion. La polyvalence et la &#8220;personnalisation &#8221; de toutes nos solutions ont toujours \u00e9t\u00e9 l&#8217;un des piliers de la strat\u00e9gie du groupe.<\/p>\n<p>Fid\u00e8les au leadership et \u00e0 l&#8217;innovation, et d&#8217;un point de vue durable, nous nous effor\u00e7ons chaque jour d&#8217;appliquer les processus de production les plus robustes, flexibles et fiables pour fournir une r\u00e9ponse rapide et efficace aux besoins de nos clients.<\/p>\n<p>[\/vc_column_text][vc_column_text]<\/p>\n<div class=\"demande-devis\"><a title=\"Demandez un devis\" href=\"\/contact\/\">Demandez<br \/>\nun devis<\/a><\/div>\n<p>[\/vc_column_text][\/vc_column_inner][vc_column_inner width=&#8221;1\/2&#8243;][vc_basic_grid post_type=&#8221;page&#8221; max_items=&#8221;10&#8243; element_width=&#8221;6&#8243; grid_id=&#8221;vc_gid:1544723852559-2b12c5bf-dd52-2&#8243; taxonomies=&#8221;89&#8243;][\/vc_column_inner][\/vc_row_inner][\/vc_column][\/vc_row][vc_row full_width=&#8221;stretch_row_content_no_spaces&#8221; content_placement=&#8221;top&#8221; css=&#8221;.vc_custom_1537959550111{padding-right: 3% !important;padding-bottom: 0% !important;padding-left: 5% !important;background-color: #e0e0e0 !important;}&#8221;][vc_column][vc_row_inner content_placement=&#8221;top&#8221; css=&#8221;.vc_custom_1536853698790{margin-top: 0px !important;padding-top: 0px !important;}&#8221;][vc_column_inner width=&#8221;1\/6&#8243;][vc_column_text css=&#8221;.vc_custom_1537960189687{margin-right: 0px !important;padding-right: 10px !important;}&#8221; el_class=&#8221;5bonnes&#8221;]<\/p>\n<div style=\"font-family: PT Sans Narrow; font-size: 1.6em; font-weight: 600; color: #425059 !important; line-height: 110% !important; text-align: right;\">5 BONNES RAISONS DE COMMANDER<\/div>\n<p>[\/vc_column_text][\/vc_column_inner][vc_column_inner width=&#8221;1\/6&#8243;][vc_column_text css=&#8221;.vc_custom_1537960157955{border-right-width: 1px !important;padding-top: 2% !important;border-right-color: #425059 !important;border-right-style: solid !important;}&#8221;]<\/p>\n<div style=\"text-align: center; font-family: PT Sans Narrow; font-size: 1.2em; font-weight: 600;\">GESTIONNAIRE DEPUIS<br \/>\n<span style=\"font-size: 2.5em; line-height: 120%;\">1981<\/span><\/div>\n<p>[\/vc_column_text][\/vc_column_inner][vc_column_inner width=&#8221;1\/6&#8243;][vc_column_text css=&#8221;.vc_custom_1537947451683{border-right-width: 1px !important;padding-top: 2% !important;border-right-color: #425059 !important;border-right-style: solid !important;}&#8221;]<\/p>\n<div style=\"text-align: center; font-family: PT Sans Narrow; font-size: 1.2em; font-weight: 600;\">LIVRAISON SOUS<br \/>\n<span style=\"font-size: 2.5em; line-height: 120%;\">24h<\/span><\/div>\n<p>[\/vc_column_text][\/vc_column_inner][vc_column_inner width=&#8221;1\/6&#8243;][vc_column_text css=&#8221;.vc_custom_1537947460018{border-right-width: 1px !important;padding-top: 2% !important;border-right-color: #425059 !important;border-right-style: solid !important;}&#8221;]<\/p>\n<div style=\"text-align: center; font-family: PT Sans Narrow; font-size: 1.2em; font-weight: 600;\">D\u00c9PANNAGE SOUS<br \/>\n<span style=\"font-size: 2.5em; line-height: 120%;\">24h<\/span><\/div>\n<p>[\/vc_column_text][\/vc_column_inner][vc_column_inner width=&#8221;1\/6&#8243;][vc_column_text css=&#8221;.vc_custom_1537947473197{border-right-width: 1px !important;padding-top: 2% !important;border-right-color: #425059 !important;border-right-style: solid !important;}&#8221;]<\/p>\n<div style=\"text-align: center; font-family: PT Sans Narrow; font-size: 1.2em; font-weight: 600;\">INSTALLATION<br \/>\n<span style=\"font-size: 2.5em; line-height: 120%;\">Gratuite<\/span><\/div>\n<p>[\/vc_column_text][\/vc_column_inner][vc_column_inner width=&#8221;1\/6&#8243;][vc_column_text css=&#8221;.vc_custom_1537947482979{padding-top: 2% !important;}&#8221;]<\/p>\n<div style=\"text-align: center; font-family: PT Sans Narrow; font-size: 1.2em; font-weight: 600;\">FORMATION<br \/>\n<span style=\"font-size: 2.5em; line-height: 120%;\">Offerte<\/span><\/div>\n<p>[\/vc_column_text][\/vc_column_inner][\/vc_row_inner][\/vc_column][\/vc_row]<\/p>\n","protected":false},"excerpt":{"rendered":"<p>[vc_row full_width=&#8221;stretch_row_content_no_spaces&#8221;][vc_column][vc_raw_html css=&#8221;.vc_custom_1544702776119{border-bottom-width: 1px !important;border-bottom-color: #d3d3d3 !important;border-bottom-style: solid !important;}&#8221;]JTNDc2VjdGlvbiUyMGNsYXNzJTNEJTIyc3NtZW51JTIyJTNFJTBBJTNDZGl2JTIwY2xhc3MlM0QlMjJjb250YWluZXIlMjIlM0UlMEElM0N1bCUzRSUwQSUyMCUwOSUzQ2xpJTNFJTNDYSUyMHRpdGxlJTNEJTIyJTIyJTIwaHJlZiUzRCUyMiUyRm1hcnF1ZXMlMkZsYXZhenphLWJsdWUlMkYlMjIlM0VMYXZhenphJTIwYmx1ZSUzQyUyRmElM0UlM0MlMkZsaSUzRSUwQSUyMCUwOSUzQ2xpJTNFJTNDYSUyMHRpdGxlJTNEJTIyJTIyJTIwaHJlZiUzRCUyMiUyRm1hcnF1ZXMlMkZuZWN0YSUyRiUyMiUzRW5lY3RhJTNDJTJGYSUzRSUzQyUyRmxpJTNFJTBBJTIwJTA5JTNDbGklM0UlM0NhJTIwJTIwdGl0bGUlM0QlMjIlMjIlMjBocmVmJTNEJTIyJTJGbWFycXVlcyUyRnNhZWNvJTJGJTIyJTNFc2FlY28lM0MlMkZhJTNFJTNDJTJGbGklM0UlMEElMjAlMDklM0NsaSUzRSUzQ2ElMjB0aXRsZSUzRCUyMiUyMiUyMGhyZWYlM0QlMjIlMkZtYXJxdWVzJTJGbWlzdHJhbCUyRiUyMiUzRW1pc3RyYWwlM0MlMkZhJTNFJTNDJTJGbGklM0UlMEElMjAlMjAlMjAlMjAlMjAlMjAlMjAlMjAlM0NsaSUzRSUzQ2ElMjBjbGFzcyUzRCUyMmFjdGl2ZSUyMiUyMHRpdGxlJTNEJTIyJTIyJTIwaHJlZiUzRCUyMiUyRm1hcnF1ZXMlMkZqb2ZlbWFyJTJGJTIyJTNFam9mZW1hciUzQyUyRmElM0UlM0MlMkZsaSUzRSUwQSUyMCUwOSUzQ2xpJTNFJTNDYSUyMHRpdGxlJTNEJTIyJTIyJTIwaHJlZiUzRCUyMiUyRm1hcnF1ZXMlMkZ0ZXJyYW1va2ElMkYlMjIlM0VUZXJyYW1va2ElM0MlMkZhJTNFJTNDJTJGbGklM0UlMEElM0MlMkZ1bCUzRSUwQSUzQyUyRmRpdiUzRSUwQSUzQyUyRnNlY3Rpb24lM0U=[\/vc_raw_html][\/vc_column][\/vc_row][vc_row][vc_column][vc_row_inner][vc_column_inner width=&#8221;1\/2&#8243;][vc_column_text] JOFEMAR Jofemar VENDING est la Division de Jofemar Corporation sp\u00e9cialis\u00e9e dans la conception, la fabrication et la vente de solutions automatis\u00e9es de vente et de distribution, de syst\u00e8mes de paiement, de t\u00e9l\u00e9m\u00e9trie et de logiciels de gestion pour le march\u00e9 de la distribution. Avec une [&hellip;]<\/p>\n","protected":false},"author":1,"featured_media":0,"parent":0,"menu_order":0,"comment_status":"closed","ping_status":"closed","template":"","meta":{"_et_pb_use_builder":"","_et_pb_old_content":"","_et_gb_content_width":"","footnotes":""},"class_list":["post-981","page","type-page","status-publish","hentry"],"_links":{"self":[{"href":"https:\/\/www.sovedis.pro\/index.php\/wp-json\/wp\/v2\/pages\/981","targetHints":{"allow":["GET"]}}],"collection":[{"href":"https:\/\/www.sovedis.pro\/index.php\/wp-json\/wp\/v2\/pages"}],"about":[{"href":"https:\/\/www.sovedis.pro\/index.php\/wp-json\/wp\/v2\/types\/page"}],"author":[{"embeddable":true,"href":"https:\/\/www.sovedis.pro\/index.php\/wp-json\/wp\/v2\/users\/1"}],"replies":[{"embeddable":true,"href":"https:\/\/www.sovedis.pro\/index.php\/wp-json\/wp\/v2\/comments?post=981"}],"version-history":[{"count":0,"href":"https:\/\/www.sovedis.pro\/index.php\/wp-json\/wp\/v2\/pages\/981\/revisions"}],"wp:attachment":[{"href":"https:\/\/www.sovedis.pro\/index.php\/wp-json\/wp\/v2\/media?parent=981"}],"curies":[{"name":"wp","href":"https:\/\/api.w.org\/{rel}","templated":true}]}}