{"id":10268,"date":"2020-01-15T12:03:33","date_gmt":"2020-01-15T12:03:33","guid":{"rendered":"https:\/\/www.sovedis.com\/?post_type=product&amp;p=10268"},"modified":"2020-01-15T12:03:33","modified_gmt":"2020-01-15T12:03:33","slug":"ricco","status":"publish","type":"product","link":"https:\/\/www.sovedis.pro\/index.php\/produit\/ricco\/","title":{"rendered":"RICCO"},"content":{"rendered":"<p><strong>Promesse\u00a0:<\/strong> m\u00e9lange dense et chocolat\u00e9 \u00e0 la cr\u00e8me onctueuse et persistante.<br \/>\n<strong>Description\u00a0:<\/strong> un m\u00e9lange des meilleurs Arabica du Br\u00e9sil et Robusta d\u2019Asie (40% arabica et 60% robusta).<br \/>\n<strong>R\u00e9sultat en tasse\u00a0:<\/strong> un m\u00e9lange cr\u00e9meux au corps g\u00e9n\u00e9reux avec une saveur liquoreuse chocolat\u00e9e. Le proc\u00e9d\u00e9 de torr\u00e9faction sp\u00e9cial et l\u2019innovant syst\u00e8me de m\u00e9lange d\u00e9livre un espresso dense et riche avec des notes chocolat\u00e9es, un arri\u00e8re-go\u00fbt persistant et un corps excellent.<br \/>\n<strong>Torr\u00e9faction\u00a0:<\/strong> forte<br \/>\n<strong>Caract\u00e9ristique\u00a0:<\/strong> richesse<br \/>\n<strong>Ar\u00f4me et saveur\u00a0:<\/strong> Chocolat\u00e9, riche et liquoreux<\/p>\n<p>Conditionnement : <strong>bo\u00eete de 100 capsules<\/strong>.<br \/>\nChaque capsule contient 8 et 9 g de caf\u00e9<\/p>\n","protected":false},"excerpt":{"rendered":"<p>M\u00e9lange des meilleurs Arabica du Br\u00e9sil et Robusta d\u2019Asie (40% arabica et 60% robusta).<\/p>\n<p>Conditionnement : <strong>bo\u00eete de 100 capsules<\/strong>.<\/p>\n","protected":false},"featured_media":10300,"comment_status":"closed","ping_status":"closed","template":"","meta":{"_et_pb_use_builder":"","_et_pb_old_content":"","_et_gb_content_width":""},"product_cat":[85,93],"product_tag":[92],"class_list":["post-10268","product","type-product","status-publish","has-post-thumbnail","hentry","product_cat-capsules-lavazza-blue-2","product_cat-melange-arabica-robusta","product_tag-melange-arabica-robusta","product_shipping_class-cl-fr"],"_links":{"self":[{"href":"https:\/\/www.sovedis.pro\/index.php\/wp-json\/wp\/v2\/product\/10268","targetHints":{"allow":["GET"]}}],"collection":[{"href":"https:\/\/www.sovedis.pro\/index.php\/wp-json\/wp\/v2\/product"}],"about":[{"href":"https:\/\/www.sovedis.pro\/index.php\/wp-json\/wp\/v2\/types\/product"}],"replies":[{"embeddable":true,"href":"https:\/\/www.sovedis.pro\/index.php\/wp-json\/wp\/v2\/comments?post=10268"}],"wp:featuredmedia":[{"embeddable":true,"href":"https:\/\/www.sovedis.pro\/index.php\/wp-json\/wp\/v2\/media\/10300"}],"wp:attachment":[{"href":"https:\/\/www.sovedis.pro\/index.php\/wp-json\/wp\/v2\/media?parent=10268"}],"wp:term":[{"taxonomy":"product_cat","embeddable":true,"href":"https:\/\/www.sovedis.pro\/index.php\/wp-json\/wp\/v2\/product_cat?post=10268"},{"taxonomy":"product_tag","embeddable":true,"href":"https:\/\/www.sovedis.pro\/index.php\/wp-json\/wp\/v2\/product_tag?post=10268"}],"curies":[{"name":"wp","href":"https:\/\/api.w.org\/{rel}","templated":true}]}}