{"id":10310,"date":"2020-01-15T15:02:31","date_gmt":"2020-01-15T15:02:31","guid":{"rendered":"https:\/\/www.sovedis.com\/?post_type=product&amp;p=10310"},"modified":"2020-01-15T15:02:31","modified_gmt":"2020-01-15T15:02:31","slug":"amabile-lungo","status":"publish","type":"product","link":"https:\/\/www.sovedis.pro\/index.php\/produit\/amabile-lungo\/","title":{"rendered":"AMABILE LUNGO"},"content":{"rendered":"<p>[vc_row][vc_column][vc_column_text]<strong>Promesse\u00a0:<\/strong> m\u00e9lange de caf\u00e9 au corps g\u00e9n\u00e9reux, avec une saveur intense et une cr\u00e8me onctueuse et persistante.<br \/>\n<strong>Description\u00a0:<\/strong> un m\u00e9lange d\u2019excellents Arabica du Br\u00e9sil et d\u2019Am\u00e9rique Centrale, et de Robusta d\u2019Asie du Sud Est (40% arabica et 60% robusta).<br \/>\n<strong>R\u00e9sultat en tasse\u00a0:<\/strong> La mouture parfaite de ce m\u00e9lange permet d&#8217;obtenir en tasse un caf\u00e9 espresso, court ou allong\u00e9, au go\u00fbt plein et cr\u00e9meux, \u00e0 l&#8217;arri\u00e8re-go\u00fbt persistant et \u00e9quilibr\u00e9.<br \/>\n<strong>Torr\u00e9faction\u00a0:<\/strong> moyenne<br \/>\n<strong>Caract\u00e9ristique\u00a0:<\/strong> d\u00e9licatesse<br \/>\n<strong>Ar\u00f4me et saveur\u00a0:<\/strong> Chocolat\u00e9 et intense<\/p>\n<p>Conditionnement : <strong>bo\u00eete de 100 capsules<\/strong>.<br \/>\nChaque capsule contient 8 et 9 g de caf\u00e9[\/vc_column_text][\/vc_column][\/vc_row]<\/p>\n","protected":false},"excerpt":{"rendered":"<p>M\u00e9lange d\u2019excellents Arabica du Br\u00e9sil et d\u2019Am\u00e9rique Centrale, et de Robusta d\u2019Asie du Sud Est (40% arabica et 60% robusta).<\/p>\n<p>Conditionnement : <strong>bo\u00eete de 100 capsules<\/strong>.<\/p>\n","protected":false},"featured_media":10301,"comment_status":"closed","ping_status":"closed","template":"","meta":{"_et_pb_use_builder":"","_et_pb_old_content":"","_et_gb_content_width":""},"product_cat":[85,93],"product_tag":[92],"class_list":["post-10310","product","type-product","status-publish","has-post-thumbnail","hentry","product_cat-capsules-lavazza-blue-2","product_cat-melange-arabica-robusta","product_tag-melange-arabica-robusta","product_shipping_class-cl-fr"],"_links":{"self":[{"href":"https:\/\/www.sovedis.pro\/index.php\/wp-json\/wp\/v2\/product\/10310","targetHints":{"allow":["GET"]}}],"collection":[{"href":"https:\/\/www.sovedis.pro\/index.php\/wp-json\/wp\/v2\/product"}],"about":[{"href":"https:\/\/www.sovedis.pro\/index.php\/wp-json\/wp\/v2\/types\/product"}],"replies":[{"embeddable":true,"href":"https:\/\/www.sovedis.pro\/index.php\/wp-json\/wp\/v2\/comments?post=10310"}],"wp:featuredmedia":[{"embeddable":true,"href":"https:\/\/www.sovedis.pro\/index.php\/wp-json\/wp\/v2\/media\/10301"}],"wp:attachment":[{"href":"https:\/\/www.sovedis.pro\/index.php\/wp-json\/wp\/v2\/media?parent=10310"}],"wp:term":[{"taxonomy":"product_cat","embeddable":true,"href":"https:\/\/www.sovedis.pro\/index.php\/wp-json\/wp\/v2\/product_cat?post=10310"},{"taxonomy":"product_tag","embeddable":true,"href":"https:\/\/www.sovedis.pro\/index.php\/wp-json\/wp\/v2\/product_tag?post=10310"}],"curies":[{"name":"wp","href":"https:\/\/api.w.org\/{rel}","templated":true}]}}