{"id":10313,"date":"2020-01-15T15:12:53","date_gmt":"2020-01-15T15:12:53","guid":{"rendered":"https:\/\/www.sovedis.com\/?post_type=product&amp;p=10313"},"modified":"2020-01-15T15:12:53","modified_gmt":"2020-01-15T15:12:53","slug":"delicato-lungo","status":"publish","type":"product","link":"https:\/\/www.sovedis.pro\/index.php\/produit\/delicato-lungo\/","title":{"rendered":"DELICATO LUNGO"},"content":{"rendered":"<p>[vc_row][vc_column][vc_column_text]<strong>Promesse\u00a0:<\/strong> un m\u00e9lange Premium de caf\u00e9s 100% Arabica avec une saveur douce et aromatique, et une cr\u00e8me onctueuse et persistante.<br \/>\n<strong>Description\u00a0:<\/strong> M\u00e9lange de caf\u00e9s 100% Arabica \u00e0 l\u2019ar\u00f4me doux et fragrant compos\u00e9 de caf\u00e9s indiens et br\u00e9siliens.<br \/>\n<strong>R\u00e9sultat en tasse\u00a0:<\/strong> La mouture parfaite de ce m\u00e9lange permet d&#8217;obtenir en tasse un caf\u00e9 espresso, court ou allong\u00e9, au go\u00fbt doux et aromatique, et \u00e0 l\u2019ar\u00f4me parfum\u00e9.<br \/>\nCorps<br \/>\n<strong>Torr\u00e9faction\u00a0:<\/strong> moyenne<br \/>\n<strong>Caract\u00e9ristique\u00a0:<\/strong> douceur<br \/>\n<strong>Ar\u00f4me et saveur\u00a0:<\/strong> Fragrant et doux<\/p>\n<p>Conditionnement : <strong>bo\u00eete de 100 capsules<\/strong>.<br \/>\nChaque capsule contient 8 et 9 g de caf\u00e9[\/vc_column_text][\/vc_column][\/vc_row]<\/p>\n","protected":false},"excerpt":{"rendered":"<p>M\u00e9lange de caf\u00e9s 100% Arabica \u00e0 l\u2019ar\u00f4me doux et fragrant compos\u00e9 de caf\u00e9s indiens et br\u00e9siliens.<\/p>\n<p>Conditionnement : <strong>bo\u00eete de 100 capsules<\/strong>.<\/p>\n","protected":false},"featured_media":10314,"comment_status":"closed","ping_status":"closed","template":"","meta":{"_et_pb_use_builder":"","_et_pb_old_content":"","_et_gb_content_width":""},"product_cat":[97,85],"product_tag":[79],"class_list":["post-10313","product","type-product","status-publish","has-post-thumbnail","hentry","product_cat-100-arabica","product_cat-capsules-lavazza-blue-2","product_tag-100-arabica","product_shipping_class-cl-fr"],"_links":{"self":[{"href":"https:\/\/www.sovedis.pro\/index.php\/wp-json\/wp\/v2\/product\/10313","targetHints":{"allow":["GET"]}}],"collection":[{"href":"https:\/\/www.sovedis.pro\/index.php\/wp-json\/wp\/v2\/product"}],"about":[{"href":"https:\/\/www.sovedis.pro\/index.php\/wp-json\/wp\/v2\/types\/product"}],"replies":[{"embeddable":true,"href":"https:\/\/www.sovedis.pro\/index.php\/wp-json\/wp\/v2\/comments?post=10313"}],"wp:featuredmedia":[{"embeddable":true,"href":"https:\/\/www.sovedis.pro\/index.php\/wp-json\/wp\/v2\/media\/10314"}],"wp:attachment":[{"href":"https:\/\/www.sovedis.pro\/index.php\/wp-json\/wp\/v2\/media?parent=10313"}],"wp:term":[{"taxonomy":"product_cat","embeddable":true,"href":"https:\/\/www.sovedis.pro\/index.php\/wp-json\/wp\/v2\/product_cat?post=10313"},{"taxonomy":"product_tag","embeddable":true,"href":"https:\/\/www.sovedis.pro\/index.php\/wp-json\/wp\/v2\/product_tag?post=10313"}],"curies":[{"name":"wp","href":"https:\/\/api.w.org\/{rel}","templated":true}]}}