{"id":10315,"date":"2020-01-15T15:16:25","date_gmt":"2020-01-15T15:16:25","guid":{"rendered":"https:\/\/www.sovedis.com\/?post_type=product&amp;p=10315"},"modified":"2020-01-15T15:16:25","modified_gmt":"2020-01-15T15:16:25","slug":"crema-dolce","status":"publish","type":"product","link":"https:\/\/www.sovedis.pro\/index.php\/produit\/crema-dolce\/","title":{"rendered":"CREMA DOLCE"},"content":{"rendered":"<p>[vc_row][vc_column][vc_column_text]<strong>Promesse\u00a0:<\/strong> un m\u00e9lange 100% Arabica avec une saveur douce et une cr\u00e8me dense et cr\u00e9meuse.<br \/>\n<strong>Description\u00a0:<\/strong> M\u00e9lange de caf\u00e9s 100% Arabica du Br\u00e9sil et d\u2019Inde, avec une saveur douce et aromatique.<br \/>\n<strong>R\u00e9sultat en tasse\u00a0:<\/strong> Un caf\u00e9 Arabica au corps g\u00e9n\u00e9reux et \u00e0 la saveur douce, dans un m\u00e9lange cr\u00e9\u00e9 sp\u00e9cialement pour un r\u00e9sultat optimal dans la tasse. L\u2019onctuosit\u00e9 du m\u00e9lange est assur\u00e9e par un processus technologique efficace optimis\u00e9 par la torr\u00e9faction et la mouture.<br \/>\n<strong>Torr\u00e9faction\u00a0:<\/strong> moyenne<br \/>\n<strong>Caract\u00e9ristique\u00a0:<\/strong> douceur<br \/>\n<strong>Ar\u00f4me et saveur\u00a0:<\/strong> Aromatique, parfum\u00e9 et fort<\/p>\n<p>Conditionnement : <strong>bo\u00eete de 100 capsules<\/strong>.<br \/>\nChaque capsule contient 8 et 9 g de caf\u00e9[\/vc_column_text][\/vc_column][\/vc_row]<\/p>\n","protected":false},"excerpt":{"rendered":"<p>M\u00e9lange de caf\u00e9s 100% Arabica du Br\u00e9sil et d\u2019Inde, avec une saveur douce et aromatique.<\/p>\n<p>Conditionnement : <strong>bo\u00eete de 100 capsules<\/strong>.<\/p>\n","protected":false},"featured_media":10316,"comment_status":"closed","ping_status":"closed","template":"","meta":{"_et_pb_use_builder":"","_et_pb_old_content":"","_et_gb_content_width":""},"product_cat":[97,85],"product_tag":[79],"class_list":["post-10315","product","type-product","status-publish","has-post-thumbnail","hentry","product_cat-100-arabica","product_cat-capsules-lavazza-blue-2","product_tag-100-arabica","product_shipping_class-cl-fr"],"_links":{"self":[{"href":"https:\/\/www.sovedis.pro\/index.php\/wp-json\/wp\/v2\/product\/10315","targetHints":{"allow":["GET"]}}],"collection":[{"href":"https:\/\/www.sovedis.pro\/index.php\/wp-json\/wp\/v2\/product"}],"about":[{"href":"https:\/\/www.sovedis.pro\/index.php\/wp-json\/wp\/v2\/types\/product"}],"replies":[{"embeddable":true,"href":"https:\/\/www.sovedis.pro\/index.php\/wp-json\/wp\/v2\/comments?post=10315"}],"wp:featuredmedia":[{"embeddable":true,"href":"https:\/\/www.sovedis.pro\/index.php\/wp-json\/wp\/v2\/media\/10316"}],"wp:attachment":[{"href":"https:\/\/www.sovedis.pro\/index.php\/wp-json\/wp\/v2\/media?parent=10315"}],"wp:term":[{"taxonomy":"product_cat","embeddable":true,"href":"https:\/\/www.sovedis.pro\/index.php\/wp-json\/wp\/v2\/product_cat?post=10315"},{"taxonomy":"product_tag","embeddable":true,"href":"https:\/\/www.sovedis.pro\/index.php\/wp-json\/wp\/v2\/product_tag?post=10315"}],"curies":[{"name":"wp","href":"https:\/\/api.w.org\/{rel}","templated":true}]}}