{"id":10317,"date":"2020-01-15T15:24:33","date_gmt":"2020-01-15T15:24:33","guid":{"rendered":"https:\/\/www.sovedis.com\/?post_type=product&amp;p=10317"},"modified":"2020-01-15T15:24:33","modified_gmt":"2020-01-15T15:24:33","slug":"decaffeinato","status":"publish","type":"product","link":"https:\/\/www.sovedis.pro\/index.php\/produit\/decaffeinato\/","title":{"rendered":"DECAFFEINATO"},"content":{"rendered":"<p>[vc_row][vc_column][vc_column_text]<strong>Promesse\u00a0:<\/strong> un m\u00e9lange de caf\u00e9s 100% Arabica d\u00e9caf\u00e9in\u00e9s \u00e0 la saveur douce et \u00e0 la cr\u00e8me onctueuse.<br \/>\n<strong>Description\u00a0:<\/strong> M\u00e9lange de caf\u00e9s 100% Arabica exquis provenant du Br\u00e9sil.<br \/>\n<strong>R\u00e9sultat en tasse\u00a0:<\/strong> un m\u00e9lange au corps g\u00e9n\u00e9reux avec une cr\u00e8me velout\u00e9e. Le syst\u00e8me sp\u00e9cial de pr\u00e9paration am\u00e9liore sa saveur douce et ronde, et donne un espresso \u00e0 l\u2019arri\u00e8re-go\u00fbt l\u00e9g\u00e8rement chocolat\u00e9 et \u00e0 la cr\u00e8me onctueuse.<br \/>\n<strong>Torr\u00e9faction\u00a0:<\/strong> moyenne<br \/>\n<strong>Caract\u00e9ristique\u00a0:<\/strong> Douceur<br \/>\n<strong>Ar\u00f4me et saveur\u00a0:<\/strong> Chocolat\u00e9 et doux<\/p>\n<p>Conditionnement : <strong>bo\u00eete de 100 capsules<\/strong>.<br \/>\nChaque capsule contient 8 et 9 g de caf\u00e9[\/vc_column_text][\/vc_column][\/vc_row]<\/p>\n","protected":false},"excerpt":{"rendered":"<p>Un m\u00e9lange au corps g\u00e9n\u00e9reux avec une cr\u00e8me velout\u00e9e. Le syst\u00e8me sp\u00e9cial de pr\u00e9paration am\u00e9liore sa saveur douce et ronde, et donne un espresso \u00e0 l\u2019arri\u00e8re-go\u00fbt l\u00e9g\u00e8rement chocolat\u00e9 et \u00e0 la cr\u00e8me onctueuse.<\/p>\n<p>Conditionnement : <strong>bo\u00eete de 100 capsules<\/strong>.<\/p>\n","protected":false},"featured_media":10318,"comment_status":"closed","ping_status":"closed","template":"","meta":{"_et_pb_use_builder":"","_et_pb_old_content":"","_et_gb_content_width":""},"product_cat":[85,87],"product_tag":[88],"class_list":["post-10317","product","type-product","status-publish","has-post-thumbnail","hentry","product_cat-capsules-lavazza-blue-2","product_cat-decafeine","product_tag-decafeine","product_shipping_class-cl-fr"],"_links":{"self":[{"href":"https:\/\/www.sovedis.pro\/index.php\/wp-json\/wp\/v2\/product\/10317","targetHints":{"allow":["GET"]}}],"collection":[{"href":"https:\/\/www.sovedis.pro\/index.php\/wp-json\/wp\/v2\/product"}],"about":[{"href":"https:\/\/www.sovedis.pro\/index.php\/wp-json\/wp\/v2\/types\/product"}],"replies":[{"embeddable":true,"href":"https:\/\/www.sovedis.pro\/index.php\/wp-json\/wp\/v2\/comments?post=10317"}],"wp:featuredmedia":[{"embeddable":true,"href":"https:\/\/www.sovedis.pro\/index.php\/wp-json\/wp\/v2\/media\/10318"}],"wp:attachment":[{"href":"https:\/\/www.sovedis.pro\/index.php\/wp-json\/wp\/v2\/media?parent=10317"}],"wp:term":[{"taxonomy":"product_cat","embeddable":true,"href":"https:\/\/www.sovedis.pro\/index.php\/wp-json\/wp\/v2\/product_cat?post=10317"},{"taxonomy":"product_tag","embeddable":true,"href":"https:\/\/www.sovedis.pro\/index.php\/wp-json\/wp\/v2\/product_tag?post=10317"}],"curies":[{"name":"wp","href":"https:\/\/api.w.org\/{rel}","templated":true}]}}