{"id":10327,"date":"2020-01-15T16:08:56","date_gmt":"2020-01-15T16:08:56","guid":{"rendered":"https:\/\/www.sovedis.com\/?post_type=product&amp;p=10327"},"modified":"2020-01-15T16:08:56","modified_gmt":"2020-01-15T16:08:56","slug":"chocolat-fondant","status":"publish","type":"product","link":"https:\/\/www.sovedis.pro\/index.php\/produit\/chocolat-fondant\/","title":{"rendered":"CHOCOLAT FONDANT"},"content":{"rendered":"<p>[vc_row][vc_column][vc_column_text]Cette boisson au go\u00fbt chocolat fondant intense se consomme \u00e0 l\u2019italienne \u00ab ristretto \u00bb.<br \/>\n<strong>Promesse :<\/strong> une boisson \u00e0 la saveur d\u00e9licieuse de chocolat noir.<br \/>\n<strong>Description :<\/strong> cacao maigre sucr\u00e9 \u00e0 la saveur lact\u00e9e.<br \/>\n<strong>Moment de consommation :<\/strong> parfait \u00e0 tout moment de la journ\u00e9e pour ceux qui veulent une pause<br \/>\nd\u00e9licieuse et agr\u00e9able avec l\u2019ar\u00f4me intense du chocolat noir.<\/p>\n<p>Conditionnement : <strong>bo\u00eete de 50 capsules<\/strong>.[\/vc_column_text][\/vc_column][\/vc_row]<\/p>\n","protected":false},"excerpt":{"rendered":"<p>Cacao maigre sucr\u00e9 \u00e0 la saveur lact\u00e9e<\/p>\n<p>Conditionnement : <strong>bo\u00eete de 50 capsules<\/strong>.<\/p>\n","protected":false},"featured_media":10328,"comment_status":"closed","ping_status":"closed","template":"","meta":{"_et_pb_use_builder":"","_et_pb_old_content":"","_et_gb_content_width":""},"product_cat":[98,85],"product_tag":[81],"class_list":["post-10327","product","type-product","status-publish","has-post-thumbnail","hentry","product_cat-autres-boissons","product_cat-capsules-lavazza-blue-2","product_tag-autres-boissons","product_shipping_class-cl-fr"],"_links":{"self":[{"href":"https:\/\/www.sovedis.pro\/index.php\/wp-json\/wp\/v2\/product\/10327","targetHints":{"allow":["GET"]}}],"collection":[{"href":"https:\/\/www.sovedis.pro\/index.php\/wp-json\/wp\/v2\/product"}],"about":[{"href":"https:\/\/www.sovedis.pro\/index.php\/wp-json\/wp\/v2\/types\/product"}],"replies":[{"embeddable":true,"href":"https:\/\/www.sovedis.pro\/index.php\/wp-json\/wp\/v2\/comments?post=10327"}],"wp:featuredmedia":[{"embeddable":true,"href":"https:\/\/www.sovedis.pro\/index.php\/wp-json\/wp\/v2\/media\/10328"}],"wp:attachment":[{"href":"https:\/\/www.sovedis.pro\/index.php\/wp-json\/wp\/v2\/media?parent=10327"}],"wp:term":[{"taxonomy":"product_cat","embeddable":true,"href":"https:\/\/www.sovedis.pro\/index.php\/wp-json\/wp\/v2\/product_cat?post=10327"},{"taxonomy":"product_tag","embeddable":true,"href":"https:\/\/www.sovedis.pro\/index.php\/wp-json\/wp\/v2\/product_tag?post=10327"}],"curies":[{"name":"wp","href":"https:\/\/api.w.org\/{rel}","templated":true}]}}