{"id":10329,"date":"2020-01-15T16:14:15","date_gmt":"2020-01-15T16:14:15","guid":{"rendered":"https:\/\/www.sovedis.com\/?post_type=product&amp;p=10329"},"modified":"2020-01-15T16:14:15","modified_gmt":"2020-01-15T16:14:15","slug":"the-citron-al-limone","status":"publish","type":"product","link":"https:\/\/www.sovedis.pro\/index.php\/produit\/the-citron-al-limone\/","title":{"rendered":"THE CITRON AL LIMONE"},"content":{"rendered":"<p>[vc_row][vc_column][vc_column_text]<strong>Promesse :<\/strong> Un th\u00e9 aux ar\u00f4mes ronds et d\u00e9licats rehauss\u00e9s par une touche acidul\u00e9e de citron pleine de fra\u00eecheur.<br \/>\n<strong>Description :<\/strong> m\u00e9lange instantan\u00e9 de th\u00e9s noirs premium aromatis\u00e9 au citron et l\u00e9g\u00e8rement sucr\u00e9.<br \/>\n<strong>Moment de consommation :<\/strong> parfait \u00e0 tout moment de la journ\u00e9e du petit d\u00e9jeuner \u00e0 la pause de l\u2019apr\u00e8s-midi.<\/p>\n<p>Conditionnement : <strong>bo\u00eete de 50 capsules<\/strong>.[\/vc_column_text][\/vc_column][\/vc_row]<\/p>\n","protected":false},"excerpt":{"rendered":"<p>M\u00e9lange instantan\u00e9 de th\u00e9s noirs premium aromatis\u00e9 au citron et l\u00e9g\u00e8rement sucr\u00e9.<\/p>\n<p>Conditionnement : <strong>bo\u00eete de 50 capsules<\/strong>.<\/p>\n","protected":false},"featured_media":10330,"comment_status":"closed","ping_status":"closed","template":"","meta":{"_et_pb_use_builder":"","_et_pb_old_content":"","_et_gb_content_width":""},"product_cat":[85,94],"product_tag":[95],"class_list":["post-10329","product","type-product","status-publish","has-post-thumbnail","hentry","product_cat-capsules-lavazza-blue-2","product_cat-thes","product_tag-thes","product_shipping_class-cl-fr"],"_links":{"self":[{"href":"https:\/\/www.sovedis.pro\/index.php\/wp-json\/wp\/v2\/product\/10329","targetHints":{"allow":["GET"]}}],"collection":[{"href":"https:\/\/www.sovedis.pro\/index.php\/wp-json\/wp\/v2\/product"}],"about":[{"href":"https:\/\/www.sovedis.pro\/index.php\/wp-json\/wp\/v2\/types\/product"}],"replies":[{"embeddable":true,"href":"https:\/\/www.sovedis.pro\/index.php\/wp-json\/wp\/v2\/comments?post=10329"}],"wp:featuredmedia":[{"embeddable":true,"href":"https:\/\/www.sovedis.pro\/index.php\/wp-json\/wp\/v2\/media\/10330"}],"wp:attachment":[{"href":"https:\/\/www.sovedis.pro\/index.php\/wp-json\/wp\/v2\/media?parent=10329"}],"wp:term":[{"taxonomy":"product_cat","embeddable":true,"href":"https:\/\/www.sovedis.pro\/index.php\/wp-json\/wp\/v2\/product_cat?post=10329"},{"taxonomy":"product_tag","embeddable":true,"href":"https:\/\/www.sovedis.pro\/index.php\/wp-json\/wp\/v2\/product_tag?post=10329"}],"curies":[{"name":"wp","href":"https:\/\/api.w.org\/{rel}","templated":true}]}}