{"id":10331,"date":"2020-01-15T16:24:03","date_gmt":"2020-01-15T16:24:03","guid":{"rendered":"https:\/\/www.sovedis.com\/?post_type=product&amp;p=10331"},"modified":"2020-01-15T16:24:03","modified_gmt":"2020-01-15T16:24:03","slug":"the-breakfast","status":"publish","type":"product","link":"https:\/\/www.sovedis.pro\/index.php\/produit\/the-breakfast\/","title":{"rendered":"TH\u00c9 BREAKFAST"},"content":{"rendered":"<p>[vc_row][vc_column][vc_column_text]Th\u00e9 \u00e0 la couleur naturellement ambr\u00e9e et aux feuilles fra\u00eechement cueillies.<br \/>\nAvec son ar\u00f4me agr\u00e9able et son parfum naturel, c\u2019est un grand classique qui invite \u00e0 la d\u00e9gustation.<br \/>\n<strong>Promesse :<\/strong> un th\u00e9 nature sucr\u00e9<br \/>\n<strong>Description :<\/strong> M\u00e9lange instantan\u00e9 de th\u00e9 sucr\u00e9.<br \/>\n<strong>Moment de consommation :<\/strong> parfait tout au long de la journ\u00e9e.<\/p>\n<p>Conditionnement : <strong>bo\u00eete de 15 capsules<\/strong>.[\/vc_column_text][\/vc_column][\/vc_row]<\/p>\n","protected":false},"excerpt":{"rendered":"<p>M\u00e9lange instantan\u00e9 de th\u00e9 sucr\u00e9.<\/p>\n<p>Conditionnement : <strong>bo\u00eete de 15 capsules<\/strong>.<\/p>\n","protected":false},"featured_media":10332,"comment_status":"closed","ping_status":"closed","template":"","meta":{"_et_pb_use_builder":"","_et_pb_old_content":"","_et_gb_content_width":""},"product_cat":[85,94],"product_tag":[95],"class_list":["post-10331","product","type-product","status-publish","has-post-thumbnail","hentry","product_cat-capsules-lavazza-blue-2","product_cat-thes","product_tag-thes","product_shipping_class-cl-fr"],"_links":{"self":[{"href":"https:\/\/www.sovedis.pro\/index.php\/wp-json\/wp\/v2\/product\/10331","targetHints":{"allow":["GET"]}}],"collection":[{"href":"https:\/\/www.sovedis.pro\/index.php\/wp-json\/wp\/v2\/product"}],"about":[{"href":"https:\/\/www.sovedis.pro\/index.php\/wp-json\/wp\/v2\/types\/product"}],"replies":[{"embeddable":true,"href":"https:\/\/www.sovedis.pro\/index.php\/wp-json\/wp\/v2\/comments?post=10331"}],"wp:featuredmedia":[{"embeddable":true,"href":"https:\/\/www.sovedis.pro\/index.php\/wp-json\/wp\/v2\/media\/10332"}],"wp:attachment":[{"href":"https:\/\/www.sovedis.pro\/index.php\/wp-json\/wp\/v2\/media?parent=10331"}],"wp:term":[{"taxonomy":"product_cat","embeddable":true,"href":"https:\/\/www.sovedis.pro\/index.php\/wp-json\/wp\/v2\/product_cat?post=10331"},{"taxonomy":"product_tag","embeddable":true,"href":"https:\/\/www.sovedis.pro\/index.php\/wp-json\/wp\/v2\/product_tag?post=10331"}],"curies":[{"name":"wp","href":"https:\/\/api.w.org\/{rel}","templated":true}]}}