{"id":10381,"date":"2020-01-16T11:10:35","date_gmt":"2020-01-16T11:10:35","guid":{"rendered":"https:\/\/www.sovedis.com\/?post_type=product&amp;p=10381"},"modified":"2020-01-16T11:10:35","modified_gmt":"2020-01-16T11:10:35","slug":"gran-espresso","status":"publish","type":"product","link":"https:\/\/www.sovedis.pro\/index.php\/produit\/gran-espresso\/","title":{"rendered":"GRAN ESPRESSO"},"content":{"rendered":"<p>[vc_row][vc_column][vc_column_text]Un m\u00e9lange \u00e0 la saveur forte et intense.<br \/>\n<strong>Corps<\/strong> Moyen<br \/>\n<strong>Torr\u00e9faction<\/strong> Moyenne<br \/>\n<strong>Caract\u00e9ristique<\/strong> Fort.<br \/>\n<strong>Ar\u00f4me et saveur<\/strong> Fort et prononc\u00e9.<br \/>\nGr\u00e2ce \u00e0 sa mouture sp\u00e9ciale, il peut \u00eatre utilis\u00e9 pour faire un espresso plus long. Parfait pour un caf\u00e9 au lait.<\/p>\n<p>Conditionnement : <strong>bo\u00eete de 100 capsules<\/strong>.[\/vc_column_text][\/vc_column][\/vc_row]<\/p>\n","protected":false},"excerpt":{"rendered":"<p>Gr\u00e2ce \u00e0 sa mouture sp\u00e9ciale, il peut \u00eatre utilis\u00e9 pour faire un espresso plus long. Parfait pour un caf\u00e9 au lait.<\/p>\n<p>Conditionnement : <strong>bo\u00eete de 100 capsules<\/strong>.<\/p>\n","protected":false},"featured_media":10382,"comment_status":"closed","ping_status":"closed","template":"","meta":{"_et_pb_use_builder":"","_et_pb_old_content":"","_et_gb_content_width":""},"product_cat":[100,89],"product_tag":[90],"class_list":["post-10381","product","type-product","status-publish","has-post-thumbnail","hentry","product_cat-espresso-point","product_cat-lavazza-espresso-point","product_tag-lavazza-espresso-point","product_shipping_class-cl-fr"],"_links":{"self":[{"href":"https:\/\/www.sovedis.pro\/index.php\/wp-json\/wp\/v2\/product\/10381","targetHints":{"allow":["GET"]}}],"collection":[{"href":"https:\/\/www.sovedis.pro\/index.php\/wp-json\/wp\/v2\/product"}],"about":[{"href":"https:\/\/www.sovedis.pro\/index.php\/wp-json\/wp\/v2\/types\/product"}],"replies":[{"embeddable":true,"href":"https:\/\/www.sovedis.pro\/index.php\/wp-json\/wp\/v2\/comments?post=10381"}],"wp:featuredmedia":[{"embeddable":true,"href":"https:\/\/www.sovedis.pro\/index.php\/wp-json\/wp\/v2\/media\/10382"}],"wp:attachment":[{"href":"https:\/\/www.sovedis.pro\/index.php\/wp-json\/wp\/v2\/media?parent=10381"}],"wp:term":[{"taxonomy":"product_cat","embeddable":true,"href":"https:\/\/www.sovedis.pro\/index.php\/wp-json\/wp\/v2\/product_cat?post=10381"},{"taxonomy":"product_tag","embeddable":true,"href":"https:\/\/www.sovedis.pro\/index.php\/wp-json\/wp\/v2\/product_tag?post=10381"}],"curies":[{"name":"wp","href":"https:\/\/api.w.org\/{rel}","templated":true}]}}