{"id":10387,"date":"2020-01-16T11:16:56","date_gmt":"2020-01-16T11:16:56","guid":{"rendered":"https:\/\/www.sovedis.com\/?post_type=product&amp;p=10387"},"modified":"2020-01-16T11:16:56","modified_gmt":"2020-01-16T11:16:56","slug":"caffe-espresso-aroma-club","status":"publish","type":"product","link":"https:\/\/www.sovedis.pro\/index.php\/produit\/caffe-espresso-aroma-club\/","title":{"rendered":"CAFFE ESPRESSO AROMA CLUB"},"content":{"rendered":"<p>[vc_row][vc_column][vc_column_text]Un m\u00e9lange Premium de caf\u00e9s 100% Arabica lav\u00e9s avec une saveur douce et aromatique une cr\u00e8me \u00e9paisse et onctueuse. Un excellent caf\u00e9 100% Arabica cr\u00e9\u00e9 exclusivement avec des caf\u00e9s verts issus de 3 communaut\u00e9s<br \/>\nde cultivateurs en Honduras, au P\u00e9rou et en Colombie.<br \/>\n<strong>Corps<\/strong> Moyen<br \/>\n<strong>Torr\u00e9faction<\/strong> Moyenne<br \/>\n<strong>Caract\u00e9ristique<\/strong> Fort.<br \/>\n<strong>Ar\u00f4me et saveur<\/strong> Ar\u00f4me fleuri \u00e0 la douceur prononc\u00e9e.<br \/>\nAr\u00f4me et saveur tr\u00e8s parfum\u00e9, acidit\u00e9 l\u00e9g\u00e8rement fruit\u00e9e, saveur douce et d\u00e9licate.<br \/>\nExcellent m\u00e9lange de caf\u00e9s 100% Arabica lav\u00e9s aux notes parfum\u00e9s et douces.<\/p>\n<p>Conditionnement : <strong>bo\u00eete de 100 capsules<\/strong>.[\/vc_column_text][\/vc_column][\/vc_row]<\/p>\n","protected":false},"excerpt":{"rendered":"<p>Ar\u00f4me et saveur tr\u00e8s parfum\u00e9, acidit\u00e9 l\u00e9g\u00e8rement fruit\u00e9e, saveur douce et d\u00e9licate.<br \/>\nExcellent m\u00e9lange de caf\u00e9s 100% Arabica lav\u00e9s aux notes parfum\u00e9s et douces.<\/p>\n<p>Conditionnement : <strong>bo\u00eete de 100 capsules<\/strong>.<\/p>\n","protected":false},"featured_media":10388,"comment_status":"closed","ping_status":"closed","template":"","meta":{"_et_pb_use_builder":"","_et_pb_old_content":"","_et_gb_content_width":""},"product_cat":[100,89],"product_tag":[90],"class_list":["post-10387","product","type-product","status-publish","has-post-thumbnail","hentry","product_cat-espresso-point","product_cat-lavazza-espresso-point","product_tag-lavazza-espresso-point","product_shipping_class-cl-fr"],"_links":{"self":[{"href":"https:\/\/www.sovedis.pro\/index.php\/wp-json\/wp\/v2\/product\/10387","targetHints":{"allow":["GET"]}}],"collection":[{"href":"https:\/\/www.sovedis.pro\/index.php\/wp-json\/wp\/v2\/product"}],"about":[{"href":"https:\/\/www.sovedis.pro\/index.php\/wp-json\/wp\/v2\/types\/product"}],"replies":[{"embeddable":true,"href":"https:\/\/www.sovedis.pro\/index.php\/wp-json\/wp\/v2\/comments?post=10387"}],"wp:featuredmedia":[{"embeddable":true,"href":"https:\/\/www.sovedis.pro\/index.php\/wp-json\/wp\/v2\/media\/10388"}],"wp:attachment":[{"href":"https:\/\/www.sovedis.pro\/index.php\/wp-json\/wp\/v2\/media?parent=10387"}],"wp:term":[{"taxonomy":"product_cat","embeddable":true,"href":"https:\/\/www.sovedis.pro\/index.php\/wp-json\/wp\/v2\/product_cat?post=10387"},{"taxonomy":"product_tag","embeddable":true,"href":"https:\/\/www.sovedis.pro\/index.php\/wp-json\/wp\/v2\/product_tag?post=10387"}],"curies":[{"name":"wp","href":"https:\/\/api.w.org\/{rel}","templated":true}]}}