{"id":10398,"date":"2020-01-16T14:40:49","date_gmt":"2020-01-16T14:40:49","guid":{"rendered":"https:\/\/www.sovedis.com\/?post_type=product&amp;p=10398"},"modified":"2020-01-16T14:40:49","modified_gmt":"2020-01-16T14:40:49","slug":"decafeinato","status":"publish","type":"product","link":"https:\/\/www.sovedis.pro\/index.php\/produit\/decafeinato\/","title":{"rendered":"DECAFEINATO"},"content":{"rendered":"<p>[vc_row][vc_column][vc_column_text]M\u00e9lange 100% Arabica des plus fins caf\u00e9s parfum\u00e9s et doux d\u2019Am\u00e9rique du Sud. Une attention particuli\u00e8re est port\u00e9e \u00e0 la torr\u00e9faction pour un espresso au corps et \u00e0 la cr\u00e8me excellents. Un m\u00e9lange parfum\u00e9 et cr\u00e9meux de caf\u00e9s d\u00e9caf\u00e9in\u00e9s<br \/>\n<strong>Corps<\/strong> Moyen<br \/>\n<strong>Torr\u00e9faction<\/strong> Moyenne<br \/>\n<strong>Caract\u00e9ristique<\/strong> Cr\u00e9meux Ar\u00f4me et saveur Doux, cr\u00e9meux et parfum\u00e9<br \/>\nEspresso decaffeinato, 100% Arabica pour les amateurs de caf\u00e9 \u00e0 travers le monde qui ne veulent pas se priver d\u2019un caf\u00e9 parfum\u00e9 \u00e0 la cr\u00e8me onctueuse. Parfait \u00e0 toute heure de la journ\u00e9e.<\/p>\n<p>Conditionnement : <strong>bo\u00eete de 100 capsules<\/strong>.[\/vc_column_text][\/vc_column][\/vc_row]<\/p>\n","protected":false},"excerpt":{"rendered":"<p>Espresso decaffeinato, 100% Arabica pour les amateurs de caf\u00e9 \u00e0 travers le monde qui ne veulent pas se priver d\u2019un caf\u00e9 parfum\u00e9 \u00e0 la cr\u00e8me onctueuse. Parfait \u00e0 toute heure de la journ\u00e9e.<\/p>\n<p>Conditionnement : <strong>bo\u00eete de 100 capsules<\/strong>.<\/p>\n","protected":false},"featured_media":10399,"comment_status":"closed","ping_status":"closed","template":"","meta":{"_et_pb_use_builder":"","_et_pb_old_content":"","_et_gb_content_width":""},"product_cat":[100,89],"product_tag":[90],"class_list":["post-10398","product","type-product","status-publish","has-post-thumbnail","hentry","product_cat-espresso-point","product_cat-lavazza-espresso-point","product_tag-lavazza-espresso-point","product_shipping_class-cl-fr"],"_links":{"self":[{"href":"https:\/\/www.sovedis.pro\/index.php\/wp-json\/wp\/v2\/product\/10398","targetHints":{"allow":["GET"]}}],"collection":[{"href":"https:\/\/www.sovedis.pro\/index.php\/wp-json\/wp\/v2\/product"}],"about":[{"href":"https:\/\/www.sovedis.pro\/index.php\/wp-json\/wp\/v2\/types\/product"}],"replies":[{"embeddable":true,"href":"https:\/\/www.sovedis.pro\/index.php\/wp-json\/wp\/v2\/comments?post=10398"}],"wp:featuredmedia":[{"embeddable":true,"href":"https:\/\/www.sovedis.pro\/index.php\/wp-json\/wp\/v2\/media\/10399"}],"wp:attachment":[{"href":"https:\/\/www.sovedis.pro\/index.php\/wp-json\/wp\/v2\/media?parent=10398"}],"wp:term":[{"taxonomy":"product_cat","embeddable":true,"href":"https:\/\/www.sovedis.pro\/index.php\/wp-json\/wp\/v2\/product_cat?post=10398"},{"taxonomy":"product_tag","embeddable":true,"href":"https:\/\/www.sovedis.pro\/index.php\/wp-json\/wp\/v2\/product_tag?post=10398"}],"curies":[{"name":"wp","href":"https:\/\/api.w.org\/{rel}","templated":true}]}}