{"id":10400,"date":"2020-01-16T14:47:01","date_gmt":"2020-01-16T14:47:01","guid":{"rendered":"https:\/\/www.sovedis.com\/?post_type=product&amp;p=10400"},"modified":"2020-01-16T14:47:01","modified_gmt":"2020-01-16T14:47:01","slug":"the-noir-english-breakfast-en-feuilles","status":"publish","type":"product","link":"https:\/\/www.sovedis.pro\/index.php\/produit\/the-noir-english-breakfast-en-feuilles\/","title":{"rendered":"TH\u00c9 NOIR ENGLISH BREAKFAST EN FEUILLES"},"content":{"rendered":"<p>[vc_row][vc_column][vc_column_text]English Breakfast, ar\u00f4me \u00e9quilibr\u00e9 et naturel<br \/>\nTh\u00e9 Noir en feuilles enti\u00e8res ferment\u00e9es \u00e0 100%, doucement fortifiant, \u00e0 l\u2019ar\u00f4me puissant et parfum\u00e9 et au go\u00fbt plein et \u00e9quilibr\u00e9.<br \/>\nL\u2019infusion est riche en principes actifs salutaires : antioxydants, toniques, bienfaits pour la digestion et la respiration.<\/p>\n<p>Conditionnement : <strong>bo\u00eete de 50 capsules<\/strong>.[\/vc_column_text][\/vc_column][\/vc_row]<\/p>\n","protected":false},"excerpt":{"rendered":"<p>Th\u00e9 Noir en feuilles enti\u00e8res ferment\u00e9es \u00e0 100%, doucement fortifiant, \u00e0 l\u2019ar\u00f4me puissant et parfum\u00e9 et au go\u00fbt plein et \u00e9quilibr\u00e9.<\/p>\n<p>Conditionnement : <strong>bo\u00eete de 50 capsules<\/strong>.<\/p>\n","protected":false},"featured_media":10401,"comment_status":"closed","ping_status":"closed","template":"","meta":{"_et_pb_use_builder":"","_et_pb_old_content":"","_et_gb_content_width":""},"product_cat":[89,96],"product_tag":[90],"class_list":["post-10400","product","type-product","status-publish","has-post-thumbnail","hentry","product_cat-lavazza-espresso-point","product_cat-thes-lavazza-espresso-point","product_tag-lavazza-espresso-point","product_shipping_class-cl-fr"],"_links":{"self":[{"href":"https:\/\/www.sovedis.pro\/index.php\/wp-json\/wp\/v2\/product\/10400","targetHints":{"allow":["GET"]}}],"collection":[{"href":"https:\/\/www.sovedis.pro\/index.php\/wp-json\/wp\/v2\/product"}],"about":[{"href":"https:\/\/www.sovedis.pro\/index.php\/wp-json\/wp\/v2\/types\/product"}],"replies":[{"embeddable":true,"href":"https:\/\/www.sovedis.pro\/index.php\/wp-json\/wp\/v2\/comments?post=10400"}],"wp:featuredmedia":[{"embeddable":true,"href":"https:\/\/www.sovedis.pro\/index.php\/wp-json\/wp\/v2\/media\/10401"}],"wp:attachment":[{"href":"https:\/\/www.sovedis.pro\/index.php\/wp-json\/wp\/v2\/media?parent=10400"}],"wp:term":[{"taxonomy":"product_cat","embeddable":true,"href":"https:\/\/www.sovedis.pro\/index.php\/wp-json\/wp\/v2\/product_cat?post=10400"},{"taxonomy":"product_tag","embeddable":true,"href":"https:\/\/www.sovedis.pro\/index.php\/wp-json\/wp\/v2\/product_tag?post=10400"}],"curies":[{"name":"wp","href":"https:\/\/api.w.org\/{rel}","templated":true}]}}