{"id":10402,"date":"2020-01-16T15:11:11","date_gmt":"2020-01-16T15:11:11","guid":{"rendered":"https:\/\/www.sovedis.com\/?post_type=product&amp;p=10402"},"modified":"2020-01-16T15:11:11","modified_gmt":"2020-01-16T15:11:11","slug":"the-vert-en-feuilles","status":"publish","type":"product","link":"https:\/\/www.sovedis.pro\/index.php\/produit\/the-vert-en-feuilles\/","title":{"rendered":"TH\u00c9 VERT EN FEUILLES"},"content":{"rendered":"<p>[vc_row][vc_column][vc_column_text]<strong>Th\u00e9 Vert, ar\u00f4me frais et d\u00e9licat<\/strong><br \/>\nTh\u00e9 Vert en feuilles enti\u00e8res s\u00e9ch\u00e9es sans fermentation, pour pr\u00e9server les huiles essentielles, les antioxydants et autres \u00e9l\u00e9ments actifs et salutaires.<br \/>\nLes infusions obtenues sont renomm\u00e9es pour les sensations herbac\u00e9es, douces et d\u00e9licates qu\u2019elles offrent.<\/p>\n<p>Conditionnement : <strong>bo\u00eete de 50 capsules<\/strong>.[\/vc_column_text][\/vc_column][\/vc_row]<\/p>\n","protected":false},"excerpt":{"rendered":"<p>Th\u00e9 Vert en feuilles enti\u00e8res s\u00e9ch\u00e9es sans fermentation, pour pr\u00e9server les huiles essentielles, les antioxydants et autres \u00e9l\u00e9ments actifs et salutaires.<\/p>\n<p>Conditionnement : <strong>bo\u00eete de 50 capsules<\/strong>.<\/p>\n","protected":false},"featured_media":10403,"comment_status":"closed","ping_status":"closed","template":"","meta":{"_et_pb_use_builder":"","_et_pb_old_content":"","_et_gb_content_width":""},"product_cat":[89,96],"product_tag":[90],"class_list":["post-10402","product","type-product","status-publish","has-post-thumbnail","hentry","product_cat-lavazza-espresso-point","product_cat-thes-lavazza-espresso-point","product_tag-lavazza-espresso-point","product_shipping_class-cl-fr"],"_links":{"self":[{"href":"https:\/\/www.sovedis.pro\/index.php\/wp-json\/wp\/v2\/product\/10402","targetHints":{"allow":["GET"]}}],"collection":[{"href":"https:\/\/www.sovedis.pro\/index.php\/wp-json\/wp\/v2\/product"}],"about":[{"href":"https:\/\/www.sovedis.pro\/index.php\/wp-json\/wp\/v2\/types\/product"}],"replies":[{"embeddable":true,"href":"https:\/\/www.sovedis.pro\/index.php\/wp-json\/wp\/v2\/comments?post=10402"}],"wp:featuredmedia":[{"embeddable":true,"href":"https:\/\/www.sovedis.pro\/index.php\/wp-json\/wp\/v2\/media\/10403"}],"wp:attachment":[{"href":"https:\/\/www.sovedis.pro\/index.php\/wp-json\/wp\/v2\/media?parent=10402"}],"wp:term":[{"taxonomy":"product_cat","embeddable":true,"href":"https:\/\/www.sovedis.pro\/index.php\/wp-json\/wp\/v2\/product_cat?post=10402"},{"taxonomy":"product_tag","embeddable":true,"href":"https:\/\/www.sovedis.pro\/index.php\/wp-json\/wp\/v2\/product_tag?post=10402"}],"curies":[{"name":"wp","href":"https:\/\/api.w.org\/{rel}","templated":true}]}}