{"id":10412,"date":"2020-01-16T15:28:57","date_gmt":"2020-01-16T15:28:57","guid":{"rendered":"https:\/\/www.sovedis.com\/?post_type=product&amp;p=10412"},"modified":"2020-01-16T15:28:57","modified_gmt":"2020-01-16T15:28:57","slug":"the-peche-en-feuilles","status":"publish","type":"product","link":"https:\/\/www.sovedis.pro\/index.php\/produit\/the-peche-en-feuilles\/","title":{"rendered":"TH\u00c9 P\u00caCHE EN FEUILLES"},"content":{"rendered":"<p>[vc_row][vc_column][vc_column_text]<strong>Promesse :<\/strong> un th\u00e9 en feuilles aromatis\u00e9 \u00e0 la p\u00eache.<br \/>\n<strong>Moment de consommation :<\/strong> parfait tout au long de la journ\u00e9e.<\/p>\n<p>Conditionnement : <strong>bo\u00eete de 25 capsules<\/strong>.[\/vc_column_text][\/vc_column][\/vc_row]<\/p>\n","protected":false},"excerpt":{"rendered":"<p>Un th\u00e9 en feuilles aromatis\u00e9 \u00e0 la p\u00eache.<\/p>\n<p>Conditionnement : <strong>bo\u00eete de 25 capsules<\/strong>.<\/p>\n","protected":false},"featured_media":10413,"comment_status":"closed","ping_status":"closed","template":"","meta":{"_et_pb_use_builder":"","_et_pb_old_content":"","_et_gb_content_width":""},"product_cat":[89,96],"product_tag":[90],"class_list":["post-10412","product","type-product","status-publish","has-post-thumbnail","hentry","product_cat-lavazza-espresso-point","product_cat-thes-lavazza-espresso-point","product_tag-lavazza-espresso-point","product_shipping_class-cl-fr"],"_links":{"self":[{"href":"https:\/\/www.sovedis.pro\/index.php\/wp-json\/wp\/v2\/product\/10412","targetHints":{"allow":["GET"]}}],"collection":[{"href":"https:\/\/www.sovedis.pro\/index.php\/wp-json\/wp\/v2\/product"}],"about":[{"href":"https:\/\/www.sovedis.pro\/index.php\/wp-json\/wp\/v2\/types\/product"}],"replies":[{"embeddable":true,"href":"https:\/\/www.sovedis.pro\/index.php\/wp-json\/wp\/v2\/comments?post=10412"}],"wp:featuredmedia":[{"embeddable":true,"href":"https:\/\/www.sovedis.pro\/index.php\/wp-json\/wp\/v2\/media\/10413"}],"wp:attachment":[{"href":"https:\/\/www.sovedis.pro\/index.php\/wp-json\/wp\/v2\/media?parent=10412"}],"wp:term":[{"taxonomy":"product_cat","embeddable":true,"href":"https:\/\/www.sovedis.pro\/index.php\/wp-json\/wp\/v2\/product_cat?post=10412"},{"taxonomy":"product_tag","embeddable":true,"href":"https:\/\/www.sovedis.pro\/index.php\/wp-json\/wp\/v2\/product_tag?post=10412"}],"curies":[{"name":"wp","href":"https:\/\/api.w.org\/{rel}","templated":true}]}}