{"id":10417,"date":"2020-01-16T16:02:54","date_gmt":"2020-01-16T16:02:54","guid":{"rendered":"https:\/\/www.sovedis.com\/?post_type=product&amp;p=10417"},"modified":"2020-01-16T16:02:54","modified_gmt":"2020-01-16T16:02:54","slug":"boisson-au-gout-chocolate","status":"publish","type":"product","link":"https:\/\/www.sovedis.pro\/index.php\/produit\/boisson-au-gout-chocolate\/","title":{"rendered":"BOISSON AU GOUT CHOCOLAT\u00c9"},"content":{"rendered":"<p>[vc_row][vc_column][vc_column_text]<strong>Promesse :<\/strong> Une boisson chocolat\u00e9e envo\u00fbtante<br \/>\n<strong>Description :<\/strong> M\u00e9lange instantan\u00e9 de cacao maigre sucr\u00e9 et poudre de lait \u00e9cr\u00e9m\u00e9.<br \/>\n<strong>Moment de consommation :<\/strong> parfait tout au long de la journ\u00e9e, satisfait les palais d\u2019amoureux de chocolat et de tous ceux qui recherchent une douceur cr\u00e9meuse.<br \/>\n<em><strong>Utilisation d\u2019une capsule de pr\u00e9paration \u00e0 base de lait pour d\u00e9guster cette excellente boisson chocolat\u00e9e.<\/strong><\/em><\/p>\n<p>Conditionnement : <strong>bo\u00eete de 50 capsules<\/strong>.[\/vc_column_text][\/vc_column][\/vc_row]<\/p>\n","protected":false},"excerpt":{"rendered":"<p>M\u00e9lange instantan\u00e9 de cacao maigre sucr\u00e9 et poudre de lait \u00e9cr\u00e9m\u00e9.<\/p>\n<p>Conditionnement : <strong>bo\u00eete de 50 capsules<\/strong>.<\/p>\n","protected":false},"featured_media":10419,"comment_status":"closed","ping_status":"closed","template":"","meta":{"_et_pb_use_builder":"","_et_pb_old_content":"","_et_gb_content_width":""},"product_cat":[99,89],"product_tag":[90],"class_list":["post-10417","product","type-product","status-publish","has-post-thumbnail","hentry","product_cat-autres-boissons-lavazza-espresso-point","product_cat-lavazza-espresso-point","product_tag-lavazza-espresso-point","product_shipping_class-cl-fr"],"_links":{"self":[{"href":"https:\/\/www.sovedis.pro\/index.php\/wp-json\/wp\/v2\/product\/10417","targetHints":{"allow":["GET"]}}],"collection":[{"href":"https:\/\/www.sovedis.pro\/index.php\/wp-json\/wp\/v2\/product"}],"about":[{"href":"https:\/\/www.sovedis.pro\/index.php\/wp-json\/wp\/v2\/types\/product"}],"replies":[{"embeddable":true,"href":"https:\/\/www.sovedis.pro\/index.php\/wp-json\/wp\/v2\/comments?post=10417"}],"wp:featuredmedia":[{"embeddable":true,"href":"https:\/\/www.sovedis.pro\/index.php\/wp-json\/wp\/v2\/media\/10419"}],"wp:attachment":[{"href":"https:\/\/www.sovedis.pro\/index.php\/wp-json\/wp\/v2\/media?parent=10417"}],"wp:term":[{"taxonomy":"product_cat","embeddable":true,"href":"https:\/\/www.sovedis.pro\/index.php\/wp-json\/wp\/v2\/product_cat?post=10417"},{"taxonomy":"product_tag","embeddable":true,"href":"https:\/\/www.sovedis.pro\/index.php\/wp-json\/wp\/v2\/product_tag?post=10417"}],"curies":[{"name":"wp","href":"https:\/\/api.w.org\/{rel}","templated":true}]}}