{"id":10420,"date":"2020-01-16T16:07:00","date_gmt":"2020-01-16T16:07:00","guid":{"rendered":"https:\/\/www.sovedis.com\/?post_type=product&amp;p=10420"},"modified":"2020-01-16T16:07:00","modified_gmt":"2020-01-16T16:07:00","slug":"cappuccino-nature-en-stick","status":"publish","type":"product","link":"https:\/\/www.sovedis.pro\/index.php\/produit\/cappuccino-nature-en-stick\/","title":{"rendered":"CAPPUCCINO NATURE EN STICK"},"content":{"rendered":"<p>[vc_row][vc_column][vc_column_text]<strong>Promesse :<\/strong> une boisson cappuccino cr\u00e9meuse<br \/>\n<strong>Description :<\/strong> M\u00e9lange instantan\u00e9 de caf\u00e9 et cacao maigre sucr\u00e9 et poudre de lait \u00e9cr\u00e9m\u00e9.<br \/>\n<strong>Moment de consommation :<\/strong> parfait tout au long de la journ\u00e9e, satisfait tous ceux qui recherchent une douceur cr\u00e9meuse.<em><strong><br \/>\nUtilisation d\u2019une capsule de pr\u00e9paration \u00e0 base de lait ou de l\u2019eau chaude pour d\u00e9guster cette excellente boisson cappuccino.<br \/>\n<\/strong><\/em><\/p>\n<p>Conditionnement : <strong>bo\u00eete de 10 capsules<\/strong>.[\/vc_column_text][\/vc_column][\/vc_row]<\/p>\n","protected":false},"excerpt":{"rendered":"<p>M\u00e9lange instantan\u00e9 de caf\u00e9 et cacao maigre sucr\u00e9 et poudre de lait \u00e9cr\u00e9m\u00e9<\/p>\n<p>Conditionnement : <strong>bo\u00eete de 10 capsules<\/strong>.<\/p>\n","protected":false},"featured_media":10421,"comment_status":"closed","ping_status":"closed","template":"","meta":{"_et_pb_use_builder":"","_et_pb_old_content":"","_et_gb_content_width":""},"product_cat":[99,89],"product_tag":[90],"class_list":["post-10420","product","type-product","status-publish","has-post-thumbnail","hentry","product_cat-autres-boissons-lavazza-espresso-point","product_cat-lavazza-espresso-point","product_tag-lavazza-espresso-point","product_shipping_class-cl-fr"],"_links":{"self":[{"href":"https:\/\/www.sovedis.pro\/index.php\/wp-json\/wp\/v2\/product\/10420","targetHints":{"allow":["GET"]}}],"collection":[{"href":"https:\/\/www.sovedis.pro\/index.php\/wp-json\/wp\/v2\/product"}],"about":[{"href":"https:\/\/www.sovedis.pro\/index.php\/wp-json\/wp\/v2\/types\/product"}],"replies":[{"embeddable":true,"href":"https:\/\/www.sovedis.pro\/index.php\/wp-json\/wp\/v2\/comments?post=10420"}],"wp:featuredmedia":[{"embeddable":true,"href":"https:\/\/www.sovedis.pro\/index.php\/wp-json\/wp\/v2\/media\/10421"}],"wp:attachment":[{"href":"https:\/\/www.sovedis.pro\/index.php\/wp-json\/wp\/v2\/media?parent=10420"}],"wp:term":[{"taxonomy":"product_cat","embeddable":true,"href":"https:\/\/www.sovedis.pro\/index.php\/wp-json\/wp\/v2\/product_cat?post=10420"},{"taxonomy":"product_tag","embeddable":true,"href":"https:\/\/www.sovedis.pro\/index.php\/wp-json\/wp\/v2\/product_tag?post=10420"}],"curies":[{"name":"wp","href":"https:\/\/api.w.org\/{rel}","templated":true}]}}