{"id":10429,"date":"2020-01-16T16:35:01","date_gmt":"2020-01-16T16:35:01","guid":{"rendered":"https:\/\/www.sovedis.com\/?post_type=product&amp;p=10429"},"modified":"2020-01-16T16:35:01","modified_gmt":"2020-01-16T16:35:01","slug":"gobelets-15-carton-copie","status":"publish","type":"product","link":"https:\/\/www.sovedis.pro\/index.php\/produit\/gobelets-15-carton-copie\/","title":{"rendered":"BUCHETTE DE SUCRE"},"content":{"rendered":"<p>[vc_row][vc_column][vc_column_text]Cette boite contient <strong>200 buchettes de sucre Lavazza<\/strong>. Un format hyper pratique, parfaitement hygi\u00e9nique et facile \u00e0 conserver gr\u00e2ce \u00e0 l\u2019emballage individuel. Ce sucre semoule en buchette est sign\u00e9e <strong>Lavazza,<\/strong> une grande marque que les clients connaissent et appr\u00e9cient. Avec lui, vous avez la certitude de proposer <strong>un produit ultra qualitatif<\/strong> au gout toujours identique. Un atout de taille pour votre image de marque.<\/p>\n<p>Conditionnement :\u00a0\u00a0<strong>carton de 200 buchettes de sucre de 4 g<\/strong>[\/vc_column_text][\/vc_column][\/vc_row]<\/p>\n","protected":false},"excerpt":{"rendered":"<p>&nbsp;<\/p>\n<p>Conditionnement : <strong>carton de 200 buchettes de sucre de 4 g<br \/>\n<\/strong><\/p>\n","protected":false},"featured_media":12726,"comment_status":"closed","ping_status":"closed","template":"","meta":{"_et_pb_use_builder":"","_et_pb_old_content":"","_et_gb_content_width":""},"product_cat":[91],"product_tag":[80],"class_list":["post-10429","product","type-product","status-publish","has-post-thumbnail","hentry","product_cat-les-accessoires","product_tag-accessoires","product_shipping_class-cl-fr"],"_links":{"self":[{"href":"https:\/\/www.sovedis.pro\/index.php\/wp-json\/wp\/v2\/product\/10429","targetHints":{"allow":["GET"]}}],"collection":[{"href":"https:\/\/www.sovedis.pro\/index.php\/wp-json\/wp\/v2\/product"}],"about":[{"href":"https:\/\/www.sovedis.pro\/index.php\/wp-json\/wp\/v2\/types\/product"}],"replies":[{"embeddable":true,"href":"https:\/\/www.sovedis.pro\/index.php\/wp-json\/wp\/v2\/comments?post=10429"}],"wp:featuredmedia":[{"embeddable":true,"href":"https:\/\/www.sovedis.pro\/index.php\/wp-json\/wp\/v2\/media\/12726"}],"wp:attachment":[{"href":"https:\/\/www.sovedis.pro\/index.php\/wp-json\/wp\/v2\/media?parent=10429"}],"wp:term":[{"taxonomy":"product_cat","embeddable":true,"href":"https:\/\/www.sovedis.pro\/index.php\/wp-json\/wp\/v2\/product_cat?post=10429"},{"taxonomy":"product_tag","embeddable":true,"href":"https:\/\/www.sovedis.pro\/index.php\/wp-json\/wp\/v2\/product_tag?post=10429"}],"curies":[{"name":"wp","href":"https:\/\/api.w.org\/{rel}","templated":true}]}}