{"id":10430,"date":"2020-01-16T16:37:39","date_gmt":"2020-01-16T16:37:39","guid":{"rendered":"https:\/\/www.sovedis.com\/?post_type=product&amp;p=10430"},"modified":"2020-01-16T16:37:39","modified_gmt":"2020-01-16T16:37:39","slug":"agitateurs-en-bois","status":"publish","type":"product","link":"https:\/\/www.sovedis.pro\/index.php\/produit\/agitateurs-en-bois\/","title":{"rendered":"AGITATEURS EN BOIS"},"content":{"rendered":"<p>[vc_row][vc_column][vc_column_text]Agitateurs \/ Touillettes \u00e0 caf\u00e9<\/p>\n<p>BIODEGRADABLE ET COMPOSTABLE<\/p>\n<p>&#8211; Longueur : 13 cm<br \/>\n&#8211; Fabriqu\u00e9 en bois de bouleau<br \/>\n&#8211; Incassable gr\u00e2ce \u00e0 son traitement de surface<br \/>\n&#8211; R\u00e9sistant et ne d\u00e9gage aucun go\u00fbt<\/p>\n<p>Conditionnement :\u00a0\u00a0<strong>sachet de 100 agitateur en bois<\/strong>[\/vc_column_text][\/vc_column][\/vc_row]<\/p>\n","protected":false},"excerpt":{"rendered":"<p>&nbsp;<\/p>\n<p>Conditionnement : <strong>sachet de 100 agitateurs en bois<br \/>\n<\/strong><\/p>\n","protected":false},"featured_media":12724,"comment_status":"closed","ping_status":"closed","template":"","meta":{"_et_pb_use_builder":"","_et_pb_old_content":"","_et_gb_content_width":""},"product_cat":[91],"product_tag":[80],"class_list":["post-10430","product","type-product","status-publish","has-post-thumbnail","hentry","product_cat-les-accessoires","product_tag-accessoires","product_shipping_class-cl-fr"],"_links":{"self":[{"href":"https:\/\/www.sovedis.pro\/index.php\/wp-json\/wp\/v2\/product\/10430","targetHints":{"allow":["GET"]}}],"collection":[{"href":"https:\/\/www.sovedis.pro\/index.php\/wp-json\/wp\/v2\/product"}],"about":[{"href":"https:\/\/www.sovedis.pro\/index.php\/wp-json\/wp\/v2\/types\/product"}],"replies":[{"embeddable":true,"href":"https:\/\/www.sovedis.pro\/index.php\/wp-json\/wp\/v2\/comments?post=10430"}],"wp:featuredmedia":[{"embeddable":true,"href":"https:\/\/www.sovedis.pro\/index.php\/wp-json\/wp\/v2\/media\/12724"}],"wp:attachment":[{"href":"https:\/\/www.sovedis.pro\/index.php\/wp-json\/wp\/v2\/media?parent=10430"}],"wp:term":[{"taxonomy":"product_cat","embeddable":true,"href":"https:\/\/www.sovedis.pro\/index.php\/wp-json\/wp\/v2\/product_cat?post=10430"},{"taxonomy":"product_tag","embeddable":true,"href":"https:\/\/www.sovedis.pro\/index.php\/wp-json\/wp\/v2\/product_tag?post=10430"}],"curies":[{"name":"wp","href":"https:\/\/api.w.org\/{rel}","templated":true}]}}