{"id":1415,"date":"2019-04-25T10:01:32","date_gmt":"2019-04-25T10:01:32","guid":{"rendered":"https:\/\/www.sovedis.com\/?post_type=product&amp;p=1415"},"modified":"2019-04-25T10:01:32","modified_gmt":"2019-04-25T10:01:32","slug":"capsules-biodegradables-de-cafe-bio-albert-x15-compatible-nespresso-terramoka-sovedis","status":"publish","type":"product","link":"https:\/\/www.sovedis.pro\/index.php\/produit\/capsules-biodegradables-de-cafe-bio-albert-x15-compatible-nespresso-terramoka-sovedis\/","title":{"rendered":"Capsules biod\u00e9gradables de caf\u00e9 bio ALBERT Compatible Nespresso\u00ae x15"},"content":{"rendered":"<p>Ces capsules ont obtenus de nombreuses certifications gr\u00e2ce \u00e0 leur respect environnemental et social. Tous leurs caf\u00e9s sont certifi\u00e9s AB, les provenances de caf\u00e9s sont certifi\u00e9s SCAE (normes des caf\u00e9s de qualit\u00e9 irr\u00e9prochable), ils sont \u00e9galement certifi\u00e9s UTZ (norme environnementale d&#8217;exploitation et commerce durable). Les emballages sont tous certifi\u00e9s Ok Compost, que ce soit l&#8217;emballage fraicheur des capsules que la bo\u00eete.<\/p>\n<p>TERRAMOKA, qui a pour ambition de proposer des capsules compatibles Nespresso de grande qualit\u00e9. Ces capsules renferment un caf\u00e9 fraichement moulu et encapsul\u00e9. Les grains de caf\u00e9 cultiv\u00e9s dans de Grands Domaines sont s\u00e9lectionn\u00e9s et r\u00e9colt\u00e9s \u00e0 la main. Les fruits sont ensuite expos\u00e9s au soleil \u00e0 l&#8217;air libre, puis cuits, torr\u00e9fi\u00e9s et assembl\u00e9s par des experts, selon des m\u00e9thodes artisanales permettant de conserver la fra\u00eecheur et le bon go\u00fbt du caf\u00e9, avant d&#8217;\u00eatre finalement moulus.<\/p>\n<p>Conditionnement : bo\u00eete de 15 capsules.<br \/>\nChaque capsule contient 5,6 g de caf\u00e9 Compatible Nespresso<br \/>\nPoids net: 84g<\/p>\n<p>Certifi\u00e9 AB; certifi\u00e9 UTZ; certifi\u00e9s SCAE (normes des caf\u00e9s de qualit\u00e9 irr\u00e9prochable), 0% OGM ET 0% ALLUMINIUM<\/p>\n","protected":false},"excerpt":{"rendered":"<p>Caf\u00e9 grand cru BIO. 100% arabica du P\u00c9ROU. Ce caf\u00e9 est remarquable par sa saveur fruit\u00e9e qui nous interpelle d\u00e9s son entr\u00e9e en bouche. Ces capsules sont v\u00e9g\u00e9tales, elles sont compos\u00e9es en amidon de ma\u00efs et sont 100 % compostables \/ biod\u00e9gradables en 3 mois. Aucune pr\u00e9sence d&#8217;aluminium, ni OGM.<\/p>\n<p>Conditionnement : <strong>bo\u00eete de 15 capsules<\/strong>.<\/p>\n<p>Compatible<strong> NESPRESSO<sup>\u00ae<\/sup> &#8211; TERRAMOKA &#8211; SOVEDIS<\/strong><\/p>\n","protected":false},"featured_media":1418,"comment_status":"closed","ping_status":"closed","template":"","meta":{"_et_pb_use_builder":"","_et_pb_old_content":"","_et_gb_content_width":""},"product_cat":[84],"product_tag":[82],"class_list":["post-1415","product","type-product","status-publish","has-post-thumbnail","hentry","product_cat-capsules-gamme-terramoka","product_tag-capsules-biodegradables-de-cafe-bio","product_shipping_class-cl-fr"],"_links":{"self":[{"href":"https:\/\/www.sovedis.pro\/index.php\/wp-json\/wp\/v2\/product\/1415","targetHints":{"allow":["GET"]}}],"collection":[{"href":"https:\/\/www.sovedis.pro\/index.php\/wp-json\/wp\/v2\/product"}],"about":[{"href":"https:\/\/www.sovedis.pro\/index.php\/wp-json\/wp\/v2\/types\/product"}],"replies":[{"embeddable":true,"href":"https:\/\/www.sovedis.pro\/index.php\/wp-json\/wp\/v2\/comments?post=1415"}],"wp:featuredmedia":[{"embeddable":true,"href":"https:\/\/www.sovedis.pro\/index.php\/wp-json\/wp\/v2\/media\/1418"}],"wp:attachment":[{"href":"https:\/\/www.sovedis.pro\/index.php\/wp-json\/wp\/v2\/media?parent=1415"}],"wp:term":[{"taxonomy":"product_cat","embeddable":true,"href":"https:\/\/www.sovedis.pro\/index.php\/wp-json\/wp\/v2\/product_cat?post=1415"},{"taxonomy":"product_tag","embeddable":true,"href":"https:\/\/www.sovedis.pro\/index.php\/wp-json\/wp\/v2\/product_tag?post=1415"}],"curies":[{"name":"wp","href":"https:\/\/api.w.org\/{rel}","templated":true}]}}