{"id":1445,"date":"2019-04-25T16:58:04","date_gmt":"2019-04-25T16:58:04","guid":{"rendered":"https:\/\/www.sovedis.com\/?post_type=product&amp;p=1445"},"modified":"2019-04-25T16:58:04","modified_gmt":"2019-04-25T16:58:04","slug":"capsules-de-cafe-bio-dethiopie-oscar-x15","status":"publish","type":"product","link":"https:\/\/www.sovedis.pro\/index.php\/produit\/capsules-de-cafe-bio-dethiopie-oscar-x15\/","title":{"rendered":"Capsules de caf\u00e9 bio d&#8217;ETHIOPIE OSCAR Compatible Nespresso\u00ae x15"},"content":{"rendered":"<p>Ces capsules compatibles Nespresso\u00ae sont 100 % biod\u00e9gradables, garantie sans aluminium. Conditionnement : 1 bo\u00eete de 15 capsules. TERRAMOKA est un torr\u00e9facteur fran\u00e7ais qui propose des capsules compatibles Nespresso\u00ae<br \/>\n100% biod\u00e9gradables et compostables avec 0% d&#8217;aluminium.<\/p>\n<p>Conditionnement : bo\u00eete de 15 capsules.<br \/>\nChaque capsule contient 5,6 g de caf\u00e9 Compatible Nespresso<br \/>\nPoids net: 84g<\/p>\n<p>Certifi\u00e9 AB; certifi\u00e9 UTZ; certifi\u00e9s SCAE (normes des caf\u00e9s de qualit\u00e9 irr\u00e9prochable), 0% OGM ET 0% ALLUMINIUM<\/p>\n","protected":false},"excerpt":{"rendered":"<p>Caf\u00e9 grand cru d\u2019\u00c9THIOPIE.<\/p>\n<p>Oscar revient d\u2019Ethiopie avec une s\u00e9lection de Moka Sidamo issu de l\u2019agriculture biologique qu\u2019il a sublim\u00e9 par une torr\u00e9faction lente. Il en ressort un assemblage subtil avec du corps, long en bouche et des notes fruit\u00e9es.<\/p>\n<p>Conditionnement : <strong>bo\u00eete de 15 capsules<\/strong>.<\/p>\n<p>Compatible<strong> NESPRESSO<sup>\u00ae<\/sup> &#8211; TERRAMOKA &#8211; SOVEDIS<\/strong><\/p>\n","protected":false},"featured_media":1421,"comment_status":"closed","ping_status":"closed","template":"","meta":{"_et_pb_use_builder":"","_et_pb_old_content":"","_et_gb_content_width":""},"product_cat":[84],"product_tag":[82],"class_list":["post-1445","product","type-product","status-publish","has-post-thumbnail","hentry","product_cat-capsules-gamme-terramoka","product_tag-capsules-biodegradables-de-cafe-bio","product_shipping_class-cl-fr"],"_links":{"self":[{"href":"https:\/\/www.sovedis.pro\/index.php\/wp-json\/wp\/v2\/product\/1445","targetHints":{"allow":["GET"]}}],"collection":[{"href":"https:\/\/www.sovedis.pro\/index.php\/wp-json\/wp\/v2\/product"}],"about":[{"href":"https:\/\/www.sovedis.pro\/index.php\/wp-json\/wp\/v2\/types\/product"}],"replies":[{"embeddable":true,"href":"https:\/\/www.sovedis.pro\/index.php\/wp-json\/wp\/v2\/comments?post=1445"}],"wp:featuredmedia":[{"embeddable":true,"href":"https:\/\/www.sovedis.pro\/index.php\/wp-json\/wp\/v2\/media\/1421"}],"wp:attachment":[{"href":"https:\/\/www.sovedis.pro\/index.php\/wp-json\/wp\/v2\/media?parent=1445"}],"wp:term":[{"taxonomy":"product_cat","embeddable":true,"href":"https:\/\/www.sovedis.pro\/index.php\/wp-json\/wp\/v2\/product_cat?post=1445"},{"taxonomy":"product_tag","embeddable":true,"href":"https:\/\/www.sovedis.pro\/index.php\/wp-json\/wp\/v2\/product_tag?post=1445"}],"curies":[{"name":"wp","href":"https:\/\/api.w.org\/{rel}","templated":true}]}}