{"id":1448,"date":"2019-04-25T17:12:42","date_gmt":"2019-04-25T17:12:42","guid":{"rendered":"https:\/\/www.sovedis.com\/?post_type=product&amp;p=1448"},"modified":"2019-04-25T17:12:42","modified_gmt":"2019-04-25T17:12:42","slug":"capsules-de-cafe-bio-du-bresil-mexique-et-tanzanie-compatible-nespresso-x15-arthur","status":"publish","type":"product","link":"https:\/\/www.sovedis.pro\/index.php\/produit\/capsules-de-cafe-bio-du-bresil-mexique-et-tanzanie-compatible-nespresso-x15-arthur\/","title":{"rendered":"Capsules de caf\u00e9 bio du BRESIL, MEXIQUE ET TANZANIE Compatible Nespresso\u00ae x15 ARTHUR"},"content":{"rendered":"<p>Arthur, est un assemblage compos\u00e9 de 80% Grands Crus Arabica du Br\u00e9sil, du Mexique et de 20% Robusta de Tanzanie provenant d&#8217;agriculture biologique, cela cr\u00e9e un caf\u00e9 riche, tr\u00e8s \u00e9quilibr\u00e9 et avec un corps d\u00e9licat.<br \/>\nLes capsules TerraMoka : Les capsules de la marque engag\u00e9e pour l&#8217;environnement TerraMoka propose diff\u00e9rents caf\u00e9s de qualit\u00e9 : le caf\u00e9 encapsul\u00e9 est garanti fra\u00eechement moulu<\/p>\n<p>Conditionnement : bo\u00eete de 15 capsules.<br \/>\nChaque capsule contient 5,6 g de caf\u00e9 Compatible Nespresso<br \/>\nPoids net: 84g<\/p>\n<p>Certifi\u00e9 AB; certifi\u00e9 UTZ; certifi\u00e9s SCAE (normes des caf\u00e9s de qualit\u00e9 irr\u00e9prochable), 0% OGM ET 0% ALLUMINIUM<\/p>\n","protected":false},"excerpt":{"rendered":"<p>Arthur, est un assemblage compos\u00e9 de 80% Grands Crus Arabica du Br\u00e9sil, du Mexique et de 20% Robusta de Tanzanie provenant d&#8217;agriculture biologique, cela cr\u00e9e un caf\u00e9 riche, tr\u00e8s \u00e9quilibr\u00e9 et avec un corps d\u00e9licat.<\/p>\n<p>Conditionnement : <strong>bo\u00eete de 15 capsules<\/strong>.<\/p>\n<p>Compatible<strong> NESPRESSO<sup>\u00ae<\/sup> &#8211; TERRAMOKA &#8211; SOVEDIS<\/strong><\/p>\n","protected":false},"featured_media":1418,"comment_status":"closed","ping_status":"closed","template":"","meta":{"_et_pb_use_builder":"","_et_pb_old_content":"","_et_gb_content_width":""},"product_cat":[84],"product_tag":[82],"class_list":["post-1448","product","type-product","status-publish","has-post-thumbnail","hentry","product_cat-capsules-gamme-terramoka","product_tag-capsules-biodegradables-de-cafe-bio","product_shipping_class-cl-fr"],"_links":{"self":[{"href":"https:\/\/www.sovedis.pro\/index.php\/wp-json\/wp\/v2\/product\/1448","targetHints":{"allow":["GET"]}}],"collection":[{"href":"https:\/\/www.sovedis.pro\/index.php\/wp-json\/wp\/v2\/product"}],"about":[{"href":"https:\/\/www.sovedis.pro\/index.php\/wp-json\/wp\/v2\/types\/product"}],"replies":[{"embeddable":true,"href":"https:\/\/www.sovedis.pro\/index.php\/wp-json\/wp\/v2\/comments?post=1448"}],"wp:featuredmedia":[{"embeddable":true,"href":"https:\/\/www.sovedis.pro\/index.php\/wp-json\/wp\/v2\/media\/1418"}],"wp:attachment":[{"href":"https:\/\/www.sovedis.pro\/index.php\/wp-json\/wp\/v2\/media?parent=1448"}],"wp:term":[{"taxonomy":"product_cat","embeddable":true,"href":"https:\/\/www.sovedis.pro\/index.php\/wp-json\/wp\/v2\/product_cat?post=1448"},{"taxonomy":"product_tag","embeddable":true,"href":"https:\/\/www.sovedis.pro\/index.php\/wp-json\/wp\/v2\/product_tag?post=1448"}],"curies":[{"name":"wp","href":"https:\/\/api.w.org\/{rel}","templated":true}]}}