{"id":1450,"date":"2019-04-25T17:19:32","date_gmt":"2019-04-25T17:19:32","guid":{"rendered":"https:\/\/www.sovedis.com\/?post_type=product&amp;p=1450"},"modified":"2019-04-25T17:19:32","modified_gmt":"2019-04-25T17:19:32","slug":"capsules-de-cafe-deca-bio-du-perou-compatible-nespresso-nelson-x15","status":"publish","type":"product","link":"https:\/\/www.sovedis.pro\/index.php\/produit\/capsules-de-cafe-deca-bio-du-perou-compatible-nespresso-nelson-x15\/","title":{"rendered":"Capsules de caf\u00e9 (d\u00e9ca) bio du PEROU Compatible Nespresso\u00ae NELSON  x15"},"content":{"rendered":"<p>Mister NELSON, un caf\u00e9 grand cru du P\u00e9rou : Ce caf\u00e9 Arabica D\u00e9caf\u00e9in\u00e9 du P\u00e9rou vous offrira au nez l\u00e9g\u00e8rement malt\u00e9. Il s&#8217;exprime en douceur sur des nuances fruit\u00e9es, v\u00e9g\u00e9tales et de pailles.en bouche une rondeur exceptionnelle. vous serez s\u00e9duit pas sa mousse couleur ivoire.<\/p>\n<p>Les capsules TerraMoka : Les capsules de la marque engag\u00e9e pour l&#8217;environnement TerraMoka propose diff\u00e9rents caf\u00e9s de qualit\u00e9 : le caf\u00e9 encapsul\u00e9 est garanti fra\u00eechement moulu. Les capsules sont v\u00e9g\u00e9tales, elles sont compos\u00e9es en amidon de ma\u00efs 100 % compostables \/ biod\u00e9gradables en 3 mois<\/p>\n<p>&nbsp;<\/p>\n<p>Conditionnement : bo\u00eete de 15 capsules.<br \/>\nChaque capsule contient 5,6 g de caf\u00e9 Compatible Nespresso<br \/>\nPoids net: 84g<\/p>\n<p>Certifi\u00e9 AB; certifi\u00e9 UTZ; certifi\u00e9s SCAE (normes des caf\u00e9s de qualit\u00e9 irr\u00e9prochable), 0% OGM ET 0% ALLUMINIUM<\/p>\n","protected":false},"excerpt":{"rendered":"<p>Mister NELSON, un caf\u00e9 grand cru du P\u00e9rou, <strong>caf\u00e9 Arabica d\u00e9caf\u00e9in\u00e9<\/strong> du P\u00e9rou vous offrira au nez l\u00e9g\u00e8rement malt\u00e9<\/p>\n<p>Conditionnement : <strong>bo\u00eete de 15 capsules<\/strong>.<\/p>\n<p>Compatible<strong> NESPRESSO<sup>\u00ae<\/sup> &#8211; TERRAMOKA &#8211; SOVEDIS<\/strong><\/p>\n","protected":false},"featured_media":1420,"comment_status":"closed","ping_status":"closed","template":"","meta":{"_et_pb_use_builder":"","_et_pb_old_content":"","_et_gb_content_width":""},"product_cat":[84],"product_tag":[82],"class_list":["post-1450","product","type-product","status-publish","has-post-thumbnail","hentry","product_cat-capsules-gamme-terramoka","product_tag-capsules-biodegradables-de-cafe-bio","product_shipping_class-cl-fr"],"_links":{"self":[{"href":"https:\/\/www.sovedis.pro\/index.php\/wp-json\/wp\/v2\/product\/1450","targetHints":{"allow":["GET"]}}],"collection":[{"href":"https:\/\/www.sovedis.pro\/index.php\/wp-json\/wp\/v2\/product"}],"about":[{"href":"https:\/\/www.sovedis.pro\/index.php\/wp-json\/wp\/v2\/types\/product"}],"replies":[{"embeddable":true,"href":"https:\/\/www.sovedis.pro\/index.php\/wp-json\/wp\/v2\/comments?post=1450"}],"wp:featuredmedia":[{"embeddable":true,"href":"https:\/\/www.sovedis.pro\/index.php\/wp-json\/wp\/v2\/media\/1420"}],"wp:attachment":[{"href":"https:\/\/www.sovedis.pro\/index.php\/wp-json\/wp\/v2\/media?parent=1450"}],"wp:term":[{"taxonomy":"product_cat","embeddable":true,"href":"https:\/\/www.sovedis.pro\/index.php\/wp-json\/wp\/v2\/product_cat?post=1450"},{"taxonomy":"product_tag","embeddable":true,"href":"https:\/\/www.sovedis.pro\/index.php\/wp-json\/wp\/v2\/product_tag?post=1450"}],"curies":[{"name":"wp","href":"https:\/\/api.w.org\/{rel}","templated":true}]}}