{"id":1454,"date":"2019-04-26T07:49:21","date_gmt":"2019-04-26T07:49:21","guid":{"rendered":"https:\/\/www.sovedis.com\/?post_type=product&amp;p=1454"},"modified":"2019-04-26T07:49:21","modified_gmt":"2019-04-26T07:49:21","slug":"capsules-de-cafe-bio-du-honduras-biodegradables-compatible-nespresso-x10","status":"publish","type":"product","link":"https:\/\/www.sovedis.pro\/index.php\/produit\/capsules-de-cafe-bio-du-honduras-biodegradables-compatible-nespresso-x10\/","title":{"rendered":"Capsules de caf\u00e9 bio du HONDURAS biod\u00e9gradables compatible Nespresso\u00ae X10"},"content":{"rendered":"<p>MOKA, qui signifie &#8220;Meilleures Origines Kaf\u00e9 Arabica&#8221; a pour ambition de proposer des capsules compatibles Nespresso de grande qualit\u00e9. Ces capsules renferment un caf\u00e9 fraichement moulu et encapsul\u00e9. Les grains de caf\u00e9 cultiv\u00e9s dans de Grands Domaines sont s\u00e9lectionn\u00e9s et r\u00e9colt\u00e9s \u00e0 la main. Les fruits sont ensuite expos\u00e9s au soleil \u00e0 l&#8217;air libre, puis cuits, torr\u00e9fi\u00e9s et assembl\u00e9s par des experts, selon des m\u00e9thodes artisanales permettant de conserver la fra\u00eecheur et le bon go\u00fbt du caf\u00e9, avant d&#8217;\u00eatre finalement moulus. Chaque capsule contient 5,5 g de caf\u00e9 Compatible Nespresso Poids net: 55g<\/p>\n<p>Ces capsules sont v\u00e9g\u00e9tales, elles sont compos\u00e9es en amidon de ma\u00efs et sont 100 % compostables \/ biod\u00e9gradables en 3 mois. Aucune pr\u00e9sence d&#8217;aluminium, ni OGM. Ces capsules ont obtenus de nombreuses certifications gr\u00e2ce \u00e0 leur respect environnemental et social.<\/p>\n<p>Tous leurs caf\u00e9s sont certifi\u00e9s AB, ils sont \u00e9galement certifi\u00e9s UTZ (norme environnementale d&#8217;exploitation et commerce durable). Les emballages sont tous certifi\u00e9s Ok Compost, que ce soit l&#8217;emballage fraicheur des capsules que la bo\u00eete.<\/p>\n<p>Conditionnement : <strong>bo\u00eete de 10 capsules<\/strong>.<\/p>\n<p>Compatible<strong> NESPRESSO<sup>\u00ae<\/sup> &#8211; MOKA &#8211; SOVEDIS<\/strong><\/p>\n<p>Certifi\u00e9 AB; certifi\u00e9 UTZ. 0% OGM ET 0% ALLUMINIUM<\/p>\n","protected":false},"excerpt":{"rendered":"<p>Ce caf\u00e9 unique en provenance du HONDURAS, c&#8217;est un 100% arabica bio. il se caract\u00e9rise par une douceur tr\u00e8s agr\u00e9able et particuli\u00e8re constitu\u00e9e d&#8217;un corps sirupeux fin en bouche. il pr\u00e9sente une acidit\u00e9 inint\u00e9ressante coupl\u00e9e \u00e0 des notes fruit\u00e9es.<\/p>\n<p>Conditionnement : <strong>bo\u00eete de 10 capsules<\/strong>.<\/p>\n<p>Compatible<strong> NESPRESSO<sup>\u00ae<\/sup> &#8211; MOKA &#8211; SOVEDIS<\/strong><\/p>\n<p>Certifi\u00e9 AB; certifi\u00e9 UTZ. 0% OGM ET 0% ALLUMINIUM<\/p>\n","protected":false},"featured_media":1458,"comment_status":"closed","ping_status":"closed","template":"","meta":{"_et_pb_use_builder":"","_et_pb_old_content":"","_et_gb_content_width":""},"product_cat":[83],"product_tag":[82],"class_list":["post-1454","product","type-product","status-publish","has-post-thumbnail","hentry","product_cat-capsules-gamme-moka","product_tag-capsules-biodegradables-de-cafe-bio","product_shipping_class-cl-fr"],"_links":{"self":[{"href":"https:\/\/www.sovedis.pro\/index.php\/wp-json\/wp\/v2\/product\/1454","targetHints":{"allow":["GET"]}}],"collection":[{"href":"https:\/\/www.sovedis.pro\/index.php\/wp-json\/wp\/v2\/product"}],"about":[{"href":"https:\/\/www.sovedis.pro\/index.php\/wp-json\/wp\/v2\/types\/product"}],"replies":[{"embeddable":true,"href":"https:\/\/www.sovedis.pro\/index.php\/wp-json\/wp\/v2\/comments?post=1454"}],"wp:featuredmedia":[{"embeddable":true,"href":"https:\/\/www.sovedis.pro\/index.php\/wp-json\/wp\/v2\/media\/1458"}],"wp:attachment":[{"href":"https:\/\/www.sovedis.pro\/index.php\/wp-json\/wp\/v2\/media?parent=1454"}],"wp:term":[{"taxonomy":"product_cat","embeddable":true,"href":"https:\/\/www.sovedis.pro\/index.php\/wp-json\/wp\/v2\/product_cat?post=1454"},{"taxonomy":"product_tag","embeddable":true,"href":"https:\/\/www.sovedis.pro\/index.php\/wp-json\/wp\/v2\/product_tag?post=1454"}],"curies":[{"name":"wp","href":"https:\/\/api.w.org\/{rel}","templated":true}]}}