{"id":1465,"date":"2019-04-26T09:05:36","date_gmt":"2019-04-26T09:05:36","guid":{"rendered":"https:\/\/www.sovedis.com\/?post_type=product&amp;p=1465"},"modified":"2019-04-26T09:05:36","modified_gmt":"2019-04-26T09:05:36","slug":"capsules-de-cafe-bio-dethiopie-biodegradables-compatible-nespresso-x10","status":"publish","type":"product","link":"https:\/\/www.sovedis.pro\/index.php\/produit\/capsules-de-cafe-bio-dethiopie-biodegradables-compatible-nespresso-x10\/","title":{"rendered":"Capsules de caf\u00e9 bio d&#8217;ETHIOPIE biod\u00e9gradables compatible Nespresso\u00ae X10"},"content":{"rendered":"<p>Ces capsules sont v\u00e9g\u00e9tales, elles sont compos\u00e9es en amidon de ma\u00efs biosourc\u00e9 et sont 100 % compostables \/ biod\u00e9gradables en 3 mois. Aucune pr\u00e9sence d&#8217;aluminium, ni OGM. Ces capsules ont obtenus de nombreuses certifications gr\u00e2ce \u00e0 leur respect environnemental et social.<\/p>\n<p>Tous leurs caf\u00e9s sont certifi\u00e9s AB, ils sont \u00e9galement certifi\u00e9s UTZ (norme environnementale d&#8217;exploitation et commerce durable). Les emballages sont tous certifi\u00e9s Ok Compost, que ce soit l&#8217;emballage fraicheur des capsules que la bo\u00eete.<\/p>\n<p>MOKA, qui signifie &#8220;Meilleures Origines Kaf\u00e9 Arabica&#8221; a pour ambition de proposer des capsules compatibles Nespresso<sup>\u00ae<\/sup> de grande qualit\u00e9. Ces capsules renferment un caf\u00e9 fraichement moulu et encapsul\u00e9. Les grains de caf\u00e9 cultiv\u00e9s dans de Grands Domaines sont s\u00e9lectionn\u00e9s et r\u00e9colt\u00e9s \u00e0 la main. Les fruits sont ensuite expos\u00e9s au soleil \u00e0 l&#8217;air libre, puis cuits, torr\u00e9fi\u00e9s et assembl\u00e9s par des experts, selon des m\u00e9thodes artisanales permettant de conserver la fra\u00eecheur et le bon go\u00fbt du caf\u00e9, avant d&#8217;\u00eatre finalement moulus.<\/p>\n<p>Conditionnement : bo\u00eete de 10 capsules.<br \/>\nChaque capsule contient 5,5 g de caf\u00e9 Compatible Nespresso<sup>\u00ae<\/sup><br \/>\nPoids net: 55g<\/p>\n<p>Certifi\u00e9 AB; certifi\u00e9 UTZ. 0% OGM ET 0% ALLUMINIUM<\/p>\n","protected":false},"excerpt":{"rendered":"<p>Ce caf\u00e9 doux aux notes florales est compos\u00e9 d&#8217;un 100 % Arabica bio d&#8217;Ethiopie. Retrouvez au nez des notes de jasmin et en bouche une belle attaque fruit\u00e9e puis une fin de bouche persistante aux ar\u00f4mes complexes.<\/p>\n<p>Conditionnement : <strong>bo\u00eete de 10 capsules<\/strong>.<\/p>\n<p>Compatible<strong> NESPRESSO<sup>\u00ae<\/sup> &#8211; MOKA &#8211; SOVEDIS<\/strong><\/p>\n","protected":false},"featured_media":1466,"comment_status":"closed","ping_status":"closed","template":"","meta":{"_et_pb_use_builder":"","_et_pb_old_content":"","_et_gb_content_width":""},"product_cat":[83],"product_tag":[82],"class_list":["post-1465","product","type-product","status-publish","has-post-thumbnail","hentry","product_cat-capsules-gamme-moka","product_tag-capsules-biodegradables-de-cafe-bio","product_shipping_class-cl-fr"],"_links":{"self":[{"href":"https:\/\/www.sovedis.pro\/index.php\/wp-json\/wp\/v2\/product\/1465","targetHints":{"allow":["GET"]}}],"collection":[{"href":"https:\/\/www.sovedis.pro\/index.php\/wp-json\/wp\/v2\/product"}],"about":[{"href":"https:\/\/www.sovedis.pro\/index.php\/wp-json\/wp\/v2\/types\/product"}],"replies":[{"embeddable":true,"href":"https:\/\/www.sovedis.pro\/index.php\/wp-json\/wp\/v2\/comments?post=1465"}],"wp:featuredmedia":[{"embeddable":true,"href":"https:\/\/www.sovedis.pro\/index.php\/wp-json\/wp\/v2\/media\/1466"}],"wp:attachment":[{"href":"https:\/\/www.sovedis.pro\/index.php\/wp-json\/wp\/v2\/media?parent=1465"}],"wp:term":[{"taxonomy":"product_cat","embeddable":true,"href":"https:\/\/www.sovedis.pro\/index.php\/wp-json\/wp\/v2\/product_cat?post=1465"},{"taxonomy":"product_tag","embeddable":true,"href":"https:\/\/www.sovedis.pro\/index.php\/wp-json\/wp\/v2\/product_tag?post=1465"}],"curies":[{"name":"wp","href":"https:\/\/api.w.org\/{rel}","templated":true}]}}